{"id":907,"date":"2022-10-23T14:37:00","date_gmt":"2022-10-23T12:37:00","guid":{"rendered":"https:\/\/praxis-hochdoerffer.de\/praxis\/?page_id=907"},"modified":"2022-10-23T14:37:01","modified_gmt":"2022-10-23T12:37:01","slug":"punktionen","status":"publish","type":"page","link":"https:\/\/praxis-hochdoerffer.de\/praxis\/leistungen\/punktionen\/","title":{"rendered":"Punktionen"},"content":{"rendered":"\n<p><strong>Bei unklaren Befunden in der Bildgebung ist es manchmal erforderlich, dass weiter abkl\u00e4rend Gewebe bzw. Zellen zur weiteren Untersuchung aus der entsprechenden auff\u00e4lligen Ver\u00e4nderung entnommen werden.<\/strong><\/p>\n\n\n\n<p><strong>Neben einer CT gesteuerten Punktion ist es auch sonographisch m\u00f6glich, eine gesteuerte Gewebsentnahme vorzunehmen.<\/strong><\/p>\n\n\n\n<p><strong>In der Praxis Hochd\u00f6rffer erfolgt eine Gewebsentnahme unter sonographischer Kontrolle mit kleinen atraumatischen Aspirationsnadeln (Chiba-Nadeln, ca 20 -22 G entsprechen dabei 0,8-0,9 mm). Das entnommene Material wird dann zytologisch weiter untersucht (Materialversandt zu Praxis Dr. Topalidis nach Hannover). Dies ist prinzipiell aus allen sonographisch sichtbaren Ver\u00e4nderungen m\u00f6glich und muss individuell beurteilt werden.&nbsp;<\/strong><\/p>\n\n\n\n<p><strong>Komplikationen wie Blutungen, Infektionen sowie Organfehlpunktionen sind selten.<\/strong><\/p>\n\n\n\n<p><strong>Ein zumindest vorl\u00e4ufiges Ergebnis ist binnen 72 h bis 4 Tagen zu erwarten.<\/strong><\/p>\n\n\n\n<p>Link: \u00a0<a href=\"https:\/\/cyto.de\/\" rel=\"nofollow\">https:\/\/cyto.de\/<\/a><\/p>\n\n\n<style>.singular .entry-header {background-image: url(\"https:\/\/assets.praxis-hochdoerffer.de\/dev\/itools\/webp.php?i=https%3A%2F%2Fpraxis-hochdoerffer.de%2Fpraxis%2Fwp-content%2Fuploads%2F2022%2F10%2FChiba-Nadeln.jpg&amp;jpeg=1#\") !important;\/*IMG URL*\/}<\/style>\n\n\n\n<style>.singular .entry-header {background-size: inherit !important;}<\/style>\n","protected":false},"excerpt":{"rendered":"<p>Bei unklaren Befunden in der Bildgebung ist es manchmal erforderlich, dass weiter abkl\u00e4rend Gewebe bzw. Zellen zur weiteren Untersuchung aus der entsprechenden auff\u00e4lligen Ver\u00e4nderung entnommen werden. Neben einer CT gesteuerten Punktion ist es auch sonographisch m\u00f6glich, eine gesteuerte Gewebsentnahme vorzunehmen. In der Praxis Hochd\u00f6rffer erfolgt eine Gewebsentnahme unter sonographischer Kontrolle mit kleinen atraumatischen Aspirationsnadeln (Chiba-Nadeln, [&hellip;]<\/p>\n","protected":false},"author":2,"featured_media":0,"parent":59,"menu_order":0,"comment_status":"closed","ping_status":"closed","template":"templates\/template-full-width.php","meta":{"inline_featured_image":false,"footnotes":""},"class_list":["post-907","page","type-page","status-publish","hentry"],"yoast_head":"<!-- This site is optimized with the Yoast SEO plugin v27.4 - https:\/\/yoast.com\/product\/yoast-seo-wordpress\/ -->\n<title>Punktionen &#183; Praxis Hochd\u00f6rffer<\/title>\n<meta name=\"robots\" content=\"index, follow, max-snippet:-1, max-image-preview:large, max-video-preview:-1\" \/>\n<link rel=\"canonical\" href=\"https:\/\/praxis-hochdoerffer.de\/praxis\/leistungen\/punktionen\/\" \/>\n<meta property=\"og:locale\" content=\"de_DE\" \/>\n<meta property=\"og:type\" content=\"article\" \/>\n<meta property=\"og:title\" content=\"Punktionen &#183; Praxis Hochd\u00f6rffer\" \/>\n<meta property=\"og:description\" content=\"Bei unklaren Befunden in der Bildgebung ist es manchmal erforderlich, dass weiter abkl\u00e4rend Gewebe bzw. Zellen zur weiteren Untersuchung aus der entsprechenden auff\u00e4lligen Ver\u00e4nderung entnommen werden. Neben einer CT gesteuerten Punktion ist es auch sonographisch m\u00f6glich, eine gesteuerte Gewebsentnahme vorzunehmen. In der Praxis Hochd\u00f6rffer erfolgt eine Gewebsentnahme unter sonographischer Kontrolle mit kleinen atraumatischen Aspirationsnadeln (Chiba-Nadeln, [&hellip;]\" \/>\n<meta property=\"og:url\" content=\"https:\/\/praxis-hochdoerffer.de\/praxis\/leistungen\/punktionen\/\" \/>\n<meta property=\"og:site_name\" content=\"Praxis Hochd\u00f6rffer\" \/>\n<meta property=\"article:modified_time\" content=\"2022-10-23T12:37:01+00:00\" \/>\n<meta property=\"og:image\" content=\"https:\/\/praxis-hochdoerffer.de\/praxis\/wp-content\/uploads\/2021\/06\/cropped-iconh.png\" \/>\n\t<meta property=\"og:image:width\" content=\"512\" \/>\n\t<meta property=\"og:image:height\" content=\"512\" \/>\n\t<meta property=\"og:image:type\" content=\"image\/png\" \/>\n<meta name=\"twitter:card\" content=\"summary_large_image\" \/>\n<meta name=\"twitter:label1\" content=\"Gesch\u00e4tzte Lesezeit\" \/>\n\t<meta name=\"twitter:data1\" content=\"1\u00a0Minute\" \/>\n<script type=\"application\/ld+json\" class=\"yoast-schema-graph\">{\"@context\":\"https:\\\/\\\/schema.org\",\"@graph\":[{\"@type\":\"WebPage\",\"@id\":\"https:\\\/\\\/praxis-hochdoerffer.de\\\/praxis\\\/leistungen\\\/punktionen\\\/\",\"url\":\"https:\\\/\\\/praxis-hochdoerffer.de\\\/praxis\\\/leistungen\\\/punktionen\\\/\",\"name\":\"Punktionen &#183; Praxis Hochd\u00f6rffer\",\"isPartOf\":{\"@id\":\"https:\\\/\\\/praxis-hochdoerffer.de\\\/praxis\\\/#website\"},\"datePublished\":\"2022-10-23T12:37:00+00:00\",\"dateModified\":\"2022-10-23T12:37:01+00:00\",\"breadcrumb\":{\"@id\":\"https:\\\/\\\/praxis-hochdoerffer.de\\\/praxis\\\/leistungen\\\/punktionen\\\/#breadcrumb\"},\"inLanguage\":\"de\",\"potentialAction\":[{\"@type\":\"ReadAction\",\"target\":[\"https:\\\/\\\/praxis-hochdoerffer.de\\\/praxis\\\/leistungen\\\/punktionen\\\/\"]}]},{\"@type\":\"BreadcrumbList\",\"@id\":\"https:\\\/\\\/praxis-hochdoerffer.de\\\/praxis\\\/leistungen\\\/punktionen\\\/#breadcrumb\",\"itemListElement\":[{\"@type\":\"ListItem\",\"position\":1,\"name\":\"Startseite\",\"item\":\"https:\\\/\\\/praxis-hochdoerffer.de\\\/praxis\\\/\"},{\"@type\":\"ListItem\",\"position\":2,\"name\":\"Leistungen\",\"item\":\"https:\\\/\\\/praxis-hochdoerffer.de\\\/praxis\\\/leistungen\\\/\"},{\"@type\":\"ListItem\",\"position\":3,\"name\":\"Punktionen\"}]},{\"@type\":\"WebSite\",\"@id\":\"https:\\\/\\\/praxis-hochdoerffer.de\\\/praxis\\\/#website\",\"url\":\"https:\\\/\\\/praxis-hochdoerffer.de\\\/praxis\\\/\",\"name\":\"Praxis Hochd\u00f6rffer\",\"description\":\"Haus\u00e4rztlich internistische Praxis Hochd\u00f6rffer\",\"publisher\":{\"@id\":\"https:\\\/\\\/praxis-hochdoerffer.de\\\/praxis\\\/#organization\"},\"potentialAction\":[{\"@type\":\"SearchAction\",\"target\":{\"@type\":\"EntryPoint\",\"urlTemplate\":\"https:\\\/\\\/praxis-hochdoerffer.de\\\/praxis\\\/?s={search_term_string}\"},\"query-input\":{\"@type\":\"PropertyValueSpecification\",\"valueRequired\":true,\"valueName\":\"search_term_string\"}}],\"inLanguage\":\"de\"},{\"@type\":\"Organization\",\"@id\":\"https:\\\/\\\/praxis-hochdoerffer.de\\\/praxis\\\/#organization\",\"name\":\"Praxis Hochd\u00f6rffer\",\"url\":\"https:\\\/\\\/praxis-hochdoerffer.de\\\/praxis\\\/\",\"logo\":{\"@type\":\"ImageObject\",\"inLanguage\":\"de\",\"@id\":\"https:\\\/\\\/praxis-hochdoerffer.de\\\/praxis\\\/#\\\/schema\\\/logo\\\/image\\\/\",\"url\":\"https:\\\/\\\/praxis-hochdoerffer.de\\\/praxis\\\/wp-content\\\/uploads\\\/2021\\\/06\\\/cropped-iconh.png\",\"contentUrl\":\"https:\\\/\\\/praxis-hochdoerffer.de\\\/praxis\\\/wp-content\\\/uploads\\\/2021\\\/06\\\/cropped-iconh.png\",\"width\":512,\"height\":512,\"caption\":\"Praxis Hochd\u00f6rffer\"},\"image\":{\"@id\":\"https:\\\/\\\/praxis-hochdoerffer.de\\\/praxis\\\/#\\\/schema\\\/logo\\\/image\\\/\"}}]}<\/script>\n<!-- \/ Yoast SEO plugin. -->","yoast_head_json":{"title":"Punktionen &#183; Praxis Hochd\u00f6rffer","robots":{"index":"index","follow":"follow","max-snippet":"max-snippet:-1","max-image-preview":"max-image-preview:large","max-video-preview":"max-video-preview:-1"},"canonical":"https:\/\/praxis-hochdoerffer.de\/praxis\/leistungen\/punktionen\/","og_locale":"de_DE","og_type":"article","og_title":"Punktionen &#183; Praxis Hochd\u00f6rffer","og_description":"Bei unklaren Befunden in der Bildgebung ist es manchmal erforderlich, dass weiter abkl\u00e4rend Gewebe bzw. Zellen zur weiteren Untersuchung aus der entsprechenden auff\u00e4lligen Ver\u00e4nderung entnommen werden. Neben einer CT gesteuerten Punktion ist es auch sonographisch m\u00f6glich, eine gesteuerte Gewebsentnahme vorzunehmen. In der Praxis Hochd\u00f6rffer erfolgt eine Gewebsentnahme unter sonographischer Kontrolle mit kleinen atraumatischen Aspirationsnadeln (Chiba-Nadeln, [&hellip;]","og_url":"https:\/\/praxis-hochdoerffer.de\/praxis\/leistungen\/punktionen\/","og_site_name":"Praxis Hochd\u00f6rffer","article_modified_time":"2022-10-23T12:37:01+00:00","og_image":[{"width":512,"height":512,"url":"https:\/\/praxis-hochdoerffer.de\/praxis\/wp-content\/uploads\/2021\/06\/cropped-iconh.png","type":"image\/png"}],"twitter_card":"summary_large_image","twitter_misc":{"Gesch\u00e4tzte Lesezeit":"1\u00a0Minute"},"schema":{"@context":"https:\/\/schema.org","@graph":[{"@type":"WebPage","@id":"https:\/\/praxis-hochdoerffer.de\/praxis\/leistungen\/punktionen\/","url":"https:\/\/praxis-hochdoerffer.de\/praxis\/leistungen\/punktionen\/","name":"Punktionen &#183; Praxis Hochd\u00f6rffer","isPartOf":{"@id":"https:\/\/praxis-hochdoerffer.de\/praxis\/#website"},"datePublished":"2022-10-23T12:37:00+00:00","dateModified":"2022-10-23T12:37:01+00:00","breadcrumb":{"@id":"https:\/\/praxis-hochdoerffer.de\/praxis\/leistungen\/punktionen\/#breadcrumb"},"inLanguage":"de","potentialAction":[{"@type":"ReadAction","target":["https:\/\/praxis-hochdoerffer.de\/praxis\/leistungen\/punktionen\/"]}]},{"@type":"BreadcrumbList","@id":"https:\/\/praxis-hochdoerffer.de\/praxis\/leistungen\/punktionen\/#breadcrumb","itemListElement":[{"@type":"ListItem","position":1,"name":"Startseite","item":"https:\/\/praxis-hochdoerffer.de\/praxis\/"},{"@type":"ListItem","position":2,"name":"Leistungen","item":"https:\/\/praxis-hochdoerffer.de\/praxis\/leistungen\/"},{"@type":"ListItem","position":3,"name":"Punktionen"}]},{"@type":"WebSite","@id":"https:\/\/praxis-hochdoerffer.de\/praxis\/#website","url":"https:\/\/praxis-hochdoerffer.de\/praxis\/","name":"Praxis Hochd\u00f6rffer","description":"Haus\u00e4rztlich internistische Praxis Hochd\u00f6rffer","publisher":{"@id":"https:\/\/praxis-hochdoerffer.de\/praxis\/#organization"},"potentialAction":[{"@type":"SearchAction","target":{"@type":"EntryPoint","urlTemplate":"https:\/\/praxis-hochdoerffer.de\/praxis\/?s={search_term_string}"},"query-input":{"@type":"PropertyValueSpecification","valueRequired":true,"valueName":"search_term_string"}}],"inLanguage":"de"},{"@type":"Organization","@id":"https:\/\/praxis-hochdoerffer.de\/praxis\/#organization","name":"Praxis Hochd\u00f6rffer","url":"https:\/\/praxis-hochdoerffer.de\/praxis\/","logo":{"@type":"ImageObject","inLanguage":"de","@id":"https:\/\/praxis-hochdoerffer.de\/praxis\/#\/schema\/logo\/image\/","url":"https:\/\/praxis-hochdoerffer.de\/praxis\/wp-content\/uploads\/2021\/06\/cropped-iconh.png","contentUrl":"https:\/\/praxis-hochdoerffer.de\/praxis\/wp-content\/uploads\/2021\/06\/cropped-iconh.png","width":512,"height":512,"caption":"Praxis Hochd\u00f6rffer"},"image":{"@id":"https:\/\/praxis-hochdoerffer.de\/praxis\/#\/schema\/logo\/image\/"}}]}},"_links":{"self":[{"href":"https:\/\/praxis-hochdoerffer.de\/praxis\/wp-json\/wp\/v2\/pages\/907","targetHints":{"allow":["GET"]}}],"collection":[{"href":"https:\/\/praxis-hochdoerffer.de\/praxis\/wp-json\/wp\/v2\/pages"}],"about":[{"href":"https:\/\/praxis-hochdoerffer.de\/praxis\/wp-json\/wp\/v2\/types\/page"}],"author":[{"embeddable":true,"href":"https:\/\/praxis-hochdoerffer.de\/praxis\/wp-json\/wp\/v2\/users\/2"}],"replies":[{"embeddable":true,"href":"https:\/\/praxis-hochdoerffer.de\/praxis\/wp-json\/wp\/v2\/comments?post=907"}],"version-history":[{"count":4,"href":"https:\/\/praxis-hochdoerffer.de\/praxis\/wp-json\/wp\/v2\/pages\/907\/revisions"}],"predecessor-version":[{"id":912,"href":"https:\/\/praxis-hochdoerffer.de\/praxis\/wp-json\/wp\/v2\/pages\/907\/revisions\/912"}],"up":[{"embeddable":true,"href":"https:\/\/praxis-hochdoerffer.de\/praxis\/wp-json\/wp\/v2\/pages\/59"}],"wp:attachment":[{"href":"https:\/\/praxis-hochdoerffer.de\/praxis\/wp-json\/wp\/v2\/media?parent=907"}],"curies":[{"name":"wp","href":"https:\/\/api.w.org\/{rel}","templated":true}]}}