{"id":896,"date":"2022-10-23T14:26:57","date_gmt":"2022-10-23T12:26:57","guid":{"rendered":"https:\/\/praxis-hochdoerffer.de\/praxis\/?page_id=896"},"modified":"2022-10-23T14:26:57","modified_gmt":"2022-10-23T12:26:57","slug":"kontrastmittelsonographie-ceus","status":"publish","type":"page","link":"https:\/\/praxis-hochdoerffer.de\/praxis\/leistungen\/kontrastmittelsonographie-ceus\/","title":{"rendered":"Kontrastmittelsonographie (CEUS)"},"content":{"rendered":"\n<p><strong>Mit modernen hochaufl\u00f6senden Ultraschallger\u00e4ten hat der erfahrene Untersucher heutzutage ein ausgezeichnetes diagnostisches Tool zur Verf\u00fcgung. Allerdings gibt es Fragestellungen (z. B. Abkl\u00e4rung einer Raumforderung in der Leber), deren weiteren Abkl\u00e4rung eine kontrastmittelgest\u00fctzte Darstellung erfordern.<\/strong><\/p>\n\n\n\n<p><strong>Neben der Computertomographie sowie der Kernspintomographie besteht durch Verwendung eines speziellen Ultraschallkontrastmittels (Sonovue von Bracco) die M\u00f6glichkeit, unmittelbar die Verdachtsdiagnose einer b\u00f6sartigen Erkrankung zu best\u00e4tigen oder auszuschlie\u00dfen.<\/strong><\/p>\n\n\n\n<p><strong>Die Kontrastmittelsonographie weist bei erfahrenen Untersuchen gegen\u00fcber der kontrastmittelgest\u00fctzten Computertomographie eine gleichwertige Aussagekraft auf. <u>In weiterhin unklar bestehenden F\u00e4llen erg\u00e4nzen sich die unterschiedlichen Methoden sinnvoll.<\/u><\/strong><\/p>\n\n\n\n<p><strong>W\u00e4hrend die CT und MRT Untersuchung Bilder erzeugen, wird durch die Kontrastmittelsonographie in \u201ereal time\u201c ein Film hinsichtlich des Anflutens und der weiteren Verteilung des injizierten Kontrastmittels generiert. <\/strong><strong>Das Ultraschallkontrastmittel unterscheidet sich komplett in seiner Zusammensetzung bei CT und MRT verwendeten Kontrastmitteln. Das Ultraschallkontrastmittel wird demgegen\u00fcber NICHT \u00fcber die Niere oder Leber verstoffwechselt, sondern abgeatmet.<\/strong><\/p>\n\n\n\n<style>h1.entry-title{color: #ffffff;font-size: 7.3rem !important;}<\/style>\n\n\n<style>.singular .entry-header {background-image: url(\"https:\/\/assets.praxis-hochdoerffer.de\/dev\/itools\/webp.php?i=https%3A%2F%2Fpraxis-hochdoerffer.de%2Fpraxis%2Fwp-content%2Fuploads%2F2022%2F10%2FKM-Sono.jpg&amp;jpeg=1#\") !important;\/*IMG URL*\/}<\/style>\n","protected":false},"excerpt":{"rendered":"<p>Mit modernen hochaufl\u00f6senden Ultraschallger\u00e4ten hat der erfahrene Untersucher heutzutage ein ausgezeichnetes diagnostisches Tool zur Verf\u00fcgung. Allerdings gibt es Fragestellungen (z. B. Abkl\u00e4rung einer Raumforderung in der Leber), deren weiteren Abkl\u00e4rung eine kontrastmittelgest\u00fctzte Darstellung erfordern. Neben der Computertomographie sowie der Kernspintomographie besteht durch Verwendung eines speziellen Ultraschallkontrastmittels (Sonovue von Bracco) die M\u00f6glichkeit, unmittelbar die Verdachtsdiagnose einer [&hellip;]<\/p>\n","protected":false},"author":2,"featured_media":0,"parent":59,"menu_order":0,"comment_status":"closed","ping_status":"closed","template":"templates\/template-full-width.php","meta":{"inline_featured_image":false,"footnotes":""},"class_list":["post-896","page","type-page","status-publish","hentry"],"yoast_head":"<!-- This site is optimized with the Yoast SEO plugin v27.4 - https:\/\/yoast.com\/product\/yoast-seo-wordpress\/ -->\n<title>Kontrastmittelsonographie (CEUS) &#183; Praxis Hochd\u00f6rffer<\/title>\n<meta name=\"robots\" content=\"index, follow, max-snippet:-1, max-image-preview:large, max-video-preview:-1\" \/>\n<link rel=\"canonical\" href=\"https:\/\/praxis-hochdoerffer.de\/praxis\/leistungen\/kontrastmittelsonographie-ceus\/\" \/>\n<meta property=\"og:locale\" content=\"de_DE\" \/>\n<meta property=\"og:type\" content=\"article\" \/>\n<meta property=\"og:title\" content=\"Kontrastmittelsonographie (CEUS) &#183; Praxis Hochd\u00f6rffer\" \/>\n<meta property=\"og:description\" content=\"Mit modernen hochaufl\u00f6senden Ultraschallger\u00e4ten hat der erfahrene Untersucher heutzutage ein ausgezeichnetes diagnostisches Tool zur Verf\u00fcgung. Allerdings gibt es Fragestellungen (z. B. Abkl\u00e4rung einer Raumforderung in der Leber), deren weiteren Abkl\u00e4rung eine kontrastmittelgest\u00fctzte Darstellung erfordern. Neben der Computertomographie sowie der Kernspintomographie besteht durch Verwendung eines speziellen Ultraschallkontrastmittels (Sonovue von Bracco) die M\u00f6glichkeit, unmittelbar die Verdachtsdiagnose einer [&hellip;]\" \/>\n<meta property=\"og:url\" content=\"https:\/\/praxis-hochdoerffer.de\/praxis\/leistungen\/kontrastmittelsonographie-ceus\/\" \/>\n<meta property=\"og:site_name\" content=\"Praxis Hochd\u00f6rffer\" \/>\n<meta property=\"og:image\" content=\"https:\/\/praxis-hochdoerffer.de\/praxis\/wp-content\/uploads\/2021\/06\/cropped-iconh.png\" \/>\n\t<meta property=\"og:image:width\" content=\"512\" \/>\n\t<meta property=\"og:image:height\" content=\"512\" \/>\n\t<meta property=\"og:image:type\" content=\"image\/png\" \/>\n<meta name=\"twitter:card\" content=\"summary_large_image\" \/>\n<meta name=\"twitter:label1\" content=\"Gesch\u00e4tzte Lesezeit\" \/>\n\t<meta name=\"twitter:data1\" content=\"1\u00a0Minute\" \/>\n<script type=\"application\/ld+json\" class=\"yoast-schema-graph\">{\"@context\":\"https:\\\/\\\/schema.org\",\"@graph\":[{\"@type\":\"WebPage\",\"@id\":\"https:\\\/\\\/praxis-hochdoerffer.de\\\/praxis\\\/leistungen\\\/kontrastmittelsonographie-ceus\\\/\",\"url\":\"https:\\\/\\\/praxis-hochdoerffer.de\\\/praxis\\\/leistungen\\\/kontrastmittelsonographie-ceus\\\/\",\"name\":\"Kontrastmittelsonographie (CEUS) &#183; Praxis Hochd\u00f6rffer\",\"isPartOf\":{\"@id\":\"https:\\\/\\\/praxis-hochdoerffer.de\\\/praxis\\\/#website\"},\"datePublished\":\"2022-10-23T12:26:57+00:00\",\"breadcrumb\":{\"@id\":\"https:\\\/\\\/praxis-hochdoerffer.de\\\/praxis\\\/leistungen\\\/kontrastmittelsonographie-ceus\\\/#breadcrumb\"},\"inLanguage\":\"de\",\"potentialAction\":[{\"@type\":\"ReadAction\",\"target\":[\"https:\\\/\\\/praxis-hochdoerffer.de\\\/praxis\\\/leistungen\\\/kontrastmittelsonographie-ceus\\\/\"]}]},{\"@type\":\"BreadcrumbList\",\"@id\":\"https:\\\/\\\/praxis-hochdoerffer.de\\\/praxis\\\/leistungen\\\/kontrastmittelsonographie-ceus\\\/#breadcrumb\",\"itemListElement\":[{\"@type\":\"ListItem\",\"position\":1,\"name\":\"Startseite\",\"item\":\"https:\\\/\\\/praxis-hochdoerffer.de\\\/praxis\\\/\"},{\"@type\":\"ListItem\",\"position\":2,\"name\":\"Leistungen\",\"item\":\"https:\\\/\\\/praxis-hochdoerffer.de\\\/praxis\\\/leistungen\\\/\"},{\"@type\":\"ListItem\",\"position\":3,\"name\":\"Kontrastmittelsonographie (CEUS)\"}]},{\"@type\":\"WebSite\",\"@id\":\"https:\\\/\\\/praxis-hochdoerffer.de\\\/praxis\\\/#website\",\"url\":\"https:\\\/\\\/praxis-hochdoerffer.de\\\/praxis\\\/\",\"name\":\"Praxis Hochd\u00f6rffer\",\"description\":\"Haus\u00e4rztlich internistische Praxis Hochd\u00f6rffer\",\"publisher\":{\"@id\":\"https:\\\/\\\/praxis-hochdoerffer.de\\\/praxis\\\/#organization\"},\"potentialAction\":[{\"@type\":\"SearchAction\",\"target\":{\"@type\":\"EntryPoint\",\"urlTemplate\":\"https:\\\/\\\/praxis-hochdoerffer.de\\\/praxis\\\/?s={search_term_string}\"},\"query-input\":{\"@type\":\"PropertyValueSpecification\",\"valueRequired\":true,\"valueName\":\"search_term_string\"}}],\"inLanguage\":\"de\"},{\"@type\":\"Organization\",\"@id\":\"https:\\\/\\\/praxis-hochdoerffer.de\\\/praxis\\\/#organization\",\"name\":\"Praxis Hochd\u00f6rffer\",\"url\":\"https:\\\/\\\/praxis-hochdoerffer.de\\\/praxis\\\/\",\"logo\":{\"@type\":\"ImageObject\",\"inLanguage\":\"de\",\"@id\":\"https:\\\/\\\/praxis-hochdoerffer.de\\\/praxis\\\/#\\\/schema\\\/logo\\\/image\\\/\",\"url\":\"https:\\\/\\\/praxis-hochdoerffer.de\\\/praxis\\\/wp-content\\\/uploads\\\/2021\\\/06\\\/cropped-iconh.png\",\"contentUrl\":\"https:\\\/\\\/praxis-hochdoerffer.de\\\/praxis\\\/wp-content\\\/uploads\\\/2021\\\/06\\\/cropped-iconh.png\",\"width\":512,\"height\":512,\"caption\":\"Praxis Hochd\u00f6rffer\"},\"image\":{\"@id\":\"https:\\\/\\\/praxis-hochdoerffer.de\\\/praxis\\\/#\\\/schema\\\/logo\\\/image\\\/\"}}]}<\/script>\n<!-- \/ Yoast SEO plugin. -->","yoast_head_json":{"title":"Kontrastmittelsonographie (CEUS) &#183; Praxis Hochd\u00f6rffer","robots":{"index":"index","follow":"follow","max-snippet":"max-snippet:-1","max-image-preview":"max-image-preview:large","max-video-preview":"max-video-preview:-1"},"canonical":"https:\/\/praxis-hochdoerffer.de\/praxis\/leistungen\/kontrastmittelsonographie-ceus\/","og_locale":"de_DE","og_type":"article","og_title":"Kontrastmittelsonographie (CEUS) &#183; Praxis Hochd\u00f6rffer","og_description":"Mit modernen hochaufl\u00f6senden Ultraschallger\u00e4ten hat der erfahrene Untersucher heutzutage ein ausgezeichnetes diagnostisches Tool zur Verf\u00fcgung. Allerdings gibt es Fragestellungen (z. B. Abkl\u00e4rung einer Raumforderung in der Leber), deren weiteren Abkl\u00e4rung eine kontrastmittelgest\u00fctzte Darstellung erfordern. Neben der Computertomographie sowie der Kernspintomographie besteht durch Verwendung eines speziellen Ultraschallkontrastmittels (Sonovue von Bracco) die M\u00f6glichkeit, unmittelbar die Verdachtsdiagnose einer [&hellip;]","og_url":"https:\/\/praxis-hochdoerffer.de\/praxis\/leistungen\/kontrastmittelsonographie-ceus\/","og_site_name":"Praxis Hochd\u00f6rffer","og_image":[{"width":512,"height":512,"url":"https:\/\/praxis-hochdoerffer.de\/praxis\/wp-content\/uploads\/2021\/06\/cropped-iconh.png","type":"image\/png"}],"twitter_card":"summary_large_image","twitter_misc":{"Gesch\u00e4tzte Lesezeit":"1\u00a0Minute"},"schema":{"@context":"https:\/\/schema.org","@graph":[{"@type":"WebPage","@id":"https:\/\/praxis-hochdoerffer.de\/praxis\/leistungen\/kontrastmittelsonographie-ceus\/","url":"https:\/\/praxis-hochdoerffer.de\/praxis\/leistungen\/kontrastmittelsonographie-ceus\/","name":"Kontrastmittelsonographie (CEUS) &#183; Praxis Hochd\u00f6rffer","isPartOf":{"@id":"https:\/\/praxis-hochdoerffer.de\/praxis\/#website"},"datePublished":"2022-10-23T12:26:57+00:00","breadcrumb":{"@id":"https:\/\/praxis-hochdoerffer.de\/praxis\/leistungen\/kontrastmittelsonographie-ceus\/#breadcrumb"},"inLanguage":"de","potentialAction":[{"@type":"ReadAction","target":["https:\/\/praxis-hochdoerffer.de\/praxis\/leistungen\/kontrastmittelsonographie-ceus\/"]}]},{"@type":"BreadcrumbList","@id":"https:\/\/praxis-hochdoerffer.de\/praxis\/leistungen\/kontrastmittelsonographie-ceus\/#breadcrumb","itemListElement":[{"@type":"ListItem","position":1,"name":"Startseite","item":"https:\/\/praxis-hochdoerffer.de\/praxis\/"},{"@type":"ListItem","position":2,"name":"Leistungen","item":"https:\/\/praxis-hochdoerffer.de\/praxis\/leistungen\/"},{"@type":"ListItem","position":3,"name":"Kontrastmittelsonographie (CEUS)"}]},{"@type":"WebSite","@id":"https:\/\/praxis-hochdoerffer.de\/praxis\/#website","url":"https:\/\/praxis-hochdoerffer.de\/praxis\/","name":"Praxis Hochd\u00f6rffer","description":"Haus\u00e4rztlich internistische Praxis Hochd\u00f6rffer","publisher":{"@id":"https:\/\/praxis-hochdoerffer.de\/praxis\/#organization"},"potentialAction":[{"@type":"SearchAction","target":{"@type":"EntryPoint","urlTemplate":"https:\/\/praxis-hochdoerffer.de\/praxis\/?s={search_term_string}"},"query-input":{"@type":"PropertyValueSpecification","valueRequired":true,"valueName":"search_term_string"}}],"inLanguage":"de"},{"@type":"Organization","@id":"https:\/\/praxis-hochdoerffer.de\/praxis\/#organization","name":"Praxis Hochd\u00f6rffer","url":"https:\/\/praxis-hochdoerffer.de\/praxis\/","logo":{"@type":"ImageObject","inLanguage":"de","@id":"https:\/\/praxis-hochdoerffer.de\/praxis\/#\/schema\/logo\/image\/","url":"https:\/\/praxis-hochdoerffer.de\/praxis\/wp-content\/uploads\/2021\/06\/cropped-iconh.png","contentUrl":"https:\/\/praxis-hochdoerffer.de\/praxis\/wp-content\/uploads\/2021\/06\/cropped-iconh.png","width":512,"height":512,"caption":"Praxis Hochd\u00f6rffer"},"image":{"@id":"https:\/\/praxis-hochdoerffer.de\/praxis\/#\/schema\/logo\/image\/"}}]}},"_links":{"self":[{"href":"https:\/\/praxis-hochdoerffer.de\/praxis\/wp-json\/wp\/v2\/pages\/896","targetHints":{"allow":["GET"]}}],"collection":[{"href":"https:\/\/praxis-hochdoerffer.de\/praxis\/wp-json\/wp\/v2\/pages"}],"about":[{"href":"https:\/\/praxis-hochdoerffer.de\/praxis\/wp-json\/wp\/v2\/types\/page"}],"author":[{"embeddable":true,"href":"https:\/\/praxis-hochdoerffer.de\/praxis\/wp-json\/wp\/v2\/users\/2"}],"replies":[{"embeddable":true,"href":"https:\/\/praxis-hochdoerffer.de\/praxis\/wp-json\/wp\/v2\/comments?post=896"}],"version-history":[{"count":6,"href":"https:\/\/praxis-hochdoerffer.de\/praxis\/wp-json\/wp\/v2\/pages\/896\/revisions"}],"predecessor-version":[{"id":905,"href":"https:\/\/praxis-hochdoerffer.de\/praxis\/wp-json\/wp\/v2\/pages\/896\/revisions\/905"}],"up":[{"embeddable":true,"href":"https:\/\/praxis-hochdoerffer.de\/praxis\/wp-json\/wp\/v2\/pages\/59"}],"wp:attachment":[{"href":"https:\/\/praxis-hochdoerffer.de\/praxis\/wp-json\/wp\/v2\/media?parent=896"}],"curies":[{"name":"wp","href":"https:\/\/api.w.org\/{rel}","templated":true}]}}