{"id":753,"date":"2022-04-14T14:12:17","date_gmt":"2022-04-14T12:12:17","guid":{"rendered":"https:\/\/praxis-hochdoerffer.de\/praxis\/?page_id=753"},"modified":"2023-03-29T21:48:12","modified_gmt":"2023-03-29T19:48:12","slug":"security-mail","status":"publish","type":"page","link":"https:\/\/praxis-hochdoerffer.de\/praxis\/kontakt\/security-mail\/","title":{"rendered":"E-Mail Sicherheitsrichtlinie"},"content":{"rendered":"\n<p class=\"has-text-align-center\"><a href=\"https:\/\/praxis-hochdoerffer.de\/praxis\/kontakt\/\">&lt; Kontakt<\/a><\/p>\n\n\n\n<p class=\"has-text-align-center\">E-Mails mit ausf\u00fchrbarem Dateianhang werden verworfen.<\/p>\n\n\n\n<p class=\"has-text-align-left\">Zudem werden E-Mails mit Anh\u00e4ngen der folgenden Formate blockiert:<\/p>\n\n\n\n<ul class=\"wp-block-list\">\n<li>xls<\/li>\n\n\n\n<li>doc<\/li>\n\n\n\n<li>docxm<\/li>\n\n\n\n<li>dotm<\/li>\n\n\n\n<li>xln<\/li>\n\n\n\n<li>xlnm<\/li>\n\n\n\n<li>zip<\/li>\n<\/ul>\n\n\n\n<div style=\"height:27px\" aria-hidden=\"true\" class=\"wp-block-spacer\"><\/div>\n\n\n\n<p class=\"has-text-align-center\">Wir bitten sie daher darum, keine Anh\u00e4nge dieser Dateiformate anzuh\u00e4ngen.<\/p>\n\n\n\n<div style=\"height:36px\" aria-hidden=\"true\" class=\"wp-block-spacer\"><\/div>\n\n\n\n<p class=\"has-text-align-center\">Wenn sie ein mit Microsoft Office erstelltes Dokument dennoch anh\u00e4ngen m\u00f6chten, Konvertieren sie dieses zu PDF <br>(<em>Datei<\/em> -> <em>Exportieren<\/em> -> <em>PDF\/XPS-Dokument erstellen<\/em>).<\/p>\n\n\n<style>.singular .entry-header {background-image: url(\"\/praxis\/wp-content\/uploads\/2022\/04\/mail.svg\") !important;\/*IMG URL*\/}<\/style>\n\n\n\n<p><\/p>\n","protected":false},"excerpt":{"rendered":"<p>&lt; Kontakt E-Mails mit ausf\u00fchrbarem Dateianhang werden verworfen. Zudem werden E-Mails mit Anh\u00e4ngen der folgenden Formate blockiert: Wir bitten sie daher darum, keine Anh\u00e4nge dieser Dateiformate anzuh\u00e4ngen. Wenn sie ein mit Microsoft Office erstelltes Dokument dennoch anh\u00e4ngen m\u00f6chten, Konvertieren sie dieses zu PDF (Datei -> Exportieren -> PDF\/XPS-Dokument erstellen).<\/p>\n","protected":false},"author":1,"featured_media":0,"parent":9,"menu_order":0,"comment_status":"closed","ping_status":"closed","template":"templates\/template-full-width.php","meta":{"inline_featured_image":false,"footnotes":""},"class_list":["post-753","page","type-page","status-publish","hentry"],"yoast_head":"<!-- This site is optimized with the Yoast SEO plugin v27.4 - https:\/\/yoast.com\/product\/yoast-seo-wordpress\/ -->\n<title>E-Mail Sicherheitsrichtlinie &#183; Praxis Hochd\u00f6rffer<\/title>\n<meta name=\"robots\" content=\"noindex, follow\" \/>\n<meta property=\"og:locale\" content=\"de_DE\" \/>\n<meta property=\"og:type\" content=\"article\" \/>\n<meta property=\"og:title\" content=\"E-Mail Sicherheitsrichtlinie &#183; Praxis Hochd\u00f6rffer\" \/>\n<meta property=\"og:description\" content=\"&lt; Kontakt E-Mails mit ausf\u00fchrbarem Dateianhang werden verworfen. Zudem werden E-Mails mit Anh\u00e4ngen der folgenden Formate blockiert: Wir bitten sie daher darum, keine Anh\u00e4nge dieser Dateiformate anzuh\u00e4ngen. Wenn sie ein mit Microsoft Office erstelltes Dokument dennoch anh\u00e4ngen m\u00f6chten, Konvertieren sie dieses zu PDF (Datei -&gt; Exportieren -&gt; PDF\/XPS-Dokument erstellen).\" \/>\n<meta property=\"og:url\" content=\"https:\/\/praxis-hochdoerffer.de\/praxis\/kontakt\/security-mail\/\" \/>\n<meta property=\"og:site_name\" content=\"Praxis Hochd\u00f6rffer\" \/>\n<meta property=\"article:modified_time\" content=\"2023-03-29T19:48:12+00:00\" \/>\n<meta property=\"og:image\" content=\"https:\/\/praxis-hochdoerffer.de\/praxis\/wp-content\/uploads\/2021\/06\/cropped-iconh.png\" \/>\n\t<meta property=\"og:image:width\" content=\"512\" \/>\n\t<meta property=\"og:image:height\" content=\"512\" \/>\n\t<meta property=\"og:image:type\" content=\"image\/png\" \/>\n<meta name=\"twitter:card\" content=\"summary_large_image\" \/>\n<meta name=\"twitter:label1\" content=\"Gesch\u00e4tzte Lesezeit\" \/>\n\t<meta name=\"twitter:data1\" content=\"1\u00a0Minute\" \/>\n<script type=\"application\/ld+json\" class=\"yoast-schema-graph\">{\"@context\":\"https:\\\/\\\/schema.org\",\"@graph\":[{\"@type\":\"WebPage\",\"@id\":\"https:\\\/\\\/praxis-hochdoerffer.de\\\/praxis\\\/kontakt\\\/security-mail\\\/\",\"url\":\"https:\\\/\\\/praxis-hochdoerffer.de\\\/praxis\\\/kontakt\\\/security-mail\\\/\",\"name\":\"E-Mail Sicherheitsrichtlinie &#183; Praxis Hochd\u00f6rffer\",\"isPartOf\":{\"@id\":\"https:\\\/\\\/praxis-hochdoerffer.de\\\/praxis\\\/#website\"},\"datePublished\":\"2022-04-14T12:12:17+00:00\",\"dateModified\":\"2023-03-29T19:48:12+00:00\",\"breadcrumb\":{\"@id\":\"https:\\\/\\\/praxis-hochdoerffer.de\\\/praxis\\\/kontakt\\\/security-mail\\\/#breadcrumb\"},\"inLanguage\":\"de\",\"potentialAction\":[{\"@type\":\"ReadAction\",\"target\":[\"https:\\\/\\\/praxis-hochdoerffer.de\\\/praxis\\\/kontakt\\\/security-mail\\\/\"]}]},{\"@type\":\"BreadcrumbList\",\"@id\":\"https:\\\/\\\/praxis-hochdoerffer.de\\\/praxis\\\/kontakt\\\/security-mail\\\/#breadcrumb\",\"itemListElement\":[{\"@type\":\"ListItem\",\"position\":1,\"name\":\"Startseite\",\"item\":\"https:\\\/\\\/praxis-hochdoerffer.de\\\/praxis\\\/\"},{\"@type\":\"ListItem\",\"position\":2,\"name\":\"Kontakt\",\"item\":\"https:\\\/\\\/praxis-hochdoerffer.de\\\/praxis\\\/kontakt\\\/\"},{\"@type\":\"ListItem\",\"position\":3,\"name\":\"E-Mail Sicherheitsrichtlinie\"}]},{\"@type\":\"WebSite\",\"@id\":\"https:\\\/\\\/praxis-hochdoerffer.de\\\/praxis\\\/#website\",\"url\":\"https:\\\/\\\/praxis-hochdoerffer.de\\\/praxis\\\/\",\"name\":\"Praxis Hochd\u00f6rffer\",\"description\":\"Haus\u00e4rztlich internistische Praxis Hochd\u00f6rffer\",\"publisher\":{\"@id\":\"https:\\\/\\\/praxis-hochdoerffer.de\\\/praxis\\\/#organization\"},\"potentialAction\":[{\"@type\":\"SearchAction\",\"target\":{\"@type\":\"EntryPoint\",\"urlTemplate\":\"https:\\\/\\\/praxis-hochdoerffer.de\\\/praxis\\\/?s={search_term_string}\"},\"query-input\":{\"@type\":\"PropertyValueSpecification\",\"valueRequired\":true,\"valueName\":\"search_term_string\"}}],\"inLanguage\":\"de\"},{\"@type\":\"Organization\",\"@id\":\"https:\\\/\\\/praxis-hochdoerffer.de\\\/praxis\\\/#organization\",\"name\":\"Praxis Hochd\u00f6rffer\",\"url\":\"https:\\\/\\\/praxis-hochdoerffer.de\\\/praxis\\\/\",\"logo\":{\"@type\":\"ImageObject\",\"inLanguage\":\"de\",\"@id\":\"https:\\\/\\\/praxis-hochdoerffer.de\\\/praxis\\\/#\\\/schema\\\/logo\\\/image\\\/\",\"url\":\"https:\\\/\\\/praxis-hochdoerffer.de\\\/praxis\\\/wp-content\\\/uploads\\\/2021\\\/06\\\/cropped-iconh.png\",\"contentUrl\":\"https:\\\/\\\/praxis-hochdoerffer.de\\\/praxis\\\/wp-content\\\/uploads\\\/2021\\\/06\\\/cropped-iconh.png\",\"width\":512,\"height\":512,\"caption\":\"Praxis Hochd\u00f6rffer\"},\"image\":{\"@id\":\"https:\\\/\\\/praxis-hochdoerffer.de\\\/praxis\\\/#\\\/schema\\\/logo\\\/image\\\/\"}}]}<\/script>\n<!-- \/ Yoast SEO plugin. -->","yoast_head_json":{"title":"E-Mail Sicherheitsrichtlinie &#183; Praxis Hochd\u00f6rffer","robots":{"index":"noindex","follow":"follow"},"og_locale":"de_DE","og_type":"article","og_title":"E-Mail Sicherheitsrichtlinie &#183; Praxis Hochd\u00f6rffer","og_description":"&lt; Kontakt E-Mails mit ausf\u00fchrbarem Dateianhang werden verworfen. Zudem werden E-Mails mit Anh\u00e4ngen der folgenden Formate blockiert: Wir bitten sie daher darum, keine Anh\u00e4nge dieser Dateiformate anzuh\u00e4ngen. Wenn sie ein mit Microsoft Office erstelltes Dokument dennoch anh\u00e4ngen m\u00f6chten, Konvertieren sie dieses zu PDF (Datei -> Exportieren -> PDF\/XPS-Dokument erstellen).","og_url":"https:\/\/praxis-hochdoerffer.de\/praxis\/kontakt\/security-mail\/","og_site_name":"Praxis Hochd\u00f6rffer","article_modified_time":"2023-03-29T19:48:12+00:00","og_image":[{"width":512,"height":512,"url":"https:\/\/praxis-hochdoerffer.de\/praxis\/wp-content\/uploads\/2021\/06\/cropped-iconh.png","type":"image\/png"}],"twitter_card":"summary_large_image","twitter_misc":{"Gesch\u00e4tzte Lesezeit":"1\u00a0Minute"},"schema":{"@context":"https:\/\/schema.org","@graph":[{"@type":"WebPage","@id":"https:\/\/praxis-hochdoerffer.de\/praxis\/kontakt\/security-mail\/","url":"https:\/\/praxis-hochdoerffer.de\/praxis\/kontakt\/security-mail\/","name":"E-Mail Sicherheitsrichtlinie &#183; Praxis Hochd\u00f6rffer","isPartOf":{"@id":"https:\/\/praxis-hochdoerffer.de\/praxis\/#website"},"datePublished":"2022-04-14T12:12:17+00:00","dateModified":"2023-03-29T19:48:12+00:00","breadcrumb":{"@id":"https:\/\/praxis-hochdoerffer.de\/praxis\/kontakt\/security-mail\/#breadcrumb"},"inLanguage":"de","potentialAction":[{"@type":"ReadAction","target":["https:\/\/praxis-hochdoerffer.de\/praxis\/kontakt\/security-mail\/"]}]},{"@type":"BreadcrumbList","@id":"https:\/\/praxis-hochdoerffer.de\/praxis\/kontakt\/security-mail\/#breadcrumb","itemListElement":[{"@type":"ListItem","position":1,"name":"Startseite","item":"https:\/\/praxis-hochdoerffer.de\/praxis\/"},{"@type":"ListItem","position":2,"name":"Kontakt","item":"https:\/\/praxis-hochdoerffer.de\/praxis\/kontakt\/"},{"@type":"ListItem","position":3,"name":"E-Mail Sicherheitsrichtlinie"}]},{"@type":"WebSite","@id":"https:\/\/praxis-hochdoerffer.de\/praxis\/#website","url":"https:\/\/praxis-hochdoerffer.de\/praxis\/","name":"Praxis Hochd\u00f6rffer","description":"Haus\u00e4rztlich internistische Praxis Hochd\u00f6rffer","publisher":{"@id":"https:\/\/praxis-hochdoerffer.de\/praxis\/#organization"},"potentialAction":[{"@type":"SearchAction","target":{"@type":"EntryPoint","urlTemplate":"https:\/\/praxis-hochdoerffer.de\/praxis\/?s={search_term_string}"},"query-input":{"@type":"PropertyValueSpecification","valueRequired":true,"valueName":"search_term_string"}}],"inLanguage":"de"},{"@type":"Organization","@id":"https:\/\/praxis-hochdoerffer.de\/praxis\/#organization","name":"Praxis Hochd\u00f6rffer","url":"https:\/\/praxis-hochdoerffer.de\/praxis\/","logo":{"@type":"ImageObject","inLanguage":"de","@id":"https:\/\/praxis-hochdoerffer.de\/praxis\/#\/schema\/logo\/image\/","url":"https:\/\/praxis-hochdoerffer.de\/praxis\/wp-content\/uploads\/2021\/06\/cropped-iconh.png","contentUrl":"https:\/\/praxis-hochdoerffer.de\/praxis\/wp-content\/uploads\/2021\/06\/cropped-iconh.png","width":512,"height":512,"caption":"Praxis Hochd\u00f6rffer"},"image":{"@id":"https:\/\/praxis-hochdoerffer.de\/praxis\/#\/schema\/logo\/image\/"}}]}},"_links":{"self":[{"href":"https:\/\/praxis-hochdoerffer.de\/praxis\/wp-json\/wp\/v2\/pages\/753","targetHints":{"allow":["GET"]}}],"collection":[{"href":"https:\/\/praxis-hochdoerffer.de\/praxis\/wp-json\/wp\/v2\/pages"}],"about":[{"href":"https:\/\/praxis-hochdoerffer.de\/praxis\/wp-json\/wp\/v2\/types\/page"}],"author":[{"embeddable":true,"href":"https:\/\/praxis-hochdoerffer.de\/praxis\/wp-json\/wp\/v2\/users\/1"}],"replies":[{"embeddable":true,"href":"https:\/\/praxis-hochdoerffer.de\/praxis\/wp-json\/wp\/v2\/comments?post=753"}],"version-history":[{"count":8,"href":"https:\/\/praxis-hochdoerffer.de\/praxis\/wp-json\/wp\/v2\/pages\/753\/revisions"}],"predecessor-version":[{"id":923,"href":"https:\/\/praxis-hochdoerffer.de\/praxis\/wp-json\/wp\/v2\/pages\/753\/revisions\/923"}],"up":[{"embeddable":true,"href":"https:\/\/praxis-hochdoerffer.de\/praxis\/wp-json\/wp\/v2\/pages\/9"}],"wp:attachment":[{"href":"https:\/\/praxis-hochdoerffer.de\/praxis\/wp-json\/wp\/v2\/media?parent=753"}],"curies":[{"name":"wp","href":"https:\/\/api.w.org\/{rel}","templated":true}]}}