{"id":7,"date":"2021-06-19T10:27:25","date_gmt":"2021-06-19T10:27:25","guid":{"rendered":"https:\/\/praxis-hochdoerffer.de\/praxis\/?page_id=7"},"modified":"2026-03-16T16:45:45","modified_gmt":"2026-03-16T15:45:45","slug":"hausaerztlich-internistische-praxis-hochdoerffer","status":"publish","type":"page","link":"https:\/\/praxis-hochdoerffer.de\/praxis\/","title":{"rendered":"Haus\u00e4rztlich internistische Praxis Hochd\u00f6rffer"},"content":{"rendered":"<!-- VACATION EXPIRED -->\n\n\n\n<h2 class=\"wp-block-heading\" id=\"offnungszeiten\">\u00d6ffnungszeiten<\/h2>\n\n\n\n<figure class=\"wp-block-table\"><table><tbody><tr><td>Montag<\/td><td>08:00 Uhr &#8211; 13:00 Uhr<\/td><td>15:00 Uhr &#8211; 18:30 Uhr<\/td><\/tr><tr><td>Dienstag<\/td><td>08:00 Uhr &#8211; 13:00 Uhr<\/td><td>13:30 Uhr &#8211; 16:00 Uhr<\/td><\/tr><tr><td>Mittwoch<\/td><td>08:00 Uhr &#8211; 13:00 Uhr<\/td><td>&#8211;<\/td><\/tr><tr><td>Donnerstag<\/td><td>08:00 Uhr &#8211; 13:00 Uhr<\/td><td>13:30 Uhr &#8211; 16:00 Uhr<\/td><\/tr><tr><td>Freitag<\/td><td>08:00 Uhr &#8211; 13:00 Uhr<\/td><td>&#8211;<\/td><\/tr><\/tbody><\/table><\/figure>\n\n\n\n<h4 class=\"wp-block-heading has-text-align-center has-larger-font-size\" id=\"weitere-termine-nach-vereinbarung\" style=\"font-style:normal;font-weight:500\"><strong>Weitere Termine nach Vereinbarung<\/strong><\/h4>\n\n\n\n<p><style>.entry-title{color: #ffffff !important;}<\/style><\/p>\n\n\n\n<!-- \r\n\r\nAB HIER NICHT L\u00d6SCHEN, DIASHOW \r\n-->\n\n\n<script src=\"https:\/\/praxis-hochdoerffer.de\/praxis\/wp-content\/plugins\/sharkplugin\/ext\/..\/assets\/diam.js\"><\/script>\n","protected":false},"excerpt":{"rendered":"<p>\u00d6ffnungszeiten Montag 08:00 Uhr &#8211; 13:00 Uhr 15:00 Uhr &#8211; 18:30 Uhr Dienstag 08:00 Uhr &#8211; 13:00 Uhr 13:30 Uhr &#8211; 16:00 Uhr Mittwoch 08:00 Uhr &#8211; 13:00 Uhr &#8211; Donnerstag 08:00 Uhr &#8211; 13:00 Uhr 13:30 Uhr &#8211; 16:00 Uhr Freitag 08:00 Uhr &#8211; 13:00 Uhr &#8211; Weitere Termine nach Vereinbarung<\/p>\n","protected":false},"author":2,"featured_media":0,"parent":0,"menu_order":0,"comment_status":"closed","ping_status":"closed","template":"","meta":{"inline_featured_image":false,"footnotes":""},"class_list":["post-7","page","type-page","status-publish","hentry"],"yoast_head":"<!-- This site is optimized with the Yoast SEO plugin v27.4 - https:\/\/yoast.com\/product\/yoast-seo-wordpress\/ -->\n<title>Haus\u00e4rztlich internistische Praxis Hochd\u00f6rffer &#183; Praxis Hochd\u00f6rffer<\/title>\n<meta name=\"description\" content=\"Die Webseite der Haus\u00e4rztlich internistische Praxis Hochd\u00f6rffer in Graben Neudorf. \u00d6ffnungszeiten und Urlaub\" \/>\n<meta name=\"robots\" content=\"index, follow, max-snippet:-1, max-image-preview:large, max-video-preview:-1\" \/>\n<link rel=\"canonical\" href=\"https:\/\/praxis-hochdoerffer.de\/praxis\/\" \/>\n<meta property=\"og:locale\" content=\"de_DE\" \/>\n<meta property=\"og:type\" content=\"article\" \/>\n<meta property=\"og:title\" content=\"Praxis Hochd\u00f6rffer\" \/>\n<meta property=\"og:description\" content=\"Praxis Hochd\u00f6rffer &#183; Haus\u00e4rztlich internistische Praxis Hochd\u00f6rffer\" \/>\n<meta property=\"og:url\" content=\"https:\/\/praxis-hochdoerffer.de\/praxis\/\" \/>\n<meta property=\"og:site_name\" content=\"Praxis Hochd\u00f6rffer\" \/>\n<meta property=\"article:modified_time\" content=\"2026-03-16T15:45:45+00:00\" \/>\n<meta property=\"og:image\" content=\"https:\/\/praxis-hochdoerffer.de\/praxis\/wp-content\/uploads\/2021\/06\/iconh.png\" \/>\n\t<meta property=\"og:image:width\" content=\"338\" \/>\n\t<meta property=\"og:image:height\" content=\"338\" \/>\n\t<meta property=\"og:image:type\" content=\"image\/png\" \/>\n<meta name=\"twitter:card\" content=\"summary_large_image\" \/>\n<meta name=\"twitter:title\" content=\"Praxis Hochd\u00f6rffer\" \/>\n<meta name=\"twitter:description\" content=\"Praxis Hochd\u00f6rffer &#183; Haus\u00e4rztlich internistische Praxis Hochd\u00f6rffer\" \/>\n<meta name=\"twitter:image\" content=\"https:\/\/praxis-hochdoerffer.de\/praxis\/wp-content\/uploads\/2021\/06\/cropped-iconh.png\" \/>\n<meta name=\"twitter:label1\" content=\"Gesch\u00e4tzte Lesezeit\" \/>\n\t<meta name=\"twitter:data1\" content=\"1\u00a0Minute\" \/>\n<script type=\"application\/ld+json\" class=\"yoast-schema-graph\">{\"@context\":\"https:\\\/\\\/schema.org\",\"@graph\":[{\"@type\":\"WebPage\",\"@id\":\"https:\\\/\\\/praxis-hochdoerffer.de\\\/praxis\\\/\",\"url\":\"https:\\\/\\\/praxis-hochdoerffer.de\\\/praxis\\\/\",\"name\":\"Haus\u00e4rztlich internistische Praxis Hochd\u00f6rffer &#183; Praxis Hochd\u00f6rffer\",\"isPartOf\":{\"@id\":\"https:\\\/\\\/praxis-hochdoerffer.de\\\/praxis\\\/#website\"},\"datePublished\":\"2021-06-19T10:27:25+00:00\",\"dateModified\":\"2026-03-16T15:45:45+00:00\",\"description\":\"Die Webseite der Haus\u00e4rztlich internistische Praxis Hochd\u00f6rffer in Graben Neudorf. \u00d6ffnungszeiten und Urlaub\",\"breadcrumb\":{\"@id\":\"https:\\\/\\\/praxis-hochdoerffer.de\\\/praxis\\\/#breadcrumb\"},\"inLanguage\":\"de\",\"potentialAction\":[{\"@type\":\"ReadAction\",\"target\":[\"https:\\\/\\\/praxis-hochdoerffer.de\\\/praxis\\\/\"]}]},{\"@type\":\"BreadcrumbList\",\"@id\":\"https:\\\/\\\/praxis-hochdoerffer.de\\\/praxis\\\/#breadcrumb\",\"itemListElement\":[{\"@type\":\"ListItem\",\"position\":1,\"name\":\"Startseite\",\"item\":\"https:\\\/\\\/praxis-hochdoerffer.de\\\/praxis\\\/\"},{\"@type\":\"ListItem\",\"position\":2,\"name\":\"\u00d6ffnungszeiten und Urlaub\"}]},{\"@type\":\"WebSite\",\"@id\":\"https:\\\/\\\/praxis-hochdoerffer.de\\\/praxis\\\/#website\",\"url\":\"https:\\\/\\\/praxis-hochdoerffer.de\\\/praxis\\\/\",\"name\":\"Praxis Hochd\u00f6rffer\",\"description\":\"Haus\u00e4rztlich internistische Praxis Hochd\u00f6rffer\",\"publisher\":{\"@id\":\"https:\\\/\\\/praxis-hochdoerffer.de\\\/praxis\\\/#organization\"},\"potentialAction\":[{\"@type\":\"SearchAction\",\"target\":{\"@type\":\"EntryPoint\",\"urlTemplate\":\"https:\\\/\\\/praxis-hochdoerffer.de\\\/praxis\\\/?s={search_term_string}\"},\"query-input\":{\"@type\":\"PropertyValueSpecification\",\"valueRequired\":true,\"valueName\":\"search_term_string\"}}],\"inLanguage\":\"de\"},{\"@type\":\"Organization\",\"@id\":\"https:\\\/\\\/praxis-hochdoerffer.de\\\/praxis\\\/#organization\",\"name\":\"Praxis Hochd\u00f6rffer\",\"url\":\"https:\\\/\\\/praxis-hochdoerffer.de\\\/praxis\\\/\",\"logo\":{\"@type\":\"ImageObject\",\"inLanguage\":\"de\",\"@id\":\"https:\\\/\\\/praxis-hochdoerffer.de\\\/praxis\\\/#\\\/schema\\\/logo\\\/image\\\/\",\"url\":\"https:\\\/\\\/praxis-hochdoerffer.de\\\/praxis\\\/wp-content\\\/uploads\\\/2021\\\/06\\\/cropped-iconh.png\",\"contentUrl\":\"https:\\\/\\\/praxis-hochdoerffer.de\\\/praxis\\\/wp-content\\\/uploads\\\/2021\\\/06\\\/cropped-iconh.png\",\"width\":512,\"height\":512,\"caption\":\"Praxis Hochd\u00f6rffer\"},\"image\":{\"@id\":\"https:\\\/\\\/praxis-hochdoerffer.de\\\/praxis\\\/#\\\/schema\\\/logo\\\/image\\\/\"}}]}<\/script>\n<!-- \/ Yoast SEO plugin. -->","yoast_head_json":{"title":"Haus\u00e4rztlich internistische Praxis Hochd\u00f6rffer &#183; Praxis Hochd\u00f6rffer","description":"Die Webseite der Haus\u00e4rztlich internistische Praxis Hochd\u00f6rffer in Graben Neudorf. \u00d6ffnungszeiten und Urlaub","robots":{"index":"index","follow":"follow","max-snippet":"max-snippet:-1","max-image-preview":"max-image-preview:large","max-video-preview":"max-video-preview:-1"},"canonical":"https:\/\/praxis-hochdoerffer.de\/praxis\/","og_locale":"de_DE","og_type":"article","og_title":"Praxis Hochd\u00f6rffer","og_description":"Praxis Hochd\u00f6rffer &#183; Haus\u00e4rztlich internistische Praxis Hochd\u00f6rffer","og_url":"https:\/\/praxis-hochdoerffer.de\/praxis\/","og_site_name":"Praxis Hochd\u00f6rffer","article_modified_time":"2026-03-16T15:45:45+00:00","og_image":[{"width":338,"height":338,"url":"https:\/\/praxis-hochdoerffer.de\/praxis\/wp-content\/uploads\/2021\/06\/iconh.png","type":"image\/png"}],"twitter_card":"summary_large_image","twitter_title":"Praxis Hochd\u00f6rffer","twitter_description":"Praxis Hochd\u00f6rffer &#183; Haus\u00e4rztlich internistische Praxis Hochd\u00f6rffer","twitter_image":"https:\/\/praxis-hochdoerffer.de\/praxis\/wp-content\/uploads\/2021\/06\/cropped-iconh.png","twitter_misc":{"Gesch\u00e4tzte Lesezeit":"1\u00a0Minute"},"schema":{"@context":"https:\/\/schema.org","@graph":[{"@type":"WebPage","@id":"https:\/\/praxis-hochdoerffer.de\/praxis\/","url":"https:\/\/praxis-hochdoerffer.de\/praxis\/","name":"Haus\u00e4rztlich internistische Praxis Hochd\u00f6rffer &#183; Praxis Hochd\u00f6rffer","isPartOf":{"@id":"https:\/\/praxis-hochdoerffer.de\/praxis\/#website"},"datePublished":"2021-06-19T10:27:25+00:00","dateModified":"2026-03-16T15:45:45+00:00","description":"Die Webseite der Haus\u00e4rztlich internistische Praxis Hochd\u00f6rffer in Graben Neudorf. \u00d6ffnungszeiten und Urlaub","breadcrumb":{"@id":"https:\/\/praxis-hochdoerffer.de\/praxis\/#breadcrumb"},"inLanguage":"de","potentialAction":[{"@type":"ReadAction","target":["https:\/\/praxis-hochdoerffer.de\/praxis\/"]}]},{"@type":"BreadcrumbList","@id":"https:\/\/praxis-hochdoerffer.de\/praxis\/#breadcrumb","itemListElement":[{"@type":"ListItem","position":1,"name":"Startseite","item":"https:\/\/praxis-hochdoerffer.de\/praxis\/"},{"@type":"ListItem","position":2,"name":"\u00d6ffnungszeiten und Urlaub"}]},{"@type":"WebSite","@id":"https:\/\/praxis-hochdoerffer.de\/praxis\/#website","url":"https:\/\/praxis-hochdoerffer.de\/praxis\/","name":"Praxis Hochd\u00f6rffer","description":"Haus\u00e4rztlich internistische Praxis Hochd\u00f6rffer","publisher":{"@id":"https:\/\/praxis-hochdoerffer.de\/praxis\/#organization"},"potentialAction":[{"@type":"SearchAction","target":{"@type":"EntryPoint","urlTemplate":"https:\/\/praxis-hochdoerffer.de\/praxis\/?s={search_term_string}"},"query-input":{"@type":"PropertyValueSpecification","valueRequired":true,"valueName":"search_term_string"}}],"inLanguage":"de"},{"@type":"Organization","@id":"https:\/\/praxis-hochdoerffer.de\/praxis\/#organization","name":"Praxis Hochd\u00f6rffer","url":"https:\/\/praxis-hochdoerffer.de\/praxis\/","logo":{"@type":"ImageObject","inLanguage":"de","@id":"https:\/\/praxis-hochdoerffer.de\/praxis\/#\/schema\/logo\/image\/","url":"https:\/\/praxis-hochdoerffer.de\/praxis\/wp-content\/uploads\/2021\/06\/cropped-iconh.png","contentUrl":"https:\/\/praxis-hochdoerffer.de\/praxis\/wp-content\/uploads\/2021\/06\/cropped-iconh.png","width":512,"height":512,"caption":"Praxis Hochd\u00f6rffer"},"image":{"@id":"https:\/\/praxis-hochdoerffer.de\/praxis\/#\/schema\/logo\/image\/"}}]}},"_links":{"self":[{"href":"https:\/\/praxis-hochdoerffer.de\/praxis\/wp-json\/wp\/v2\/pages\/7","targetHints":{"allow":["GET"]}}],"collection":[{"href":"https:\/\/praxis-hochdoerffer.de\/praxis\/wp-json\/wp\/v2\/pages"}],"about":[{"href":"https:\/\/praxis-hochdoerffer.de\/praxis\/wp-json\/wp\/v2\/types\/page"}],"author":[{"embeddable":true,"href":"https:\/\/praxis-hochdoerffer.de\/praxis\/wp-json\/wp\/v2\/users\/2"}],"replies":[{"embeddable":true,"href":"https:\/\/praxis-hochdoerffer.de\/praxis\/wp-json\/wp\/v2\/comments?post=7"}],"version-history":[{"count":77,"href":"https:\/\/praxis-hochdoerffer.de\/praxis\/wp-json\/wp\/v2\/pages\/7\/revisions"}],"predecessor-version":[{"id":1134,"href":"https:\/\/praxis-hochdoerffer.de\/praxis\/wp-json\/wp\/v2\/pages\/7\/revisions\/1134"}],"wp:attachment":[{"href":"https:\/\/praxis-hochdoerffer.de\/praxis\/wp-json\/wp\/v2\/media?parent=7"}],"curies":[{"name":"wp","href":"https:\/\/api.w.org\/{rel}","templated":true}]}}