{"id":56,"date":"2021-07-11T17:04:44","date_gmt":"2021-07-11T17:04:44","guid":{"rendered":"https:\/\/praxis-hochdoerffer.de\/praxis\/?page_id=56"},"modified":"2023-07-16T18:04:38","modified_gmt":"2023-07-16T16:04:38","slug":"links","status":"publish","type":"page","link":"https:\/\/praxis-hochdoerffer.de\/praxis\/links\/","title":{"rendered":"Links"},"content":{"rendered":"\n<h2 class=\"wp-block-heading\">Leitlinien<\/h2>\n\n\n\n<p><br>Diabetes<br><a href=\"https:\/\/www.ddg.info\/behandlung\/leitlinien\">https:\/\/www.ddg.info\/behandlung\/leitlinien<\/a><\/p>\n\n\n\n<p>Herzkreislauferkrankungen:<br><a href=\"https:\/\/leitlinien.dgk.org\/\">https:\/\/leitlinien.dgk.org\/<\/a><\/p>\n\n\n\n<p>Verdauungs- und Stoffwechelerkrankungen:<br><a href=\"https:\/\/www.dgvs.de\/service\/servie-fuer-patienten\/patientenleitlinien\/\">https:\/\/www.dgvs.de\/service\/servie-fuer-patienten\/patientenleitlinien\/<\/a><\/p>\n\n\n\n<p>Ultraschall zertifizierte \u00c4rzte<br><a href=\"https:\/\/www.degum.de\/service\/zertifizierte-aerzte.html\">https:\/\/www.degum.de\/service\/zertifizierte-aerzte.html<\/a><\/p>\n\n\n\n<p>Onkologie<br><a href=\"https:\/\/www.onkopedia.com\/de\/onkopedia\/guidelines\">https:\/\/www.onkopedia.com\/de\/onkopedia\/guidelines<\/a><\/p>\n\n\n\n<p>Lip\u00f6dem<\/p>\n\n\n\n<ul class=\"wp-block-list\">\n<li><a href=\"https:\/\/pantea-health.de\/\">https:\/\/pantea-health.de\/<\/a><\/li>\n\n\n\n<li><a href=\"https:\/\/www.lipocura.de\/\">https:\/\/www.lipocura.de\/<\/a><\/li>\n\n\n\n<li><a href=\"https:\/\/www.lipoedemportal.de\/aktuelle-informationen-lipoedem.htm\">https:\/\/www.lipoedemportal.de\/aktuelle-informationen-lipoedem.htm<\/a><\/li>\n\n\n\n<li><a href=\"https:\/\/www.lipoedem-hilfe-ev.de\/\">https:\/\/www.lipoedem-hilfe-ev.de\/<\/a><\/li>\n<\/ul>\n","protected":false},"excerpt":{"rendered":"<p>Leitlinien Diabeteshttps:\/\/www.ddg.info\/behandlung\/leitlinien Herzkreislauferkrankungen:https:\/\/leitlinien.dgk.org\/ Verdauungs- und Stoffwechelerkrankungen:https:\/\/www.dgvs.de\/service\/servie-fuer-patienten\/patientenleitlinien\/ Ultraschall zertifizierte \u00c4rztehttps:\/\/www.degum.de\/service\/zertifizierte-aerzte.html Onkologiehttps:\/\/www.onkopedia.com\/de\/onkopedia\/guidelines Lip\u00f6dem<\/p>\n","protected":false},"author":2,"featured_media":0,"parent":0,"menu_order":2,"comment_status":"closed","ping_status":"closed","template":"","meta":{"inline_featured_image":false,"footnotes":""},"class_list":["post-56","page","type-page","status-publish","hentry"],"yoast_head":"<!-- This site is optimized with the Yoast SEO plugin v27.4 - https:\/\/yoast.com\/product\/yoast-seo-wordpress\/ -->\n<title>Links &#183; Praxis Hochd\u00f6rffer<\/title>\n<meta name=\"robots\" content=\"index, follow, max-snippet:-1, max-image-preview:large, max-video-preview:-1\" \/>\n<link rel=\"canonical\" href=\"https:\/\/praxis-hochdoerffer.de\/praxis\/links\/\" \/>\n<meta property=\"og:locale\" content=\"de_DE\" \/>\n<meta property=\"og:type\" content=\"article\" \/>\n<meta property=\"og:title\" content=\"Links &#183; Praxis Hochd\u00f6rffer\" \/>\n<meta property=\"og:description\" content=\"Leitlinien Diabeteshttps:\/\/www.ddg.info\/behandlung\/leitlinien Herzkreislauferkrankungen:https:\/\/leitlinien.dgk.org\/ Verdauungs- und Stoffwechelerkrankungen:https:\/\/www.dgvs.de\/service\/servie-fuer-patienten\/patientenleitlinien\/ Ultraschall zertifizierte \u00c4rztehttps:\/\/www.degum.de\/service\/zertifizierte-aerzte.html Onkologiehttps:\/\/www.onkopedia.com\/de\/onkopedia\/guidelines Lip\u00f6dem\" \/>\n<meta property=\"og:url\" content=\"https:\/\/praxis-hochdoerffer.de\/praxis\/links\/\" \/>\n<meta property=\"og:site_name\" content=\"Praxis Hochd\u00f6rffer\" \/>\n<meta property=\"article:modified_time\" content=\"2023-07-16T16:04:38+00:00\" \/>\n<meta property=\"og:image\" content=\"https:\/\/praxis-hochdoerffer.de\/praxis\/wp-content\/uploads\/2021\/06\/cropped-iconh.png\" \/>\n\t<meta property=\"og:image:width\" content=\"512\" \/>\n\t<meta property=\"og:image:height\" content=\"512\" \/>\n\t<meta property=\"og:image:type\" content=\"image\/png\" \/>\n<meta name=\"twitter:card\" content=\"summary_large_image\" \/>\n<meta name=\"twitter:label1\" content=\"Gesch\u00e4tzte Lesezeit\" \/>\n\t<meta name=\"twitter:data1\" content=\"1\u00a0Minute\" \/>\n<script type=\"application\/ld+json\" class=\"yoast-schema-graph\">{\"@context\":\"https:\\\/\\\/schema.org\",\"@graph\":[{\"@type\":\"WebPage\",\"@id\":\"https:\\\/\\\/praxis-hochdoerffer.de\\\/praxis\\\/links\\\/\",\"url\":\"https:\\\/\\\/praxis-hochdoerffer.de\\\/praxis\\\/links\\\/\",\"name\":\"Links &#183; Praxis Hochd\u00f6rffer\",\"isPartOf\":{\"@id\":\"https:\\\/\\\/praxis-hochdoerffer.de\\\/praxis\\\/#website\"},\"datePublished\":\"2021-07-11T17:04:44+00:00\",\"dateModified\":\"2023-07-16T16:04:38+00:00\",\"breadcrumb\":{\"@id\":\"https:\\\/\\\/praxis-hochdoerffer.de\\\/praxis\\\/links\\\/#breadcrumb\"},\"inLanguage\":\"de\",\"potentialAction\":[{\"@type\":\"ReadAction\",\"target\":[\"https:\\\/\\\/praxis-hochdoerffer.de\\\/praxis\\\/links\\\/\"]}]},{\"@type\":\"BreadcrumbList\",\"@id\":\"https:\\\/\\\/praxis-hochdoerffer.de\\\/praxis\\\/links\\\/#breadcrumb\",\"itemListElement\":[{\"@type\":\"ListItem\",\"position\":1,\"name\":\"Startseite\",\"item\":\"https:\\\/\\\/praxis-hochdoerffer.de\\\/praxis\\\/\"},{\"@type\":\"ListItem\",\"position\":2,\"name\":\"Links\"}]},{\"@type\":\"WebSite\",\"@id\":\"https:\\\/\\\/praxis-hochdoerffer.de\\\/praxis\\\/#website\",\"url\":\"https:\\\/\\\/praxis-hochdoerffer.de\\\/praxis\\\/\",\"name\":\"Praxis Hochd\u00f6rffer\",\"description\":\"Haus\u00e4rztlich internistische Praxis Hochd\u00f6rffer\",\"publisher\":{\"@id\":\"https:\\\/\\\/praxis-hochdoerffer.de\\\/praxis\\\/#organization\"},\"potentialAction\":[{\"@type\":\"SearchAction\",\"target\":{\"@type\":\"EntryPoint\",\"urlTemplate\":\"https:\\\/\\\/praxis-hochdoerffer.de\\\/praxis\\\/?s={search_term_string}\"},\"query-input\":{\"@type\":\"PropertyValueSpecification\",\"valueRequired\":true,\"valueName\":\"search_term_string\"}}],\"inLanguage\":\"de\"},{\"@type\":\"Organization\",\"@id\":\"https:\\\/\\\/praxis-hochdoerffer.de\\\/praxis\\\/#organization\",\"name\":\"Praxis Hochd\u00f6rffer\",\"url\":\"https:\\\/\\\/praxis-hochdoerffer.de\\\/praxis\\\/\",\"logo\":{\"@type\":\"ImageObject\",\"inLanguage\":\"de\",\"@id\":\"https:\\\/\\\/praxis-hochdoerffer.de\\\/praxis\\\/#\\\/schema\\\/logo\\\/image\\\/\",\"url\":\"https:\\\/\\\/praxis-hochdoerffer.de\\\/praxis\\\/wp-content\\\/uploads\\\/2021\\\/06\\\/cropped-iconh.png\",\"contentUrl\":\"https:\\\/\\\/praxis-hochdoerffer.de\\\/praxis\\\/wp-content\\\/uploads\\\/2021\\\/06\\\/cropped-iconh.png\",\"width\":512,\"height\":512,\"caption\":\"Praxis Hochd\u00f6rffer\"},\"image\":{\"@id\":\"https:\\\/\\\/praxis-hochdoerffer.de\\\/praxis\\\/#\\\/schema\\\/logo\\\/image\\\/\"}}]}<\/script>\n<!-- \/ Yoast SEO plugin. -->","yoast_head_json":{"title":"Links &#183; Praxis Hochd\u00f6rffer","robots":{"index":"index","follow":"follow","max-snippet":"max-snippet:-1","max-image-preview":"max-image-preview:large","max-video-preview":"max-video-preview:-1"},"canonical":"https:\/\/praxis-hochdoerffer.de\/praxis\/links\/","og_locale":"de_DE","og_type":"article","og_title":"Links &#183; Praxis Hochd\u00f6rffer","og_description":"Leitlinien Diabeteshttps:\/\/www.ddg.info\/behandlung\/leitlinien Herzkreislauferkrankungen:https:\/\/leitlinien.dgk.org\/ Verdauungs- und Stoffwechelerkrankungen:https:\/\/www.dgvs.de\/service\/servie-fuer-patienten\/patientenleitlinien\/ Ultraschall zertifizierte \u00c4rztehttps:\/\/www.degum.de\/service\/zertifizierte-aerzte.html Onkologiehttps:\/\/www.onkopedia.com\/de\/onkopedia\/guidelines Lip\u00f6dem","og_url":"https:\/\/praxis-hochdoerffer.de\/praxis\/links\/","og_site_name":"Praxis Hochd\u00f6rffer","article_modified_time":"2023-07-16T16:04:38+00:00","og_image":[{"width":512,"height":512,"url":"https:\/\/praxis-hochdoerffer.de\/praxis\/wp-content\/uploads\/2021\/06\/cropped-iconh.png","type":"image\/png"}],"twitter_card":"summary_large_image","twitter_misc":{"Gesch\u00e4tzte Lesezeit":"1\u00a0Minute"},"schema":{"@context":"https:\/\/schema.org","@graph":[{"@type":"WebPage","@id":"https:\/\/praxis-hochdoerffer.de\/praxis\/links\/","url":"https:\/\/praxis-hochdoerffer.de\/praxis\/links\/","name":"Links &#183; Praxis Hochd\u00f6rffer","isPartOf":{"@id":"https:\/\/praxis-hochdoerffer.de\/praxis\/#website"},"datePublished":"2021-07-11T17:04:44+00:00","dateModified":"2023-07-16T16:04:38+00:00","breadcrumb":{"@id":"https:\/\/praxis-hochdoerffer.de\/praxis\/links\/#breadcrumb"},"inLanguage":"de","potentialAction":[{"@type":"ReadAction","target":["https:\/\/praxis-hochdoerffer.de\/praxis\/links\/"]}]},{"@type":"BreadcrumbList","@id":"https:\/\/praxis-hochdoerffer.de\/praxis\/links\/#breadcrumb","itemListElement":[{"@type":"ListItem","position":1,"name":"Startseite","item":"https:\/\/praxis-hochdoerffer.de\/praxis\/"},{"@type":"ListItem","position":2,"name":"Links"}]},{"@type":"WebSite","@id":"https:\/\/praxis-hochdoerffer.de\/praxis\/#website","url":"https:\/\/praxis-hochdoerffer.de\/praxis\/","name":"Praxis Hochd\u00f6rffer","description":"Haus\u00e4rztlich internistische Praxis Hochd\u00f6rffer","publisher":{"@id":"https:\/\/praxis-hochdoerffer.de\/praxis\/#organization"},"potentialAction":[{"@type":"SearchAction","target":{"@type":"EntryPoint","urlTemplate":"https:\/\/praxis-hochdoerffer.de\/praxis\/?s={search_term_string}"},"query-input":{"@type":"PropertyValueSpecification","valueRequired":true,"valueName":"search_term_string"}}],"inLanguage":"de"},{"@type":"Organization","@id":"https:\/\/praxis-hochdoerffer.de\/praxis\/#organization","name":"Praxis Hochd\u00f6rffer","url":"https:\/\/praxis-hochdoerffer.de\/praxis\/","logo":{"@type":"ImageObject","inLanguage":"de","@id":"https:\/\/praxis-hochdoerffer.de\/praxis\/#\/schema\/logo\/image\/","url":"https:\/\/praxis-hochdoerffer.de\/praxis\/wp-content\/uploads\/2021\/06\/cropped-iconh.png","contentUrl":"https:\/\/praxis-hochdoerffer.de\/praxis\/wp-content\/uploads\/2021\/06\/cropped-iconh.png","width":512,"height":512,"caption":"Praxis Hochd\u00f6rffer"},"image":{"@id":"https:\/\/praxis-hochdoerffer.de\/praxis\/#\/schema\/logo\/image\/"}}]}},"_links":{"self":[{"href":"https:\/\/praxis-hochdoerffer.de\/praxis\/wp-json\/wp\/v2\/pages\/56","targetHints":{"allow":["GET"]}}],"collection":[{"href":"https:\/\/praxis-hochdoerffer.de\/praxis\/wp-json\/wp\/v2\/pages"}],"about":[{"href":"https:\/\/praxis-hochdoerffer.de\/praxis\/wp-json\/wp\/v2\/types\/page"}],"author":[{"embeddable":true,"href":"https:\/\/praxis-hochdoerffer.de\/praxis\/wp-json\/wp\/v2\/users\/2"}],"replies":[{"embeddable":true,"href":"https:\/\/praxis-hochdoerffer.de\/praxis\/wp-json\/wp\/v2\/comments?post=56"}],"version-history":[{"count":12,"href":"https:\/\/praxis-hochdoerffer.de\/praxis\/wp-json\/wp\/v2\/pages\/56\/revisions"}],"predecessor-version":[{"id":943,"href":"https:\/\/praxis-hochdoerffer.de\/praxis\/wp-json\/wp\/v2\/pages\/56\/revisions\/943"}],"wp:attachment":[{"href":"https:\/\/praxis-hochdoerffer.de\/praxis\/wp-json\/wp\/v2\/media?parent=56"}],"curies":[{"name":"wp","href":"https:\/\/api.w.org\/{rel}","templated":true}]}}