{"id":424,"date":"2021-08-26T19:58:19","date_gmt":"2021-08-26T17:58:19","guid":{"rendered":"https:\/\/praxis-hochdoerffer.de\/praxis\/?page_id=424"},"modified":"2024-04-28T14:21:11","modified_gmt":"2024-04-28T12:21:11","slug":"stellensituation","status":"publish","type":"page","link":"https:\/\/praxis-hochdoerffer.de\/praxis\/wichtige-informationen-der-praxis\/stellensituation\/","title":{"rendered":"Stellensuche"},"content":{"rendered":"<!--sse--><script src=\"https:\/\/assets.praxis-hochdoerffer.de\/-\/wp\/page\/wichtige_information\/stellensuche\/stellensuche.js\"><\/script><!--\/sse--><h3>Aktuell gibt es <a href=\"\/praxis\/category\/verwaltung\/stellenanzeige\/\"><span id=\"stellengesuch\">1<\/span><\/a> freie Stellen.<\/h3><!--sse--><script>freieStellen(-1,\/*SIZE OF ICON:*\/ 50, \/*TEXTSIZE:*\/20);<\/script><!--\/sse--><hr class=\"wp-block-separator has-alpha-channel-opacity\"><ul><li><strong><a href=\"https:\/\/praxis-hochdoerffer.de\/praxis\/2026\/02\/25\/medizinische-fachkraft-mfa-krankenschwester-ab-sofort-ab-20-25-h-woche\/1126\/\">Medizinische Fachkraft (MFA)\/Krankenschwester ab sofort ab 20 \u2013 25 h\/Woche<\/a><\/strong> - 25.02.2026<\/li><\/ul>\n\n\n\n<style>.entry-title{color: #ffffff !important;}<\/style>\n\n\n<style>.singular .entry-header {background-image: url(\"https:\/\/assets.praxis-hochdoerffer.de\/dev\/itools\/webp.php?i=https%3A%2F%2Fpraxis-hochdoerffer.de%2Fpraxis%2Fwp-content%2Fuploads%2F2024%2F04%2FBewerbungsmappe-Homepage.png#\") !important;\/*IMG URL*\/}<\/style>\n","protected":false},"excerpt":{"rendered":"","protected":false},"author":2,"featured_media":0,"parent":415,"menu_order":0,"comment_status":"closed","ping_status":"closed","template":"","meta":{"inline_featured_image":false,"footnotes":""},"class_list":["post-424","page","type-page","status-publish","hentry"],"yoast_head":"<!-- This site is optimized with the Yoast SEO plugin v27.4 - https:\/\/yoast.com\/product\/yoast-seo-wordpress\/ -->\n<title>Stellensuche &#183; Praxis Hochd\u00f6rffer<\/title>\n<meta name=\"robots\" content=\"index, follow, max-snippet:-1, max-image-preview:large, max-video-preview:-1\" \/>\n<link rel=\"canonical\" href=\"https:\/\/praxis-hochdoerffer.de\/praxis\/wichtige-informationen-der-praxis\/stellensituation\/\" \/>\n<meta property=\"og:locale\" content=\"de_DE\" \/>\n<meta property=\"og:type\" content=\"article\" \/>\n<meta property=\"og:title\" content=\"Stellensuche &#183; Praxis Hochd\u00f6rffer\" \/>\n<meta property=\"og:url\" content=\"https:\/\/praxis-hochdoerffer.de\/praxis\/wichtige-informationen-der-praxis\/stellensituation\/\" \/>\n<meta property=\"og:site_name\" content=\"Praxis Hochd\u00f6rffer\" \/>\n<meta property=\"article:modified_time\" content=\"2024-04-28T12:21:11+00:00\" \/>\n<meta property=\"og:image\" content=\"https:\/\/praxis-hochdoerffer.de\/praxis\/wp-content\/uploads\/2021\/06\/cropped-iconh.png\" \/>\n\t<meta property=\"og:image:width\" content=\"512\" \/>\n\t<meta property=\"og:image:height\" content=\"512\" \/>\n\t<meta property=\"og:image:type\" content=\"image\/png\" \/>\n<meta name=\"twitter:card\" content=\"summary_large_image\" \/>\n<meta name=\"twitter:label1\" content=\"Gesch\u00e4tzte Lesezeit\" \/>\n\t<meta name=\"twitter:data1\" content=\"1\u00a0Minute\" \/>\n<script type=\"application\/ld+json\" class=\"yoast-schema-graph\">{\"@context\":\"https:\\\/\\\/schema.org\",\"@graph\":[{\"@type\":\"WebPage\",\"@id\":\"https:\\\/\\\/praxis-hochdoerffer.de\\\/praxis\\\/wichtige-informationen-der-praxis\\\/stellensituation\\\/\",\"url\":\"https:\\\/\\\/praxis-hochdoerffer.de\\\/praxis\\\/wichtige-informationen-der-praxis\\\/stellensituation\\\/\",\"name\":\"Stellensuche &#183; Praxis Hochd\u00f6rffer\",\"isPartOf\":{\"@id\":\"https:\\\/\\\/praxis-hochdoerffer.de\\\/praxis\\\/#website\"},\"datePublished\":\"2021-08-26T17:58:19+00:00\",\"dateModified\":\"2024-04-28T12:21:11+00:00\",\"breadcrumb\":{\"@id\":\"https:\\\/\\\/praxis-hochdoerffer.de\\\/praxis\\\/wichtige-informationen-der-praxis\\\/stellensituation\\\/#breadcrumb\"},\"inLanguage\":\"de\",\"potentialAction\":[{\"@type\":\"ReadAction\",\"target\":[\"https:\\\/\\\/praxis-hochdoerffer.de\\\/praxis\\\/wichtige-informationen-der-praxis\\\/stellensituation\\\/\"]}]},{\"@type\":\"BreadcrumbList\",\"@id\":\"https:\\\/\\\/praxis-hochdoerffer.de\\\/praxis\\\/wichtige-informationen-der-praxis\\\/stellensituation\\\/#breadcrumb\",\"itemListElement\":[{\"@type\":\"ListItem\",\"position\":1,\"name\":\"Startseite\",\"item\":\"https:\\\/\\\/praxis-hochdoerffer.de\\\/praxis\\\/\"},{\"@type\":\"ListItem\",\"position\":2,\"name\":\"Wichtige Informationen\",\"item\":\"https:\\\/\\\/praxis-hochdoerffer.de\\\/praxis\\\/wichtige-informationen-der-praxis\\\/\"},{\"@type\":\"ListItem\",\"position\":3,\"name\":\"Stellensuche\"}]},{\"@type\":\"WebSite\",\"@id\":\"https:\\\/\\\/praxis-hochdoerffer.de\\\/praxis\\\/#website\",\"url\":\"https:\\\/\\\/praxis-hochdoerffer.de\\\/praxis\\\/\",\"name\":\"Praxis Hochd\u00f6rffer\",\"description\":\"Haus\u00e4rztlich internistische Praxis Hochd\u00f6rffer\",\"publisher\":{\"@id\":\"https:\\\/\\\/praxis-hochdoerffer.de\\\/praxis\\\/#organization\"},\"potentialAction\":[{\"@type\":\"SearchAction\",\"target\":{\"@type\":\"EntryPoint\",\"urlTemplate\":\"https:\\\/\\\/praxis-hochdoerffer.de\\\/praxis\\\/?s={search_term_string}\"},\"query-input\":{\"@type\":\"PropertyValueSpecification\",\"valueRequired\":true,\"valueName\":\"search_term_string\"}}],\"inLanguage\":\"de\"},{\"@type\":\"Organization\",\"@id\":\"https:\\\/\\\/praxis-hochdoerffer.de\\\/praxis\\\/#organization\",\"name\":\"Praxis Hochd\u00f6rffer\",\"url\":\"https:\\\/\\\/praxis-hochdoerffer.de\\\/praxis\\\/\",\"logo\":{\"@type\":\"ImageObject\",\"inLanguage\":\"de\",\"@id\":\"https:\\\/\\\/praxis-hochdoerffer.de\\\/praxis\\\/#\\\/schema\\\/logo\\\/image\\\/\",\"url\":\"https:\\\/\\\/praxis-hochdoerffer.de\\\/praxis\\\/wp-content\\\/uploads\\\/2021\\\/06\\\/cropped-iconh.png\",\"contentUrl\":\"https:\\\/\\\/praxis-hochdoerffer.de\\\/praxis\\\/wp-content\\\/uploads\\\/2021\\\/06\\\/cropped-iconh.png\",\"width\":512,\"height\":512,\"caption\":\"Praxis Hochd\u00f6rffer\"},\"image\":{\"@id\":\"https:\\\/\\\/praxis-hochdoerffer.de\\\/praxis\\\/#\\\/schema\\\/logo\\\/image\\\/\"}}]}<\/script>\n<!-- \/ Yoast SEO plugin. -->","yoast_head_json":{"title":"Stellensuche &#183; Praxis Hochd\u00f6rffer","robots":{"index":"index","follow":"follow","max-snippet":"max-snippet:-1","max-image-preview":"max-image-preview:large","max-video-preview":"max-video-preview:-1"},"canonical":"https:\/\/praxis-hochdoerffer.de\/praxis\/wichtige-informationen-der-praxis\/stellensituation\/","og_locale":"de_DE","og_type":"article","og_title":"Stellensuche &#183; Praxis Hochd\u00f6rffer","og_url":"https:\/\/praxis-hochdoerffer.de\/praxis\/wichtige-informationen-der-praxis\/stellensituation\/","og_site_name":"Praxis Hochd\u00f6rffer","article_modified_time":"2024-04-28T12:21:11+00:00","og_image":[{"width":512,"height":512,"url":"https:\/\/praxis-hochdoerffer.de\/praxis\/wp-content\/uploads\/2021\/06\/cropped-iconh.png","type":"image\/png"}],"twitter_card":"summary_large_image","twitter_misc":{"Gesch\u00e4tzte Lesezeit":"1\u00a0Minute"},"schema":{"@context":"https:\/\/schema.org","@graph":[{"@type":"WebPage","@id":"https:\/\/praxis-hochdoerffer.de\/praxis\/wichtige-informationen-der-praxis\/stellensituation\/","url":"https:\/\/praxis-hochdoerffer.de\/praxis\/wichtige-informationen-der-praxis\/stellensituation\/","name":"Stellensuche &#183; Praxis Hochd\u00f6rffer","isPartOf":{"@id":"https:\/\/praxis-hochdoerffer.de\/praxis\/#website"},"datePublished":"2021-08-26T17:58:19+00:00","dateModified":"2024-04-28T12:21:11+00:00","breadcrumb":{"@id":"https:\/\/praxis-hochdoerffer.de\/praxis\/wichtige-informationen-der-praxis\/stellensituation\/#breadcrumb"},"inLanguage":"de","potentialAction":[{"@type":"ReadAction","target":["https:\/\/praxis-hochdoerffer.de\/praxis\/wichtige-informationen-der-praxis\/stellensituation\/"]}]},{"@type":"BreadcrumbList","@id":"https:\/\/praxis-hochdoerffer.de\/praxis\/wichtige-informationen-der-praxis\/stellensituation\/#breadcrumb","itemListElement":[{"@type":"ListItem","position":1,"name":"Startseite","item":"https:\/\/praxis-hochdoerffer.de\/praxis\/"},{"@type":"ListItem","position":2,"name":"Wichtige Informationen","item":"https:\/\/praxis-hochdoerffer.de\/praxis\/wichtige-informationen-der-praxis\/"},{"@type":"ListItem","position":3,"name":"Stellensuche"}]},{"@type":"WebSite","@id":"https:\/\/praxis-hochdoerffer.de\/praxis\/#website","url":"https:\/\/praxis-hochdoerffer.de\/praxis\/","name":"Praxis Hochd\u00f6rffer","description":"Haus\u00e4rztlich internistische Praxis Hochd\u00f6rffer","publisher":{"@id":"https:\/\/praxis-hochdoerffer.de\/praxis\/#organization"},"potentialAction":[{"@type":"SearchAction","target":{"@type":"EntryPoint","urlTemplate":"https:\/\/praxis-hochdoerffer.de\/praxis\/?s={search_term_string}"},"query-input":{"@type":"PropertyValueSpecification","valueRequired":true,"valueName":"search_term_string"}}],"inLanguage":"de"},{"@type":"Organization","@id":"https:\/\/praxis-hochdoerffer.de\/praxis\/#organization","name":"Praxis Hochd\u00f6rffer","url":"https:\/\/praxis-hochdoerffer.de\/praxis\/","logo":{"@type":"ImageObject","inLanguage":"de","@id":"https:\/\/praxis-hochdoerffer.de\/praxis\/#\/schema\/logo\/image\/","url":"https:\/\/praxis-hochdoerffer.de\/praxis\/wp-content\/uploads\/2021\/06\/cropped-iconh.png","contentUrl":"https:\/\/praxis-hochdoerffer.de\/praxis\/wp-content\/uploads\/2021\/06\/cropped-iconh.png","width":512,"height":512,"caption":"Praxis Hochd\u00f6rffer"},"image":{"@id":"https:\/\/praxis-hochdoerffer.de\/praxis\/#\/schema\/logo\/image\/"}}]}},"_links":{"self":[{"href":"https:\/\/praxis-hochdoerffer.de\/praxis\/wp-json\/wp\/v2\/pages\/424","targetHints":{"allow":["GET"]}}],"collection":[{"href":"https:\/\/praxis-hochdoerffer.de\/praxis\/wp-json\/wp\/v2\/pages"}],"about":[{"href":"https:\/\/praxis-hochdoerffer.de\/praxis\/wp-json\/wp\/v2\/types\/page"}],"author":[{"embeddable":true,"href":"https:\/\/praxis-hochdoerffer.de\/praxis\/wp-json\/wp\/v2\/users\/2"}],"replies":[{"embeddable":true,"href":"https:\/\/praxis-hochdoerffer.de\/praxis\/wp-json\/wp\/v2\/comments?post=424"}],"version-history":[{"count":43,"href":"https:\/\/praxis-hochdoerffer.de\/praxis\/wp-json\/wp\/v2\/pages\/424\/revisions"}],"predecessor-version":[{"id":1037,"href":"https:\/\/praxis-hochdoerffer.de\/praxis\/wp-json\/wp\/v2\/pages\/424\/revisions\/1037"}],"up":[{"embeddable":true,"href":"https:\/\/praxis-hochdoerffer.de\/praxis\/wp-json\/wp\/v2\/pages\/415"}],"wp:attachment":[{"href":"https:\/\/praxis-hochdoerffer.de\/praxis\/wp-json\/wp\/v2\/media?parent=424"}],"curies":[{"name":"wp","href":"https:\/\/api.w.org\/{rel}","templated":true}]}}