{"id":316,"date":"2021-08-01T14:37:03","date_gmt":"2021-08-01T14:37:03","guid":{"rendered":"https:\/\/praxis-hochdoerffer.de\/praxis\/?page_id=316"},"modified":"2021-08-29T11:58:51","modified_gmt":"2021-08-29T09:58:51","slug":"thoraxsonographie","status":"publish","type":"page","link":"https:\/\/praxis-hochdoerffer.de\/praxis\/leistungen\/thoraxsonographie\/","title":{"rendered":"Thoraxsonographie\/  Ultraschall Brustkorb und Lunge"},"content":{"rendered":"\n<p>Bei der Thoraxsonographie lassen sich mit hoher Empfindlichkeit (Sensitivit\u00e4t) Ver\u00e4nderungen nachweisen, welche vor allem an den Brustkorb heranreichen. Hierzu geh\u00f6ren auch an das \u00e4u\u00dfere Lungenfell heranreichende Pathologien der Lunge. <\/p>\n\n\n\n<p>Da es bei Luft (wie bei Knochen) zu einer Totalreflexion des Schalls kommt, gilt die Regel:                                                                                  Wenn man bei dieser Untersuchung der Lunge nichts erkennt, liegen keine pathologischen Ver\u00e4nderungen vor.  <\/p>\n\n\n\n<p>Durch Anwendung dieser Untersuchung lassen sich also Ver\u00e4nderungen wie Pleuraerg\u00fcsse (Fl\u00fcssigkeitseinlagerungen zwischen Brustkorb und Lunge), Pneumonien (Lungenentz\u00fcndungen) sowie Pneumothorax (Luftansammlung im Spalt zwischen Lunge und Brustkorb) mit hoher Empfindlichkeit nachweisen. Pleura- sowie thoraxwandnahe raumfordernde Prozesse (u. a. in der Peripherie liegende Lungentumore) lassen sich problemlos mit hoher Aufl\u00f6sung darstellen. Rippenbr\u00fcche sind einfach und schnell zu diagnostizieren. Weiterhin ergeben sich bei entsprechender Expertise des Untersuchers in Zusammenschau mit einer Beinvenendoppleruntersuchung sowie Echokardiographie eindeutige Hinweise f\u00fcr eine stattgehabte Lungenarterienembolie.  <\/p>\n\n\n\n<p>Die Thoraxsonographie hat hierbei eine deutlich bessere Empfindlichkeit als das normale R\u00f6ntgenbild der Lunge und erreicht in Abh\u00e4ngigkeit der Lokalisation des Befundes betreffend der Sensitivit\u00e4t und Spezifit\u00e4t bis an die Computertomographie heran. Bei entsprechenden Voraussetzungen (z. B. schwangere Frauen) gibt es eine eindeutige Empfehlung, die Thoraxsonographie zur Diagnostik einer Lungenarterienembolie der Computertomographie aufgrund der Strahlenbelastung vorzuziehen.       <\/p>\n\n\n\n<p>Vorteile bestehen darin, dass die Untersuchung \u00fcberall gut verf\u00fcgbar ist, schnell und wiederholt durchgef\u00fchrt werden kann, mit einer gegen\u00fcber dem R\u00f6ntgen h\u00f6heren Empfindlichkeit (Sensitivit\u00e4t) einhergeht und gleichzeitig keine Strahlenbelastung (sog. ionisierende Strahlung) gegeben ist. Nachteil ist sicherlich die geringere \u00dcbersichtlichkeit. <\/p>\n\n\n\n<p><\/p>\n","protected":false},"excerpt":{"rendered":"<p>Bei der Thoraxsonographie lassen sich mit hoher Empfindlichkeit (Sensitivit\u00e4t) Ver\u00e4nderungen nachweisen, welche vor allem an den Brustkorb heranreichen. Hierzu geh\u00f6ren auch an das \u00e4u\u00dfere Lungenfell heranreichende Pathologien der Lunge. Da es bei Luft (wie bei Knochen) zu einer Totalreflexion des Schalls kommt, gilt die Regel: Wenn man bei dieser Untersuchung der Lunge nichts erkennt, liegen [&hellip;]<\/p>\n","protected":false},"author":2,"featured_media":0,"parent":59,"menu_order":0,"comment_status":"closed","ping_status":"closed","template":"","meta":{"inline_featured_image":false,"footnotes":""},"class_list":["post-316","page","type-page","status-publish","hentry"],"yoast_head":"<!-- This site is optimized with the Yoast SEO plugin v27.4 - https:\/\/yoast.com\/product\/yoast-seo-wordpress\/ -->\n<title>Thoraxsonographie\/ Ultraschall Brustkorb und Lunge &#183; Praxis Hochd\u00f6rffer<\/title>\n<meta name=\"robots\" content=\"index, follow, max-snippet:-1, max-image-preview:large, max-video-preview:-1\" \/>\n<link rel=\"canonical\" href=\"https:\/\/praxis-hochdoerffer.de\/praxis\/leistungen\/thoraxsonographie\/\" \/>\n<meta property=\"og:locale\" content=\"de_DE\" \/>\n<meta property=\"og:type\" content=\"article\" \/>\n<meta property=\"og:title\" content=\"Thoraxsonographie\/ Ultraschall Brustkorb und Lunge &#183; Praxis Hochd\u00f6rffer\" \/>\n<meta property=\"og:description\" content=\"Bei der Thoraxsonographie lassen sich mit hoher Empfindlichkeit (Sensitivit\u00e4t) Ver\u00e4nderungen nachweisen, welche vor allem an den Brustkorb heranreichen. Hierzu geh\u00f6ren auch an das \u00e4u\u00dfere Lungenfell heranreichende Pathologien der Lunge. Da es bei Luft (wie bei Knochen) zu einer Totalreflexion des Schalls kommt, gilt die Regel: Wenn man bei dieser Untersuchung der Lunge nichts erkennt, liegen [&hellip;]\" \/>\n<meta property=\"og:url\" content=\"https:\/\/praxis-hochdoerffer.de\/praxis\/leistungen\/thoraxsonographie\/\" \/>\n<meta property=\"og:site_name\" content=\"Praxis Hochd\u00f6rffer\" \/>\n<meta property=\"article:modified_time\" content=\"2021-08-29T09:58:51+00:00\" \/>\n<meta property=\"og:image\" content=\"https:\/\/praxis-hochdoerffer.de\/praxis\/wp-content\/uploads\/2021\/06\/cropped-iconh.png\" \/>\n\t<meta property=\"og:image:width\" content=\"512\" \/>\n\t<meta property=\"og:image:height\" content=\"512\" \/>\n\t<meta property=\"og:image:type\" content=\"image\/png\" \/>\n<meta name=\"twitter:card\" content=\"summary_large_image\" \/>\n<meta name=\"twitter:label1\" content=\"Gesch\u00e4tzte Lesezeit\" \/>\n\t<meta name=\"twitter:data1\" content=\"1\u00a0Minute\" \/>\n<script type=\"application\/ld+json\" class=\"yoast-schema-graph\">{\"@context\":\"https:\\\/\\\/schema.org\",\"@graph\":[{\"@type\":\"WebPage\",\"@id\":\"https:\\\/\\\/praxis-hochdoerffer.de\\\/praxis\\\/leistungen\\\/thoraxsonographie\\\/\",\"url\":\"https:\\\/\\\/praxis-hochdoerffer.de\\\/praxis\\\/leistungen\\\/thoraxsonographie\\\/\",\"name\":\"Thoraxsonographie\\\/ Ultraschall Brustkorb und Lunge &#183; Praxis Hochd\u00f6rffer\",\"isPartOf\":{\"@id\":\"https:\\\/\\\/praxis-hochdoerffer.de\\\/praxis\\\/#website\"},\"datePublished\":\"2021-08-01T14:37:03+00:00\",\"dateModified\":\"2021-08-29T09:58:51+00:00\",\"breadcrumb\":{\"@id\":\"https:\\\/\\\/praxis-hochdoerffer.de\\\/praxis\\\/leistungen\\\/thoraxsonographie\\\/#breadcrumb\"},\"inLanguage\":\"de\",\"potentialAction\":[{\"@type\":\"ReadAction\",\"target\":[\"https:\\\/\\\/praxis-hochdoerffer.de\\\/praxis\\\/leistungen\\\/thoraxsonographie\\\/\"]}]},{\"@type\":\"BreadcrumbList\",\"@id\":\"https:\\\/\\\/praxis-hochdoerffer.de\\\/praxis\\\/leistungen\\\/thoraxsonographie\\\/#breadcrumb\",\"itemListElement\":[{\"@type\":\"ListItem\",\"position\":1,\"name\":\"Startseite\",\"item\":\"https:\\\/\\\/praxis-hochdoerffer.de\\\/praxis\\\/\"},{\"@type\":\"ListItem\",\"position\":2,\"name\":\"Leistungen\",\"item\":\"https:\\\/\\\/praxis-hochdoerffer.de\\\/praxis\\\/leistungen\\\/\"},{\"@type\":\"ListItem\",\"position\":3,\"name\":\"Thoraxsonographie\\\/ Ultraschall Brustkorb und Lunge\"}]},{\"@type\":\"WebSite\",\"@id\":\"https:\\\/\\\/praxis-hochdoerffer.de\\\/praxis\\\/#website\",\"url\":\"https:\\\/\\\/praxis-hochdoerffer.de\\\/praxis\\\/\",\"name\":\"Praxis Hochd\u00f6rffer\",\"description\":\"Haus\u00e4rztlich internistische Praxis Hochd\u00f6rffer\",\"publisher\":{\"@id\":\"https:\\\/\\\/praxis-hochdoerffer.de\\\/praxis\\\/#organization\"},\"potentialAction\":[{\"@type\":\"SearchAction\",\"target\":{\"@type\":\"EntryPoint\",\"urlTemplate\":\"https:\\\/\\\/praxis-hochdoerffer.de\\\/praxis\\\/?s={search_term_string}\"},\"query-input\":{\"@type\":\"PropertyValueSpecification\",\"valueRequired\":true,\"valueName\":\"search_term_string\"}}],\"inLanguage\":\"de\"},{\"@type\":\"Organization\",\"@id\":\"https:\\\/\\\/praxis-hochdoerffer.de\\\/praxis\\\/#organization\",\"name\":\"Praxis Hochd\u00f6rffer\",\"url\":\"https:\\\/\\\/praxis-hochdoerffer.de\\\/praxis\\\/\",\"logo\":{\"@type\":\"ImageObject\",\"inLanguage\":\"de\",\"@id\":\"https:\\\/\\\/praxis-hochdoerffer.de\\\/praxis\\\/#\\\/schema\\\/logo\\\/image\\\/\",\"url\":\"https:\\\/\\\/praxis-hochdoerffer.de\\\/praxis\\\/wp-content\\\/uploads\\\/2021\\\/06\\\/cropped-iconh.png\",\"contentUrl\":\"https:\\\/\\\/praxis-hochdoerffer.de\\\/praxis\\\/wp-content\\\/uploads\\\/2021\\\/06\\\/cropped-iconh.png\",\"width\":512,\"height\":512,\"caption\":\"Praxis Hochd\u00f6rffer\"},\"image\":{\"@id\":\"https:\\\/\\\/praxis-hochdoerffer.de\\\/praxis\\\/#\\\/schema\\\/logo\\\/image\\\/\"}}]}<\/script>\n<!-- \/ Yoast SEO plugin. -->","yoast_head_json":{"title":"Thoraxsonographie\/ Ultraschall Brustkorb und Lunge &#183; Praxis Hochd\u00f6rffer","robots":{"index":"index","follow":"follow","max-snippet":"max-snippet:-1","max-image-preview":"max-image-preview:large","max-video-preview":"max-video-preview:-1"},"canonical":"https:\/\/praxis-hochdoerffer.de\/praxis\/leistungen\/thoraxsonographie\/","og_locale":"de_DE","og_type":"article","og_title":"Thoraxsonographie\/ Ultraschall Brustkorb und Lunge &#183; Praxis Hochd\u00f6rffer","og_description":"Bei der Thoraxsonographie lassen sich mit hoher Empfindlichkeit (Sensitivit\u00e4t) Ver\u00e4nderungen nachweisen, welche vor allem an den Brustkorb heranreichen. Hierzu geh\u00f6ren auch an das \u00e4u\u00dfere Lungenfell heranreichende Pathologien der Lunge. Da es bei Luft (wie bei Knochen) zu einer Totalreflexion des Schalls kommt, gilt die Regel: Wenn man bei dieser Untersuchung der Lunge nichts erkennt, liegen [&hellip;]","og_url":"https:\/\/praxis-hochdoerffer.de\/praxis\/leistungen\/thoraxsonographie\/","og_site_name":"Praxis Hochd\u00f6rffer","article_modified_time":"2021-08-29T09:58:51+00:00","og_image":[{"width":512,"height":512,"url":"https:\/\/praxis-hochdoerffer.de\/praxis\/wp-content\/uploads\/2021\/06\/cropped-iconh.png","type":"image\/png"}],"twitter_card":"summary_large_image","twitter_misc":{"Gesch\u00e4tzte Lesezeit":"1\u00a0Minute"},"schema":{"@context":"https:\/\/schema.org","@graph":[{"@type":"WebPage","@id":"https:\/\/praxis-hochdoerffer.de\/praxis\/leistungen\/thoraxsonographie\/","url":"https:\/\/praxis-hochdoerffer.de\/praxis\/leistungen\/thoraxsonographie\/","name":"Thoraxsonographie\/ Ultraschall Brustkorb und Lunge &#183; Praxis Hochd\u00f6rffer","isPartOf":{"@id":"https:\/\/praxis-hochdoerffer.de\/praxis\/#website"},"datePublished":"2021-08-01T14:37:03+00:00","dateModified":"2021-08-29T09:58:51+00:00","breadcrumb":{"@id":"https:\/\/praxis-hochdoerffer.de\/praxis\/leistungen\/thoraxsonographie\/#breadcrumb"},"inLanguage":"de","potentialAction":[{"@type":"ReadAction","target":["https:\/\/praxis-hochdoerffer.de\/praxis\/leistungen\/thoraxsonographie\/"]}]},{"@type":"BreadcrumbList","@id":"https:\/\/praxis-hochdoerffer.de\/praxis\/leistungen\/thoraxsonographie\/#breadcrumb","itemListElement":[{"@type":"ListItem","position":1,"name":"Startseite","item":"https:\/\/praxis-hochdoerffer.de\/praxis\/"},{"@type":"ListItem","position":2,"name":"Leistungen","item":"https:\/\/praxis-hochdoerffer.de\/praxis\/leistungen\/"},{"@type":"ListItem","position":3,"name":"Thoraxsonographie\/ Ultraschall Brustkorb und Lunge"}]},{"@type":"WebSite","@id":"https:\/\/praxis-hochdoerffer.de\/praxis\/#website","url":"https:\/\/praxis-hochdoerffer.de\/praxis\/","name":"Praxis Hochd\u00f6rffer","description":"Haus\u00e4rztlich internistische Praxis Hochd\u00f6rffer","publisher":{"@id":"https:\/\/praxis-hochdoerffer.de\/praxis\/#organization"},"potentialAction":[{"@type":"SearchAction","target":{"@type":"EntryPoint","urlTemplate":"https:\/\/praxis-hochdoerffer.de\/praxis\/?s={search_term_string}"},"query-input":{"@type":"PropertyValueSpecification","valueRequired":true,"valueName":"search_term_string"}}],"inLanguage":"de"},{"@type":"Organization","@id":"https:\/\/praxis-hochdoerffer.de\/praxis\/#organization","name":"Praxis Hochd\u00f6rffer","url":"https:\/\/praxis-hochdoerffer.de\/praxis\/","logo":{"@type":"ImageObject","inLanguage":"de","@id":"https:\/\/praxis-hochdoerffer.de\/praxis\/#\/schema\/logo\/image\/","url":"https:\/\/praxis-hochdoerffer.de\/praxis\/wp-content\/uploads\/2021\/06\/cropped-iconh.png","contentUrl":"https:\/\/praxis-hochdoerffer.de\/praxis\/wp-content\/uploads\/2021\/06\/cropped-iconh.png","width":512,"height":512,"caption":"Praxis Hochd\u00f6rffer"},"image":{"@id":"https:\/\/praxis-hochdoerffer.de\/praxis\/#\/schema\/logo\/image\/"}}]}},"_links":{"self":[{"href":"https:\/\/praxis-hochdoerffer.de\/praxis\/wp-json\/wp\/v2\/pages\/316","targetHints":{"allow":["GET"]}}],"collection":[{"href":"https:\/\/praxis-hochdoerffer.de\/praxis\/wp-json\/wp\/v2\/pages"}],"about":[{"href":"https:\/\/praxis-hochdoerffer.de\/praxis\/wp-json\/wp\/v2\/types\/page"}],"author":[{"embeddable":true,"href":"https:\/\/praxis-hochdoerffer.de\/praxis\/wp-json\/wp\/v2\/users\/2"}],"replies":[{"embeddable":true,"href":"https:\/\/praxis-hochdoerffer.de\/praxis\/wp-json\/wp\/v2\/comments?post=316"}],"version-history":[{"count":17,"href":"https:\/\/praxis-hochdoerffer.de\/praxis\/wp-json\/wp\/v2\/pages\/316\/revisions"}],"predecessor-version":[{"id":547,"href":"https:\/\/praxis-hochdoerffer.de\/praxis\/wp-json\/wp\/v2\/pages\/316\/revisions\/547"}],"up":[{"embeddable":true,"href":"https:\/\/praxis-hochdoerffer.de\/praxis\/wp-json\/wp\/v2\/pages\/59"}],"wp:attachment":[{"href":"https:\/\/praxis-hochdoerffer.de\/praxis\/wp-json\/wp\/v2\/media?parent=316"}],"curies":[{"name":"wp","href":"https:\/\/api.w.org\/{rel}","templated":true}]}}