{"id":313,"date":"2021-08-01T14:33:50","date_gmt":"2021-08-01T14:33:50","guid":{"rendered":"https:\/\/praxis-hochdoerffer.de\/praxis\/?page_id=313"},"modified":"2022-02-17T21:48:20","modified_gmt":"2022-02-17T20:48:20","slug":"disease-managment-programme-dmp","status":"publish","type":"page","link":"https:\/\/praxis-hochdoerffer.de\/praxis\/leistungen\/disease-managment-programme-dmp\/","title":{"rendered":"Disease Management Programme (DMP)"},"content":{"rendered":"\n<p>Wir betreuen Patienten in verschiedenen <strong>Disease Management Programmen<\/strong>. Bei DMP\u00b4s handelt sich um strukturierte, evidenzbasierte (also wissenschaftlich gest\u00fctzte) Behandlungsprogramme chronisch erkrankter Patienten. <\/p>\n\n\n\n<p><strong>Hierbei stehen folgende Erkrankungen besonders im Fokus: <\/strong><\/p>\n\n\n\n<p><em>Diabetes mellitus Typ 2<\/em><\/p>\n\n\n\n<p><em>Koronare Herzerkrankung <\/em><\/p>\n\n\n\n<p><em>Chronisch obstruktive Lungenerkrankung (COPD) sowie Asthma bronchiale<\/em><\/p>\n\n\n\n<p><\/p>\n\n\n\n<p>Bei regelm\u00e4\u00dfigen Vorstellungen wird der Status quo erfasst und in Abh\u00e4ngigkeit hiervon entweder die jeweilige Therapie beibehalten oder bei Notwendigkeit neue Ziele vereinbart. Das weitere therapeutische Vorgehen wird hierf\u00fcr eng zwischen Patient und Arzt abgestimmt.   <\/p>\n\n\n<style>.singular .entry-header {background-image: url(\"https:\/\/assets.praxis-hochdoerffer.de\/dev\/itools\/webp.php?i=https%3A%2F%2Fpraxis-hochdoerffer.de%2Fpraxis%2Fwp-content%2Fuploads%2F2021%2F09%2FHintergrundbild-DMP.png#\") !important;\/*IMG URL*\/}<\/style>\n\n\n\n<p><\/p>\n","protected":false},"excerpt":{"rendered":"<p>Wir betreuen Patienten in verschiedenen Disease Management Programmen. Bei DMP\u00b4s handelt sich um strukturierte, evidenzbasierte (also wissenschaftlich gest\u00fctzte) Behandlungsprogramme chronisch erkrankter Patienten. Hierbei stehen folgende Erkrankungen besonders im Fokus: Diabetes mellitus Typ 2 Koronare Herzerkrankung Chronisch obstruktive Lungenerkrankung (COPD) sowie Asthma bronchiale Bei regelm\u00e4\u00dfigen Vorstellungen wird der Status quo erfasst und in Abh\u00e4ngigkeit hiervon entweder [&hellip;]<\/p>\n","protected":false},"author":2,"featured_media":0,"parent":59,"menu_order":0,"comment_status":"closed","ping_status":"closed","template":"","meta":{"inline_featured_image":false,"footnotes":""},"class_list":["post-313","page","type-page","status-publish","hentry"],"yoast_head":"<!-- This site is optimized with the Yoast SEO plugin v27.4 - https:\/\/yoast.com\/product\/yoast-seo-wordpress\/ -->\n<title>Disease Management Programme (DMP) &#183; Praxis Hochd\u00f6rffer<\/title>\n<meta name=\"robots\" content=\"index, follow, max-snippet:-1, max-image-preview:large, max-video-preview:-1\" \/>\n<link rel=\"canonical\" href=\"https:\/\/praxis-hochdoerffer.de\/praxis\/leistungen\/disease-managment-programme-dmp\/\" \/>\n<meta property=\"og:locale\" content=\"de_DE\" \/>\n<meta property=\"og:type\" content=\"article\" \/>\n<meta property=\"og:title\" content=\"Disease Management Programme (DMP) &#183; Praxis Hochd\u00f6rffer\" \/>\n<meta property=\"og:description\" content=\"Wir betreuen Patienten in verschiedenen Disease Management Programmen. Bei DMP\u00b4s handelt sich um strukturierte, evidenzbasierte (also wissenschaftlich gest\u00fctzte) Behandlungsprogramme chronisch erkrankter Patienten. Hierbei stehen folgende Erkrankungen besonders im Fokus: Diabetes mellitus Typ 2 Koronare Herzerkrankung Chronisch obstruktive Lungenerkrankung (COPD) sowie Asthma bronchiale Bei regelm\u00e4\u00dfigen Vorstellungen wird der Status quo erfasst und in Abh\u00e4ngigkeit hiervon entweder [&hellip;]\" \/>\n<meta property=\"og:url\" content=\"https:\/\/praxis-hochdoerffer.de\/praxis\/leistungen\/disease-managment-programme-dmp\/\" \/>\n<meta property=\"og:site_name\" content=\"Praxis Hochd\u00f6rffer\" \/>\n<meta property=\"article:modified_time\" content=\"2022-02-17T20:48:20+00:00\" \/>\n<meta property=\"og:image\" content=\"https:\/\/praxis-hochdoerffer.de\/praxis\/wp-content\/uploads\/2021\/06\/cropped-iconh.png\" \/>\n\t<meta property=\"og:image:width\" content=\"512\" \/>\n\t<meta property=\"og:image:height\" content=\"512\" \/>\n\t<meta property=\"og:image:type\" content=\"image\/png\" \/>\n<meta name=\"twitter:card\" content=\"summary_large_image\" \/>\n<meta name=\"twitter:label1\" content=\"Gesch\u00e4tzte Lesezeit\" \/>\n\t<meta name=\"twitter:data1\" content=\"1\u00a0Minute\" \/>\n<script type=\"application\/ld+json\" class=\"yoast-schema-graph\">{\"@context\":\"https:\\\/\\\/schema.org\",\"@graph\":[{\"@type\":\"WebPage\",\"@id\":\"https:\\\/\\\/praxis-hochdoerffer.de\\\/praxis\\\/leistungen\\\/disease-managment-programme-dmp\\\/\",\"url\":\"https:\\\/\\\/praxis-hochdoerffer.de\\\/praxis\\\/leistungen\\\/disease-managment-programme-dmp\\\/\",\"name\":\"Disease Management Programme (DMP) &#183; Praxis Hochd\u00f6rffer\",\"isPartOf\":{\"@id\":\"https:\\\/\\\/praxis-hochdoerffer.de\\\/praxis\\\/#website\"},\"datePublished\":\"2021-08-01T14:33:50+00:00\",\"dateModified\":\"2022-02-17T20:48:20+00:00\",\"breadcrumb\":{\"@id\":\"https:\\\/\\\/praxis-hochdoerffer.de\\\/praxis\\\/leistungen\\\/disease-managment-programme-dmp\\\/#breadcrumb\"},\"inLanguage\":\"de\",\"potentialAction\":[{\"@type\":\"ReadAction\",\"target\":[\"https:\\\/\\\/praxis-hochdoerffer.de\\\/praxis\\\/leistungen\\\/disease-managment-programme-dmp\\\/\"]}]},{\"@type\":\"BreadcrumbList\",\"@id\":\"https:\\\/\\\/praxis-hochdoerffer.de\\\/praxis\\\/leistungen\\\/disease-managment-programme-dmp\\\/#breadcrumb\",\"itemListElement\":[{\"@type\":\"ListItem\",\"position\":1,\"name\":\"Startseite\",\"item\":\"https:\\\/\\\/praxis-hochdoerffer.de\\\/praxis\\\/\"},{\"@type\":\"ListItem\",\"position\":2,\"name\":\"Leistungen\",\"item\":\"https:\\\/\\\/praxis-hochdoerffer.de\\\/praxis\\\/leistungen\\\/\"},{\"@type\":\"ListItem\",\"position\":3,\"name\":\"Disease Management Programme (DMP)\"}]},{\"@type\":\"WebSite\",\"@id\":\"https:\\\/\\\/praxis-hochdoerffer.de\\\/praxis\\\/#website\",\"url\":\"https:\\\/\\\/praxis-hochdoerffer.de\\\/praxis\\\/\",\"name\":\"Praxis Hochd\u00f6rffer\",\"description\":\"Haus\u00e4rztlich internistische Praxis Hochd\u00f6rffer\",\"publisher\":{\"@id\":\"https:\\\/\\\/praxis-hochdoerffer.de\\\/praxis\\\/#organization\"},\"potentialAction\":[{\"@type\":\"SearchAction\",\"target\":{\"@type\":\"EntryPoint\",\"urlTemplate\":\"https:\\\/\\\/praxis-hochdoerffer.de\\\/praxis\\\/?s={search_term_string}\"},\"query-input\":{\"@type\":\"PropertyValueSpecification\",\"valueRequired\":true,\"valueName\":\"search_term_string\"}}],\"inLanguage\":\"de\"},{\"@type\":\"Organization\",\"@id\":\"https:\\\/\\\/praxis-hochdoerffer.de\\\/praxis\\\/#organization\",\"name\":\"Praxis Hochd\u00f6rffer\",\"url\":\"https:\\\/\\\/praxis-hochdoerffer.de\\\/praxis\\\/\",\"logo\":{\"@type\":\"ImageObject\",\"inLanguage\":\"de\",\"@id\":\"https:\\\/\\\/praxis-hochdoerffer.de\\\/praxis\\\/#\\\/schema\\\/logo\\\/image\\\/\",\"url\":\"https:\\\/\\\/praxis-hochdoerffer.de\\\/praxis\\\/wp-content\\\/uploads\\\/2021\\\/06\\\/cropped-iconh.png\",\"contentUrl\":\"https:\\\/\\\/praxis-hochdoerffer.de\\\/praxis\\\/wp-content\\\/uploads\\\/2021\\\/06\\\/cropped-iconh.png\",\"width\":512,\"height\":512,\"caption\":\"Praxis Hochd\u00f6rffer\"},\"image\":{\"@id\":\"https:\\\/\\\/praxis-hochdoerffer.de\\\/praxis\\\/#\\\/schema\\\/logo\\\/image\\\/\"}}]}<\/script>\n<!-- \/ Yoast SEO plugin. -->","yoast_head_json":{"title":"Disease Management Programme (DMP) &#183; Praxis Hochd\u00f6rffer","robots":{"index":"index","follow":"follow","max-snippet":"max-snippet:-1","max-image-preview":"max-image-preview:large","max-video-preview":"max-video-preview:-1"},"canonical":"https:\/\/praxis-hochdoerffer.de\/praxis\/leistungen\/disease-managment-programme-dmp\/","og_locale":"de_DE","og_type":"article","og_title":"Disease Management Programme (DMP) &#183; Praxis Hochd\u00f6rffer","og_description":"Wir betreuen Patienten in verschiedenen Disease Management Programmen. Bei DMP\u00b4s handelt sich um strukturierte, evidenzbasierte (also wissenschaftlich gest\u00fctzte) Behandlungsprogramme chronisch erkrankter Patienten. Hierbei stehen folgende Erkrankungen besonders im Fokus: Diabetes mellitus Typ 2 Koronare Herzerkrankung Chronisch obstruktive Lungenerkrankung (COPD) sowie Asthma bronchiale Bei regelm\u00e4\u00dfigen Vorstellungen wird der Status quo erfasst und in Abh\u00e4ngigkeit hiervon entweder [&hellip;]","og_url":"https:\/\/praxis-hochdoerffer.de\/praxis\/leistungen\/disease-managment-programme-dmp\/","og_site_name":"Praxis Hochd\u00f6rffer","article_modified_time":"2022-02-17T20:48:20+00:00","og_image":[{"width":512,"height":512,"url":"https:\/\/praxis-hochdoerffer.de\/praxis\/wp-content\/uploads\/2021\/06\/cropped-iconh.png","type":"image\/png"}],"twitter_card":"summary_large_image","twitter_misc":{"Gesch\u00e4tzte Lesezeit":"1\u00a0Minute"},"schema":{"@context":"https:\/\/schema.org","@graph":[{"@type":"WebPage","@id":"https:\/\/praxis-hochdoerffer.de\/praxis\/leistungen\/disease-managment-programme-dmp\/","url":"https:\/\/praxis-hochdoerffer.de\/praxis\/leistungen\/disease-managment-programme-dmp\/","name":"Disease Management Programme (DMP) &#183; Praxis Hochd\u00f6rffer","isPartOf":{"@id":"https:\/\/praxis-hochdoerffer.de\/praxis\/#website"},"datePublished":"2021-08-01T14:33:50+00:00","dateModified":"2022-02-17T20:48:20+00:00","breadcrumb":{"@id":"https:\/\/praxis-hochdoerffer.de\/praxis\/leistungen\/disease-managment-programme-dmp\/#breadcrumb"},"inLanguage":"de","potentialAction":[{"@type":"ReadAction","target":["https:\/\/praxis-hochdoerffer.de\/praxis\/leistungen\/disease-managment-programme-dmp\/"]}]},{"@type":"BreadcrumbList","@id":"https:\/\/praxis-hochdoerffer.de\/praxis\/leistungen\/disease-managment-programme-dmp\/#breadcrumb","itemListElement":[{"@type":"ListItem","position":1,"name":"Startseite","item":"https:\/\/praxis-hochdoerffer.de\/praxis\/"},{"@type":"ListItem","position":2,"name":"Leistungen","item":"https:\/\/praxis-hochdoerffer.de\/praxis\/leistungen\/"},{"@type":"ListItem","position":3,"name":"Disease Management Programme (DMP)"}]},{"@type":"WebSite","@id":"https:\/\/praxis-hochdoerffer.de\/praxis\/#website","url":"https:\/\/praxis-hochdoerffer.de\/praxis\/","name":"Praxis Hochd\u00f6rffer","description":"Haus\u00e4rztlich internistische Praxis Hochd\u00f6rffer","publisher":{"@id":"https:\/\/praxis-hochdoerffer.de\/praxis\/#organization"},"potentialAction":[{"@type":"SearchAction","target":{"@type":"EntryPoint","urlTemplate":"https:\/\/praxis-hochdoerffer.de\/praxis\/?s={search_term_string}"},"query-input":{"@type":"PropertyValueSpecification","valueRequired":true,"valueName":"search_term_string"}}],"inLanguage":"de"},{"@type":"Organization","@id":"https:\/\/praxis-hochdoerffer.de\/praxis\/#organization","name":"Praxis Hochd\u00f6rffer","url":"https:\/\/praxis-hochdoerffer.de\/praxis\/","logo":{"@type":"ImageObject","inLanguage":"de","@id":"https:\/\/praxis-hochdoerffer.de\/praxis\/#\/schema\/logo\/image\/","url":"https:\/\/praxis-hochdoerffer.de\/praxis\/wp-content\/uploads\/2021\/06\/cropped-iconh.png","contentUrl":"https:\/\/praxis-hochdoerffer.de\/praxis\/wp-content\/uploads\/2021\/06\/cropped-iconh.png","width":512,"height":512,"caption":"Praxis Hochd\u00f6rffer"},"image":{"@id":"https:\/\/praxis-hochdoerffer.de\/praxis\/#\/schema\/logo\/image\/"}}]}},"_links":{"self":[{"href":"https:\/\/praxis-hochdoerffer.de\/praxis\/wp-json\/wp\/v2\/pages\/313","targetHints":{"allow":["GET"]}}],"collection":[{"href":"https:\/\/praxis-hochdoerffer.de\/praxis\/wp-json\/wp\/v2\/pages"}],"about":[{"href":"https:\/\/praxis-hochdoerffer.de\/praxis\/wp-json\/wp\/v2\/types\/page"}],"author":[{"embeddable":true,"href":"https:\/\/praxis-hochdoerffer.de\/praxis\/wp-json\/wp\/v2\/users\/2"}],"replies":[{"embeddable":true,"href":"https:\/\/praxis-hochdoerffer.de\/praxis\/wp-json\/wp\/v2\/comments?post=313"}],"version-history":[{"count":19,"href":"https:\/\/praxis-hochdoerffer.de\/praxis\/wp-json\/wp\/v2\/pages\/313\/revisions"}],"predecessor-version":[{"id":729,"href":"https:\/\/praxis-hochdoerffer.de\/praxis\/wp-json\/wp\/v2\/pages\/313\/revisions\/729"}],"up":[{"embeddable":true,"href":"https:\/\/praxis-hochdoerffer.de\/praxis\/wp-json\/wp\/v2\/pages\/59"}],"wp:attachment":[{"href":"https:\/\/praxis-hochdoerffer.de\/praxis\/wp-json\/wp\/v2\/media?parent=313"}],"curies":[{"name":"wp","href":"https:\/\/api.w.org\/{rel}","templated":true}]}}