{"id":310,"date":"2021-08-01T14:30:34","date_gmt":"2021-08-01T14:30:34","guid":{"rendered":"https:\/\/praxis-hochdoerffer.de\/praxis\/?page_id=310"},"modified":"2022-02-17T22:02:01","modified_gmt":"2022-02-17T21:02:01","slug":"vorsorge-gesundheitsuntersuchung","status":"publish","type":"page","link":"https:\/\/praxis-hochdoerffer.de\/praxis\/leistungen\/vorsorge-gesundheitsuntersuchung\/","title":{"rendered":"Checks und Vorsorge-     untersuchungen"},"content":{"rendered":"\n<p><\/p>\n\n\n\n<p>Die Gesundheitsuntersuchung (&#8222;Gesundheitscheck&#8220;) ist eine ab dem 35. Lebensjahr von den Krankenkassen in dreij\u00e4hrigen Abst\u00e4nden \u00fcbernommene Untersuchung f\u00fcr unsere Patienten. Dieser &#8222;Check&#8220; bezieht sich in erster Linie auf <em>Patienten ohne Beschwerden<\/em> und ist nat\u00fcrlich unabh\u00e4ngig von jeglicher medizinisch indizierter Diagnostik bei Patienten mit Beschwerden.     <\/p>\n\n\n\n<p>Bestandteil der Gesundheitsuntersuchung stellt eine ausf\u00fchrliche Anamnese (Fragen zu Beschwerden und Krankheitsvorgeschichte) sowie eine k\u00f6rperliche Untersuchung dar. Dar\u00fcberhinaus wird in diesem Zusammenhang obligatorisch etwas Blut zur Bestimmung wichtiger Laborparameter (Blutbild, Nierenwerte, Blutzucker-\/Fettstoffwechsel sowie Schilddr\u00fcsensituation) entnommen.     <\/p>\n\n\n\n<p>So l\u00e4sst sich beispielsweise eine m\u00f6gliche, beschwerdearme Erkrankung schon relativ fr\u00fch diagnostizieren und entsprechend zeitnah behandeln. Sollten sich im Zuge dieser Untersuchungen Verdachtsmomente f\u00fcr das Vorliegen bestimmter Erkrankungen ergeben, f\u00fchren wir regelhaft eine weiter abkl\u00e4rende Ultraschalldiagnostik durch und veranlassen das weitere Vorgehen. <\/p>\n\n\n\n<p>Bei Patienten mit HZV-Vertr\u00e4gen (hausarztzentrierte Versorgung) besteht die M\u00f6glichkeit zu Gesundheitsuntersuchungen in j\u00e4hrlichen Abst\u00e4nden.<\/p>\n\n\n\n<p><\/p>\n\n\n\n<p><\/p>\n\n\n\n<h2 class=\"wp-block-heading\" id=\"darmspiegelung-besser-vorsorgen-als-nachsorgen\"><strong>Darmspiegelung \u2013 besser \u201evorsorgen\u201c als \u201enachsorgen\u201c<\/strong> <\/h2>\n\n\n\n<p>Zu den sinnvollen Vorsorgeuntersuchungen geh\u00f6rt die komplette <em>Darmspiegelung (Ileokoloskopie)<\/em>. Krankenkassen \u00fcbernehmen bei fr\u00fchzeitig potentiell betroffenen M\u00e4nnern ab dem 50. Lebensjahr, bei Frauen ab dem 55. Lebensjahr die Kosten. <\/p>\n\n\n\n<p>Ziel ist das Auffinden und fr\u00fchzeitige Entfernen (in selbiger Sitzung) bestimmter kleiner polyp\u00f6ser Ver\u00e4nderungen mit Entartungspotential (sog. Adenome). Im Zuge einer sog. Adenom \u2013 Karzinom  \u2013 Sequenz k\u00f6nnen sich kleine Ver\u00e4nderungen, welche im Rahmen einer Darmspiegelung problemlos entfernt werden, zu b\u00f6sartigen Geschw\u00fclsten entwickeln, welche in Abh\u00e4ngigkeit vom Tumorstadium dann letztlich nur einer ausgedehnten Operation oder palliativen Therapiekonzept (ohne Chance auf Heilung) zugef\u00fchrt werden k\u00f6nnen. <\/p>\n\n\n\n<p>Heutzutage wird die Darmspiegelung in Sedierung, d. h. mit der Gabe von Schlafmittel, angeboten, so dass die eigentliche Untersuchung f\u00fcr die Patienten wenig belastend ist. Der unangenehmste Part besteht in den Abf\u00fchrma\u00dfnahmen, damit die Darmschleimhaut gut beurteilt werden kann. <\/p>\n\n\n\n<p>Bei diesem Thema hat es sich bew\u00e4hrt: <strong>BESSER VORSORGEN ALS NACHSORGEN !!  <\/strong><\/p>\n\n\n\n<p><strong>Sollte der Verdacht eines Darmkrebses (z.B. positiver Stuhlbluttest) bestehen oder eine famili\u00e4re Belastung vorliegen, muss eine Darmspiegelung auch vor dem 50. bzw.  55. Geburtstag durchgef\u00fchrt und evtl. fr\u00fcher als nach 10 Jahren wiederholt werden. Diese Darmspiegelungen werden ebenfalls von der Gesetzlichen Krankenversicherung \u00fcbernommen.<\/strong><\/p>\n\n\n\n<p><\/p>\n\n\n\n<p><\/p>\n","protected":false},"excerpt":{"rendered":"<p>Die Gesundheitsuntersuchung (&#8222;Gesundheitscheck&#8220;) ist eine ab dem 35. Lebensjahr von den Krankenkassen in dreij\u00e4hrigen Abst\u00e4nden \u00fcbernommene Untersuchung f\u00fcr unsere Patienten. Dieser &#8222;Check&#8220; bezieht sich in erster Linie auf Patienten ohne Beschwerden und ist nat\u00fcrlich unabh\u00e4ngig von jeglicher medizinisch indizierter Diagnostik bei Patienten mit Beschwerden. Bestandteil der Gesundheitsuntersuchung stellt eine ausf\u00fchrliche Anamnese (Fragen zu Beschwerden und [&hellip;]<\/p>\n","protected":false},"author":2,"featured_media":0,"parent":59,"menu_order":0,"comment_status":"closed","ping_status":"closed","template":"","meta":{"inline_featured_image":false,"footnotes":""},"class_list":["post-310","page","type-page","status-publish","hentry"],"yoast_head":"<!-- This site is optimized with the Yoast SEO plugin v27.4 - https:\/\/yoast.com\/product\/yoast-seo-wordpress\/ -->\n<title>Checks und Vorsorge-   untersuchungen &#183; Praxis Hochd\u00f6rffer<\/title>\n<meta name=\"robots\" content=\"index, follow, max-snippet:-1, max-image-preview:large, max-video-preview:-1\" \/>\n<link rel=\"canonical\" href=\"https:\/\/praxis-hochdoerffer.de\/praxis\/leistungen\/vorsorge-gesundheitsuntersuchung\/\" \/>\n<meta property=\"og:locale\" content=\"de_DE\" \/>\n<meta property=\"og:type\" content=\"article\" \/>\n<meta property=\"og:title\" content=\"Checks und Vorsorge-   untersuchungen &#183; Praxis Hochd\u00f6rffer\" \/>\n<meta property=\"og:description\" content=\"Die Gesundheitsuntersuchung (&#8222;Gesundheitscheck&#8220;) ist eine ab dem 35. Lebensjahr von den Krankenkassen in dreij\u00e4hrigen Abst\u00e4nden \u00fcbernommene Untersuchung f\u00fcr unsere Patienten. Dieser &#8222;Check&#8220; bezieht sich in erster Linie auf Patienten ohne Beschwerden und ist nat\u00fcrlich unabh\u00e4ngig von jeglicher medizinisch indizierter Diagnostik bei Patienten mit Beschwerden. Bestandteil der Gesundheitsuntersuchung stellt eine ausf\u00fchrliche Anamnese (Fragen zu Beschwerden und [&hellip;]\" \/>\n<meta property=\"og:url\" content=\"https:\/\/praxis-hochdoerffer.de\/praxis\/leistungen\/vorsorge-gesundheitsuntersuchung\/\" \/>\n<meta property=\"og:site_name\" content=\"Praxis Hochd\u00f6rffer\" \/>\n<meta property=\"article:modified_time\" content=\"2022-02-17T21:02:01+00:00\" \/>\n<meta property=\"og:image\" content=\"https:\/\/praxis-hochdoerffer.de\/praxis\/wp-content\/uploads\/2021\/06\/cropped-iconh.png\" \/>\n\t<meta property=\"og:image:width\" content=\"512\" \/>\n\t<meta property=\"og:image:height\" content=\"512\" \/>\n\t<meta property=\"og:image:type\" content=\"image\/png\" \/>\n<meta name=\"twitter:card\" content=\"summary_large_image\" \/>\n<meta name=\"twitter:label1\" content=\"Gesch\u00e4tzte Lesezeit\" \/>\n\t<meta name=\"twitter:data1\" content=\"2\u00a0Minuten\" \/>\n<script type=\"application\/ld+json\" class=\"yoast-schema-graph\">{\"@context\":\"https:\\\/\\\/schema.org\",\"@graph\":[{\"@type\":\"WebPage\",\"@id\":\"https:\\\/\\\/praxis-hochdoerffer.de\\\/praxis\\\/leistungen\\\/vorsorge-gesundheitsuntersuchung\\\/\",\"url\":\"https:\\\/\\\/praxis-hochdoerffer.de\\\/praxis\\\/leistungen\\\/vorsorge-gesundheitsuntersuchung\\\/\",\"name\":\"Checks und Vorsorge- untersuchungen &#183; Praxis Hochd\u00f6rffer\",\"isPartOf\":{\"@id\":\"https:\\\/\\\/praxis-hochdoerffer.de\\\/praxis\\\/#website\"},\"datePublished\":\"2021-08-01T14:30:34+00:00\",\"dateModified\":\"2022-02-17T21:02:01+00:00\",\"breadcrumb\":{\"@id\":\"https:\\\/\\\/praxis-hochdoerffer.de\\\/praxis\\\/leistungen\\\/vorsorge-gesundheitsuntersuchung\\\/#breadcrumb\"},\"inLanguage\":\"de\",\"potentialAction\":[{\"@type\":\"ReadAction\",\"target\":[\"https:\\\/\\\/praxis-hochdoerffer.de\\\/praxis\\\/leistungen\\\/vorsorge-gesundheitsuntersuchung\\\/\"]}]},{\"@type\":\"BreadcrumbList\",\"@id\":\"https:\\\/\\\/praxis-hochdoerffer.de\\\/praxis\\\/leistungen\\\/vorsorge-gesundheitsuntersuchung\\\/#breadcrumb\",\"itemListElement\":[{\"@type\":\"ListItem\",\"position\":1,\"name\":\"Startseite\",\"item\":\"https:\\\/\\\/praxis-hochdoerffer.de\\\/praxis\\\/\"},{\"@type\":\"ListItem\",\"position\":2,\"name\":\"Leistungen\",\"item\":\"https:\\\/\\\/praxis-hochdoerffer.de\\\/praxis\\\/leistungen\\\/\"},{\"@type\":\"ListItem\",\"position\":3,\"name\":\"Checks und Vorsorge- untersuchungen\"}]},{\"@type\":\"WebSite\",\"@id\":\"https:\\\/\\\/praxis-hochdoerffer.de\\\/praxis\\\/#website\",\"url\":\"https:\\\/\\\/praxis-hochdoerffer.de\\\/praxis\\\/\",\"name\":\"Praxis Hochd\u00f6rffer\",\"description\":\"Haus\u00e4rztlich internistische Praxis Hochd\u00f6rffer\",\"publisher\":{\"@id\":\"https:\\\/\\\/praxis-hochdoerffer.de\\\/praxis\\\/#organization\"},\"potentialAction\":[{\"@type\":\"SearchAction\",\"target\":{\"@type\":\"EntryPoint\",\"urlTemplate\":\"https:\\\/\\\/praxis-hochdoerffer.de\\\/praxis\\\/?s={search_term_string}\"},\"query-input\":{\"@type\":\"PropertyValueSpecification\",\"valueRequired\":true,\"valueName\":\"search_term_string\"}}],\"inLanguage\":\"de\"},{\"@type\":\"Organization\",\"@id\":\"https:\\\/\\\/praxis-hochdoerffer.de\\\/praxis\\\/#organization\",\"name\":\"Praxis Hochd\u00f6rffer\",\"url\":\"https:\\\/\\\/praxis-hochdoerffer.de\\\/praxis\\\/\",\"logo\":{\"@type\":\"ImageObject\",\"inLanguage\":\"de\",\"@id\":\"https:\\\/\\\/praxis-hochdoerffer.de\\\/praxis\\\/#\\\/schema\\\/logo\\\/image\\\/\",\"url\":\"https:\\\/\\\/praxis-hochdoerffer.de\\\/praxis\\\/wp-content\\\/uploads\\\/2021\\\/06\\\/cropped-iconh.png\",\"contentUrl\":\"https:\\\/\\\/praxis-hochdoerffer.de\\\/praxis\\\/wp-content\\\/uploads\\\/2021\\\/06\\\/cropped-iconh.png\",\"width\":512,\"height\":512,\"caption\":\"Praxis Hochd\u00f6rffer\"},\"image\":{\"@id\":\"https:\\\/\\\/praxis-hochdoerffer.de\\\/praxis\\\/#\\\/schema\\\/logo\\\/image\\\/\"}}]}<\/script>\n<!-- \/ Yoast SEO plugin. -->","yoast_head_json":{"title":"Checks und Vorsorge-   untersuchungen &#183; Praxis Hochd\u00f6rffer","robots":{"index":"index","follow":"follow","max-snippet":"max-snippet:-1","max-image-preview":"max-image-preview:large","max-video-preview":"max-video-preview:-1"},"canonical":"https:\/\/praxis-hochdoerffer.de\/praxis\/leistungen\/vorsorge-gesundheitsuntersuchung\/","og_locale":"de_DE","og_type":"article","og_title":"Checks und Vorsorge-   untersuchungen &#183; Praxis Hochd\u00f6rffer","og_description":"Die Gesundheitsuntersuchung (&#8222;Gesundheitscheck&#8220;) ist eine ab dem 35. Lebensjahr von den Krankenkassen in dreij\u00e4hrigen Abst\u00e4nden \u00fcbernommene Untersuchung f\u00fcr unsere Patienten. Dieser &#8222;Check&#8220; bezieht sich in erster Linie auf Patienten ohne Beschwerden und ist nat\u00fcrlich unabh\u00e4ngig von jeglicher medizinisch indizierter Diagnostik bei Patienten mit Beschwerden. Bestandteil der Gesundheitsuntersuchung stellt eine ausf\u00fchrliche Anamnese (Fragen zu Beschwerden und [&hellip;]","og_url":"https:\/\/praxis-hochdoerffer.de\/praxis\/leistungen\/vorsorge-gesundheitsuntersuchung\/","og_site_name":"Praxis Hochd\u00f6rffer","article_modified_time":"2022-02-17T21:02:01+00:00","og_image":[{"width":512,"height":512,"url":"https:\/\/praxis-hochdoerffer.de\/praxis\/wp-content\/uploads\/2021\/06\/cropped-iconh.png","type":"image\/png"}],"twitter_card":"summary_large_image","twitter_misc":{"Gesch\u00e4tzte Lesezeit":"2\u00a0Minuten"},"schema":{"@context":"https:\/\/schema.org","@graph":[{"@type":"WebPage","@id":"https:\/\/praxis-hochdoerffer.de\/praxis\/leistungen\/vorsorge-gesundheitsuntersuchung\/","url":"https:\/\/praxis-hochdoerffer.de\/praxis\/leistungen\/vorsorge-gesundheitsuntersuchung\/","name":"Checks und Vorsorge- untersuchungen &#183; Praxis Hochd\u00f6rffer","isPartOf":{"@id":"https:\/\/praxis-hochdoerffer.de\/praxis\/#website"},"datePublished":"2021-08-01T14:30:34+00:00","dateModified":"2022-02-17T21:02:01+00:00","breadcrumb":{"@id":"https:\/\/praxis-hochdoerffer.de\/praxis\/leistungen\/vorsorge-gesundheitsuntersuchung\/#breadcrumb"},"inLanguage":"de","potentialAction":[{"@type":"ReadAction","target":["https:\/\/praxis-hochdoerffer.de\/praxis\/leistungen\/vorsorge-gesundheitsuntersuchung\/"]}]},{"@type":"BreadcrumbList","@id":"https:\/\/praxis-hochdoerffer.de\/praxis\/leistungen\/vorsorge-gesundheitsuntersuchung\/#breadcrumb","itemListElement":[{"@type":"ListItem","position":1,"name":"Startseite","item":"https:\/\/praxis-hochdoerffer.de\/praxis\/"},{"@type":"ListItem","position":2,"name":"Leistungen","item":"https:\/\/praxis-hochdoerffer.de\/praxis\/leistungen\/"},{"@type":"ListItem","position":3,"name":"Checks und Vorsorge- untersuchungen"}]},{"@type":"WebSite","@id":"https:\/\/praxis-hochdoerffer.de\/praxis\/#website","url":"https:\/\/praxis-hochdoerffer.de\/praxis\/","name":"Praxis Hochd\u00f6rffer","description":"Haus\u00e4rztlich internistische Praxis Hochd\u00f6rffer","publisher":{"@id":"https:\/\/praxis-hochdoerffer.de\/praxis\/#organization"},"potentialAction":[{"@type":"SearchAction","target":{"@type":"EntryPoint","urlTemplate":"https:\/\/praxis-hochdoerffer.de\/praxis\/?s={search_term_string}"},"query-input":{"@type":"PropertyValueSpecification","valueRequired":true,"valueName":"search_term_string"}}],"inLanguage":"de"},{"@type":"Organization","@id":"https:\/\/praxis-hochdoerffer.de\/praxis\/#organization","name":"Praxis Hochd\u00f6rffer","url":"https:\/\/praxis-hochdoerffer.de\/praxis\/","logo":{"@type":"ImageObject","inLanguage":"de","@id":"https:\/\/praxis-hochdoerffer.de\/praxis\/#\/schema\/logo\/image\/","url":"https:\/\/praxis-hochdoerffer.de\/praxis\/wp-content\/uploads\/2021\/06\/cropped-iconh.png","contentUrl":"https:\/\/praxis-hochdoerffer.de\/praxis\/wp-content\/uploads\/2021\/06\/cropped-iconh.png","width":512,"height":512,"caption":"Praxis Hochd\u00f6rffer"},"image":{"@id":"https:\/\/praxis-hochdoerffer.de\/praxis\/#\/schema\/logo\/image\/"}}]}},"_links":{"self":[{"href":"https:\/\/praxis-hochdoerffer.de\/praxis\/wp-json\/wp\/v2\/pages\/310","targetHints":{"allow":["GET"]}}],"collection":[{"href":"https:\/\/praxis-hochdoerffer.de\/praxis\/wp-json\/wp\/v2\/pages"}],"about":[{"href":"https:\/\/praxis-hochdoerffer.de\/praxis\/wp-json\/wp\/v2\/types\/page"}],"author":[{"embeddable":true,"href":"https:\/\/praxis-hochdoerffer.de\/praxis\/wp-json\/wp\/v2\/users\/2"}],"replies":[{"embeddable":true,"href":"https:\/\/praxis-hochdoerffer.de\/praxis\/wp-json\/wp\/v2\/comments?post=310"}],"version-history":[{"count":29,"href":"https:\/\/praxis-hochdoerffer.de\/praxis\/wp-json\/wp\/v2\/pages\/310\/revisions"}],"predecessor-version":[{"id":737,"href":"https:\/\/praxis-hochdoerffer.de\/praxis\/wp-json\/wp\/v2\/pages\/310\/revisions\/737"}],"up":[{"embeddable":true,"href":"https:\/\/praxis-hochdoerffer.de\/praxis\/wp-json\/wp\/v2\/pages\/59"}],"wp:attachment":[{"href":"https:\/\/praxis-hochdoerffer.de\/praxis\/wp-json\/wp\/v2\/media?parent=310"}],"curies":[{"name":"wp","href":"https:\/\/api.w.org\/{rel}","templated":true}]}}