{"id":307,"date":"2021-08-01T14:27:40","date_gmt":"2021-08-01T14:27:40","guid":{"rendered":"https:\/\/praxis-hochdoerffer.de\/praxis\/?page_id=307"},"modified":"2021-09-11T19:49:42","modified_gmt":"2021-09-11T17:49:42","slug":"duplexsonographie","status":"publish","type":"page","link":"https:\/\/praxis-hochdoerffer.de\/praxis\/leistungen\/duplexsonographie\/","title":{"rendered":"Duplexsonographie"},"content":{"rendered":"\n<p>Die <em>Duplexsonographie<\/em> stellt ein erweitertes Verfahren der Ultraschalldiagnostik dar. Dabei werden insbesondere Blutfl\u00fcsse in Herz und Gef\u00e4\u00dfe in unterschiedlicher Weise dargestellt und k\u00f6nnen dadurch besser beurteilt werden.                                                                        <\/p>\n\n\n\n<p>Geschichtlich l\u00e4sst sich die Dopplersonographie auf  physikalische Vorg\u00e4nge zur\u00fcckf\u00fchren, welche Christian Doppler um 1842 entdeckte:          Er stellte fest,  dass je mehr sich ein Stern von uns entfernt, desto mehr dessen Licht zu kleineren Frequenzen, also zu Rot hin, verschoben werden.         <\/p>\n\n\n\n<p>Die Anwendung dieser Beobachtung aus der Astronomie findet  in der Duplexsonographie Anwendung. Zur Duplexsonographie geh\u00f6ren neben einer <em>Farbdopplerdarstellung<\/em> (ein ausgew\u00e4hltes Areal wird untersucht) ein <em>pw (pulsed wave)<\/em> \u2013 Doppler sowie ein <em>cw (continous wave)<\/em> \u2013 Doppler (=kontinuierlicher Doppler). W\u00e4hrend mit dem pw Doppler eine Abtastung von Flussgeschwindigkeiten in einem sehr umschriebenen Areal m\u00f6glich ist, dient die Anwendung des cw \u2013 Dopplers der Abtastung und Bestimmung gr\u00f6\u00dferer Flu\u00dfgeschwindigkeiten.   <\/p>\n\n\n\n<p><\/p>\n\n\n\n<p>Hierdurch lassen sich Flussgeschwindigkeiten in den Gef\u00e4\u00dfen bestimmen und u. a. auch R\u00fcckschl\u00fcsse auf Gef\u00e4\u00dfengen (=Stenosen) ziehen. Durchblutete Gef\u00e4\u00dfe mit pl\u00f6tzlich bestehendem Signalabbruch weisen neben dem bereits bestehenden Eindruck in der alleinigen B-Bilddarstellung auf einen Gef\u00e4\u00dfverschluss, z. B. durch ein Blutgerinnsel, hin. H\u00e4ufig lassen sich bei schon l\u00e4nger zur\u00fcckliegendem Gef\u00e4\u00dfverschluss in der Umgebung Gef\u00e4\u00dfneubildungen (Kollateralgef\u00e4\u00dfe) nachweisen.<\/p>\n\n\n\n<p>Die Duplexsonographie wird beispielsweise zur Diagnostik von Beinvenenthrombosen angewandt, findet dar\u00fcberhinaus in allen Bereichen des K\u00f6rpers Anwendung.  <\/p>\n\n\n\n<p><\/p>\n","protected":false},"excerpt":{"rendered":"<p>Die Duplexsonographie stellt ein erweitertes Verfahren der Ultraschalldiagnostik dar. Dabei werden insbesondere Blutfl\u00fcsse in Herz und Gef\u00e4\u00dfe in unterschiedlicher Weise dargestellt und k\u00f6nnen dadurch besser beurteilt werden. Geschichtlich l\u00e4sst sich die Dopplersonographie auf physikalische Vorg\u00e4nge zur\u00fcckf\u00fchren, welche Christian Doppler um 1842 entdeckte: Er stellte fest, dass je mehr sich ein Stern von uns entfernt, desto [&hellip;]<\/p>\n","protected":false},"author":2,"featured_media":0,"parent":59,"menu_order":0,"comment_status":"closed","ping_status":"closed","template":"","meta":{"inline_featured_image":false,"footnotes":""},"class_list":["post-307","page","type-page","status-publish","hentry"],"yoast_head":"<!-- This site is optimized with the Yoast SEO plugin v27.4 - https:\/\/yoast.com\/product\/yoast-seo-wordpress\/ -->\n<title>Duplexsonographie &#183; Praxis Hochd\u00f6rffer<\/title>\n<meta name=\"robots\" content=\"index, follow, max-snippet:-1, max-image-preview:large, max-video-preview:-1\" \/>\n<link rel=\"canonical\" href=\"https:\/\/praxis-hochdoerffer.de\/praxis\/leistungen\/duplexsonographie\/\" \/>\n<meta property=\"og:locale\" content=\"de_DE\" \/>\n<meta property=\"og:type\" content=\"article\" \/>\n<meta property=\"og:title\" content=\"Duplexsonographie &#183; Praxis Hochd\u00f6rffer\" \/>\n<meta property=\"og:description\" content=\"Die Duplexsonographie stellt ein erweitertes Verfahren der Ultraschalldiagnostik dar. Dabei werden insbesondere Blutfl\u00fcsse in Herz und Gef\u00e4\u00dfe in unterschiedlicher Weise dargestellt und k\u00f6nnen dadurch besser beurteilt werden. Geschichtlich l\u00e4sst sich die Dopplersonographie auf physikalische Vorg\u00e4nge zur\u00fcckf\u00fchren, welche Christian Doppler um 1842 entdeckte: Er stellte fest, dass je mehr sich ein Stern von uns entfernt, desto [&hellip;]\" \/>\n<meta property=\"og:url\" content=\"https:\/\/praxis-hochdoerffer.de\/praxis\/leistungen\/duplexsonographie\/\" \/>\n<meta property=\"og:site_name\" content=\"Praxis Hochd\u00f6rffer\" \/>\n<meta property=\"article:modified_time\" content=\"2021-09-11T17:49:42+00:00\" \/>\n<meta property=\"og:image\" content=\"https:\/\/praxis-hochdoerffer.de\/praxis\/wp-content\/uploads\/2021\/06\/cropped-iconh.png\" \/>\n\t<meta property=\"og:image:width\" content=\"512\" \/>\n\t<meta property=\"og:image:height\" content=\"512\" \/>\n\t<meta property=\"og:image:type\" content=\"image\/png\" \/>\n<meta name=\"twitter:card\" content=\"summary_large_image\" \/>\n<meta name=\"twitter:label1\" content=\"Gesch\u00e4tzte Lesezeit\" \/>\n\t<meta name=\"twitter:data1\" content=\"1\u00a0Minute\" \/>\n<script type=\"application\/ld+json\" class=\"yoast-schema-graph\">{\"@context\":\"https:\\\/\\\/schema.org\",\"@graph\":[{\"@type\":\"WebPage\",\"@id\":\"https:\\\/\\\/praxis-hochdoerffer.de\\\/praxis\\\/leistungen\\\/duplexsonographie\\\/\",\"url\":\"https:\\\/\\\/praxis-hochdoerffer.de\\\/praxis\\\/leistungen\\\/duplexsonographie\\\/\",\"name\":\"Duplexsonographie &#183; Praxis Hochd\u00f6rffer\",\"isPartOf\":{\"@id\":\"https:\\\/\\\/praxis-hochdoerffer.de\\\/praxis\\\/#website\"},\"datePublished\":\"2021-08-01T14:27:40+00:00\",\"dateModified\":\"2021-09-11T17:49:42+00:00\",\"breadcrumb\":{\"@id\":\"https:\\\/\\\/praxis-hochdoerffer.de\\\/praxis\\\/leistungen\\\/duplexsonographie\\\/#breadcrumb\"},\"inLanguage\":\"de\",\"potentialAction\":[{\"@type\":\"ReadAction\",\"target\":[\"https:\\\/\\\/praxis-hochdoerffer.de\\\/praxis\\\/leistungen\\\/duplexsonographie\\\/\"]}]},{\"@type\":\"BreadcrumbList\",\"@id\":\"https:\\\/\\\/praxis-hochdoerffer.de\\\/praxis\\\/leistungen\\\/duplexsonographie\\\/#breadcrumb\",\"itemListElement\":[{\"@type\":\"ListItem\",\"position\":1,\"name\":\"Startseite\",\"item\":\"https:\\\/\\\/praxis-hochdoerffer.de\\\/praxis\\\/\"},{\"@type\":\"ListItem\",\"position\":2,\"name\":\"Leistungen\",\"item\":\"https:\\\/\\\/praxis-hochdoerffer.de\\\/praxis\\\/leistungen\\\/\"},{\"@type\":\"ListItem\",\"position\":3,\"name\":\"Duplexsonographie\"}]},{\"@type\":\"WebSite\",\"@id\":\"https:\\\/\\\/praxis-hochdoerffer.de\\\/praxis\\\/#website\",\"url\":\"https:\\\/\\\/praxis-hochdoerffer.de\\\/praxis\\\/\",\"name\":\"Praxis Hochd\u00f6rffer\",\"description\":\"Haus\u00e4rztlich internistische Praxis Hochd\u00f6rffer\",\"publisher\":{\"@id\":\"https:\\\/\\\/praxis-hochdoerffer.de\\\/praxis\\\/#organization\"},\"potentialAction\":[{\"@type\":\"SearchAction\",\"target\":{\"@type\":\"EntryPoint\",\"urlTemplate\":\"https:\\\/\\\/praxis-hochdoerffer.de\\\/praxis\\\/?s={search_term_string}\"},\"query-input\":{\"@type\":\"PropertyValueSpecification\",\"valueRequired\":true,\"valueName\":\"search_term_string\"}}],\"inLanguage\":\"de\"},{\"@type\":\"Organization\",\"@id\":\"https:\\\/\\\/praxis-hochdoerffer.de\\\/praxis\\\/#organization\",\"name\":\"Praxis Hochd\u00f6rffer\",\"url\":\"https:\\\/\\\/praxis-hochdoerffer.de\\\/praxis\\\/\",\"logo\":{\"@type\":\"ImageObject\",\"inLanguage\":\"de\",\"@id\":\"https:\\\/\\\/praxis-hochdoerffer.de\\\/praxis\\\/#\\\/schema\\\/logo\\\/image\\\/\",\"url\":\"https:\\\/\\\/praxis-hochdoerffer.de\\\/praxis\\\/wp-content\\\/uploads\\\/2021\\\/06\\\/cropped-iconh.png\",\"contentUrl\":\"https:\\\/\\\/praxis-hochdoerffer.de\\\/praxis\\\/wp-content\\\/uploads\\\/2021\\\/06\\\/cropped-iconh.png\",\"width\":512,\"height\":512,\"caption\":\"Praxis Hochd\u00f6rffer\"},\"image\":{\"@id\":\"https:\\\/\\\/praxis-hochdoerffer.de\\\/praxis\\\/#\\\/schema\\\/logo\\\/image\\\/\"}}]}<\/script>\n<!-- \/ Yoast SEO plugin. -->","yoast_head_json":{"title":"Duplexsonographie &#183; Praxis Hochd\u00f6rffer","robots":{"index":"index","follow":"follow","max-snippet":"max-snippet:-1","max-image-preview":"max-image-preview:large","max-video-preview":"max-video-preview:-1"},"canonical":"https:\/\/praxis-hochdoerffer.de\/praxis\/leistungen\/duplexsonographie\/","og_locale":"de_DE","og_type":"article","og_title":"Duplexsonographie &#183; Praxis Hochd\u00f6rffer","og_description":"Die Duplexsonographie stellt ein erweitertes Verfahren der Ultraschalldiagnostik dar. Dabei werden insbesondere Blutfl\u00fcsse in Herz und Gef\u00e4\u00dfe in unterschiedlicher Weise dargestellt und k\u00f6nnen dadurch besser beurteilt werden. Geschichtlich l\u00e4sst sich die Dopplersonographie auf physikalische Vorg\u00e4nge zur\u00fcckf\u00fchren, welche Christian Doppler um 1842 entdeckte: Er stellte fest, dass je mehr sich ein Stern von uns entfernt, desto [&hellip;]","og_url":"https:\/\/praxis-hochdoerffer.de\/praxis\/leistungen\/duplexsonographie\/","og_site_name":"Praxis Hochd\u00f6rffer","article_modified_time":"2021-09-11T17:49:42+00:00","og_image":[{"width":512,"height":512,"url":"https:\/\/praxis-hochdoerffer.de\/praxis\/wp-content\/uploads\/2021\/06\/cropped-iconh.png","type":"image\/png"}],"twitter_card":"summary_large_image","twitter_misc":{"Gesch\u00e4tzte Lesezeit":"1\u00a0Minute"},"schema":{"@context":"https:\/\/schema.org","@graph":[{"@type":"WebPage","@id":"https:\/\/praxis-hochdoerffer.de\/praxis\/leistungen\/duplexsonographie\/","url":"https:\/\/praxis-hochdoerffer.de\/praxis\/leistungen\/duplexsonographie\/","name":"Duplexsonographie &#183; Praxis Hochd\u00f6rffer","isPartOf":{"@id":"https:\/\/praxis-hochdoerffer.de\/praxis\/#website"},"datePublished":"2021-08-01T14:27:40+00:00","dateModified":"2021-09-11T17:49:42+00:00","breadcrumb":{"@id":"https:\/\/praxis-hochdoerffer.de\/praxis\/leistungen\/duplexsonographie\/#breadcrumb"},"inLanguage":"de","potentialAction":[{"@type":"ReadAction","target":["https:\/\/praxis-hochdoerffer.de\/praxis\/leistungen\/duplexsonographie\/"]}]},{"@type":"BreadcrumbList","@id":"https:\/\/praxis-hochdoerffer.de\/praxis\/leistungen\/duplexsonographie\/#breadcrumb","itemListElement":[{"@type":"ListItem","position":1,"name":"Startseite","item":"https:\/\/praxis-hochdoerffer.de\/praxis\/"},{"@type":"ListItem","position":2,"name":"Leistungen","item":"https:\/\/praxis-hochdoerffer.de\/praxis\/leistungen\/"},{"@type":"ListItem","position":3,"name":"Duplexsonographie"}]},{"@type":"WebSite","@id":"https:\/\/praxis-hochdoerffer.de\/praxis\/#website","url":"https:\/\/praxis-hochdoerffer.de\/praxis\/","name":"Praxis Hochd\u00f6rffer","description":"Haus\u00e4rztlich internistische Praxis Hochd\u00f6rffer","publisher":{"@id":"https:\/\/praxis-hochdoerffer.de\/praxis\/#organization"},"potentialAction":[{"@type":"SearchAction","target":{"@type":"EntryPoint","urlTemplate":"https:\/\/praxis-hochdoerffer.de\/praxis\/?s={search_term_string}"},"query-input":{"@type":"PropertyValueSpecification","valueRequired":true,"valueName":"search_term_string"}}],"inLanguage":"de"},{"@type":"Organization","@id":"https:\/\/praxis-hochdoerffer.de\/praxis\/#organization","name":"Praxis Hochd\u00f6rffer","url":"https:\/\/praxis-hochdoerffer.de\/praxis\/","logo":{"@type":"ImageObject","inLanguage":"de","@id":"https:\/\/praxis-hochdoerffer.de\/praxis\/#\/schema\/logo\/image\/","url":"https:\/\/praxis-hochdoerffer.de\/praxis\/wp-content\/uploads\/2021\/06\/cropped-iconh.png","contentUrl":"https:\/\/praxis-hochdoerffer.de\/praxis\/wp-content\/uploads\/2021\/06\/cropped-iconh.png","width":512,"height":512,"caption":"Praxis Hochd\u00f6rffer"},"image":{"@id":"https:\/\/praxis-hochdoerffer.de\/praxis\/#\/schema\/logo\/image\/"}}]}},"_links":{"self":[{"href":"https:\/\/praxis-hochdoerffer.de\/praxis\/wp-json\/wp\/v2\/pages\/307","targetHints":{"allow":["GET"]}}],"collection":[{"href":"https:\/\/praxis-hochdoerffer.de\/praxis\/wp-json\/wp\/v2\/pages"}],"about":[{"href":"https:\/\/praxis-hochdoerffer.de\/praxis\/wp-json\/wp\/v2\/types\/page"}],"author":[{"embeddable":true,"href":"https:\/\/praxis-hochdoerffer.de\/praxis\/wp-json\/wp\/v2\/users\/2"}],"replies":[{"embeddable":true,"href":"https:\/\/praxis-hochdoerffer.de\/praxis\/wp-json\/wp\/v2\/comments?post=307"}],"version-history":[{"count":9,"href":"https:\/\/praxis-hochdoerffer.de\/praxis\/wp-json\/wp\/v2\/pages\/307\/revisions"}],"predecessor-version":[{"id":596,"href":"https:\/\/praxis-hochdoerffer.de\/praxis\/wp-json\/wp\/v2\/pages\/307\/revisions\/596"}],"up":[{"embeddable":true,"href":"https:\/\/praxis-hochdoerffer.de\/praxis\/wp-json\/wp\/v2\/pages\/59"}],"wp:attachment":[{"href":"https:\/\/praxis-hochdoerffer.de\/praxis\/wp-json\/wp\/v2\/media?parent=307"}],"curies":[{"name":"wp","href":"https:\/\/api.w.org\/{rel}","templated":true}]}}