{"id":304,"date":"2021-08-01T14:24:03","date_gmt":"2021-08-01T14:24:03","guid":{"rendered":"https:\/\/praxis-hochdoerffer.de\/praxis\/?page_id=304"},"modified":"2022-02-17T22:07:49","modified_gmt":"2022-02-17T21:07:49","slug":"ultraschall-schilddruese","status":"publish","type":"page","link":"https:\/\/praxis-hochdoerffer.de\/praxis\/leistungen\/ultraschall-schilddruese\/","title":{"rendered":"Ultraschall Schilddr\u00fcse"},"content":{"rendered":"\n<p>Die Schilddr\u00fcse ist ein Organ, welches Hormone (Thyroxin [T4] und Triiodthyronin [T3]) unter Aufnahme und Einbau von Jod produziert und sezerniert. Durch T4 und T3 wird insbesondere die Stoffwechselaktivit\u00e4t im gesamten K\u00f6rper gesteuert und hat zudem gro\u00dfe Bedeutung in der embryonalen Organentwicklung und Differenzierung. <\/p>\n\n\n\n<p>Anliegende Nebenschilddr\u00fcsen produzieren und sezernieren Parathormon, welches den Calcium-und Phosphatstoffwechsel beeinflusst und steuert. Die Funktion der gesunden Schilddr\u00fcse unterliegt einem Regelkreis mit stimulierenden Substanzen der Hypophyse (TSH = thyreostimulierendes Hormon). Bedeutet, bei hoher Konzentration von T3\/T4 ist das TSH erniedrigt, bei niedriger T3\/T4 Konzentration ist das TSH regelhaft erh\u00f6ht.     <\/p>\n\n\n\n<p>Die <em>Ultraschalldiagnostik der Schilddr\u00fcse<\/em> hat ihren Stellenwert insbesondere bei funktionellen St\u00f6rungen des Organs (\u00dcber- und Unterfunktion der Schilddr\u00fcse mit hohen oder niedrigen T3\/T4Werten bzw. niedrigen oder hohen TSH-Werten). Sonographisch lassen sich mit hoher Aufl\u00f6sung beispielsweise als Ursache einer Schilddr\u00fcsen\u00fcberfunktion knotige Ver\u00e4nderungen (als Korrelat eines autonomen Adenoms) bzw. eine typische Mehrdurchblutung im Falle eines Morbus Basedow (Autoimmunerkrankung) nachweisen.  <\/p>\n\n\n\n<p>Weiterhin spielt die Schilddr\u00fcsensonographie bei einer Tumorsuche eine Rolle.                                                                                                      Aufgrund einer sehr oberfl\u00e4chlichen Lokalisation der Schilddr\u00fcse ist das Organ f\u00fcr eine hochaufl\u00f6sende Ultraschalldiagnostik mit sehr guter Ortsaufl\u00f6sung unter Zuhilfenahme hochfrequenter Ultraschallscanner die Untersuchungsmethode der Wahl. Die Farbduplexsonographie geh\u00f6rt neben der Beurteilung des B-Ultraschallbildes dabei fest zum Handwerkzeug. Verd\u00e4chtige Befunde lassen sich komplikationsarm durch eine sonographisch gezielte Punktion zur feingeweblichen\/zytopathologischen Untersuchung weiter abkl\u00e4ren. <\/p>\n\n\n\n<p><\/p>\n\n\n\n<p>In Abh\u00e4ngigkeit des Befundes unter Ber\u00fccksichtigung des B-Bildes sowie der Farbduplexsonographie l\u00e4sst sich \u00fcber das weitere sinnvolle Vorgehen (so etwa keine weitere Untersuchung erforderlich, Befundkontrolle, weiter abkl\u00e4rend szintigraphische Untersuchung, Punktion eines suspekten Herdes) entscheiden.                                    <\/p>\n\n\n\n<p>Neben der Beurteilung der Schilddr\u00fcse geh\u00f6rt zu jeder vollst\u00e4ndigen Schilddr\u00fcsensonographie dar\u00fcberhinaus eine Beurteilung m\u00f6glicher auff\u00e4lliger Halslymphknoten. <\/p>\n","protected":false},"excerpt":{"rendered":"<p>Die Schilddr\u00fcse ist ein Organ, welches Hormone (Thyroxin [T4] und Triiodthyronin [T3]) unter Aufnahme und Einbau von Jod produziert und sezerniert. Durch T4 und T3 wird insbesondere die Stoffwechselaktivit\u00e4t im gesamten K\u00f6rper gesteuert und hat zudem gro\u00dfe Bedeutung in der embryonalen Organentwicklung und Differenzierung. Anliegende Nebenschilddr\u00fcsen produzieren und sezernieren Parathormon, welches den Calcium-und Phosphatstoffwechsel beeinflusst [&hellip;]<\/p>\n","protected":false},"author":2,"featured_media":0,"parent":59,"menu_order":0,"comment_status":"closed","ping_status":"closed","template":"","meta":{"inline_featured_image":false,"footnotes":""},"class_list":["post-304","page","type-page","status-publish","hentry"],"yoast_head":"<!-- This site is optimized with the Yoast SEO plugin v27.4 - https:\/\/yoast.com\/product\/yoast-seo-wordpress\/ -->\n<title>Ultraschall Schilddr\u00fcse &#183; Praxis Hochd\u00f6rffer<\/title>\n<meta name=\"robots\" content=\"index, follow, max-snippet:-1, max-image-preview:large, max-video-preview:-1\" \/>\n<link rel=\"canonical\" href=\"https:\/\/praxis-hochdoerffer.de\/praxis\/leistungen\/ultraschall-schilddruese\/\" \/>\n<meta property=\"og:locale\" content=\"de_DE\" \/>\n<meta property=\"og:type\" content=\"article\" \/>\n<meta property=\"og:title\" content=\"Ultraschall Schilddr\u00fcse &#183; Praxis Hochd\u00f6rffer\" \/>\n<meta property=\"og:description\" content=\"Die Schilddr\u00fcse ist ein Organ, welches Hormone (Thyroxin [T4] und Triiodthyronin [T3]) unter Aufnahme und Einbau von Jod produziert und sezerniert. Durch T4 und T3 wird insbesondere die Stoffwechselaktivit\u00e4t im gesamten K\u00f6rper gesteuert und hat zudem gro\u00dfe Bedeutung in der embryonalen Organentwicklung und Differenzierung. Anliegende Nebenschilddr\u00fcsen produzieren und sezernieren Parathormon, welches den Calcium-und Phosphatstoffwechsel beeinflusst [&hellip;]\" \/>\n<meta property=\"og:url\" content=\"https:\/\/praxis-hochdoerffer.de\/praxis\/leistungen\/ultraschall-schilddruese\/\" \/>\n<meta property=\"og:site_name\" content=\"Praxis Hochd\u00f6rffer\" \/>\n<meta property=\"article:modified_time\" content=\"2022-02-17T21:07:49+00:00\" \/>\n<meta property=\"og:image\" content=\"https:\/\/praxis-hochdoerffer.de\/praxis\/wp-content\/uploads\/2021\/06\/cropped-iconh.png\" \/>\n\t<meta property=\"og:image:width\" content=\"512\" \/>\n\t<meta property=\"og:image:height\" content=\"512\" \/>\n\t<meta property=\"og:image:type\" content=\"image\/png\" \/>\n<meta name=\"twitter:card\" content=\"summary_large_image\" \/>\n<meta name=\"twitter:label1\" content=\"Gesch\u00e4tzte Lesezeit\" \/>\n\t<meta name=\"twitter:data1\" content=\"2\u00a0Minuten\" \/>\n<script type=\"application\/ld+json\" class=\"yoast-schema-graph\">{\"@context\":\"https:\\\/\\\/schema.org\",\"@graph\":[{\"@type\":\"WebPage\",\"@id\":\"https:\\\/\\\/praxis-hochdoerffer.de\\\/praxis\\\/leistungen\\\/ultraschall-schilddruese\\\/\",\"url\":\"https:\\\/\\\/praxis-hochdoerffer.de\\\/praxis\\\/leistungen\\\/ultraschall-schilddruese\\\/\",\"name\":\"Ultraschall Schilddr\u00fcse &#183; Praxis Hochd\u00f6rffer\",\"isPartOf\":{\"@id\":\"https:\\\/\\\/praxis-hochdoerffer.de\\\/praxis\\\/#website\"},\"datePublished\":\"2021-08-01T14:24:03+00:00\",\"dateModified\":\"2022-02-17T21:07:49+00:00\",\"breadcrumb\":{\"@id\":\"https:\\\/\\\/praxis-hochdoerffer.de\\\/praxis\\\/leistungen\\\/ultraschall-schilddruese\\\/#breadcrumb\"},\"inLanguage\":\"de\",\"potentialAction\":[{\"@type\":\"ReadAction\",\"target\":[\"https:\\\/\\\/praxis-hochdoerffer.de\\\/praxis\\\/leistungen\\\/ultraschall-schilddruese\\\/\"]}]},{\"@type\":\"BreadcrumbList\",\"@id\":\"https:\\\/\\\/praxis-hochdoerffer.de\\\/praxis\\\/leistungen\\\/ultraschall-schilddruese\\\/#breadcrumb\",\"itemListElement\":[{\"@type\":\"ListItem\",\"position\":1,\"name\":\"Startseite\",\"item\":\"https:\\\/\\\/praxis-hochdoerffer.de\\\/praxis\\\/\"},{\"@type\":\"ListItem\",\"position\":2,\"name\":\"Leistungen\",\"item\":\"https:\\\/\\\/praxis-hochdoerffer.de\\\/praxis\\\/leistungen\\\/\"},{\"@type\":\"ListItem\",\"position\":3,\"name\":\"Ultraschall Schilddr\u00fcse\"}]},{\"@type\":\"WebSite\",\"@id\":\"https:\\\/\\\/praxis-hochdoerffer.de\\\/praxis\\\/#website\",\"url\":\"https:\\\/\\\/praxis-hochdoerffer.de\\\/praxis\\\/\",\"name\":\"Praxis Hochd\u00f6rffer\",\"description\":\"Haus\u00e4rztlich internistische Praxis Hochd\u00f6rffer\",\"publisher\":{\"@id\":\"https:\\\/\\\/praxis-hochdoerffer.de\\\/praxis\\\/#organization\"},\"potentialAction\":[{\"@type\":\"SearchAction\",\"target\":{\"@type\":\"EntryPoint\",\"urlTemplate\":\"https:\\\/\\\/praxis-hochdoerffer.de\\\/praxis\\\/?s={search_term_string}\"},\"query-input\":{\"@type\":\"PropertyValueSpecification\",\"valueRequired\":true,\"valueName\":\"search_term_string\"}}],\"inLanguage\":\"de\"},{\"@type\":\"Organization\",\"@id\":\"https:\\\/\\\/praxis-hochdoerffer.de\\\/praxis\\\/#organization\",\"name\":\"Praxis Hochd\u00f6rffer\",\"url\":\"https:\\\/\\\/praxis-hochdoerffer.de\\\/praxis\\\/\",\"logo\":{\"@type\":\"ImageObject\",\"inLanguage\":\"de\",\"@id\":\"https:\\\/\\\/praxis-hochdoerffer.de\\\/praxis\\\/#\\\/schema\\\/logo\\\/image\\\/\",\"url\":\"https:\\\/\\\/praxis-hochdoerffer.de\\\/praxis\\\/wp-content\\\/uploads\\\/2021\\\/06\\\/cropped-iconh.png\",\"contentUrl\":\"https:\\\/\\\/praxis-hochdoerffer.de\\\/praxis\\\/wp-content\\\/uploads\\\/2021\\\/06\\\/cropped-iconh.png\",\"width\":512,\"height\":512,\"caption\":\"Praxis Hochd\u00f6rffer\"},\"image\":{\"@id\":\"https:\\\/\\\/praxis-hochdoerffer.de\\\/praxis\\\/#\\\/schema\\\/logo\\\/image\\\/\"}}]}<\/script>\n<!-- \/ Yoast SEO plugin. -->","yoast_head_json":{"title":"Ultraschall Schilddr\u00fcse &#183; Praxis Hochd\u00f6rffer","robots":{"index":"index","follow":"follow","max-snippet":"max-snippet:-1","max-image-preview":"max-image-preview:large","max-video-preview":"max-video-preview:-1"},"canonical":"https:\/\/praxis-hochdoerffer.de\/praxis\/leistungen\/ultraschall-schilddruese\/","og_locale":"de_DE","og_type":"article","og_title":"Ultraschall Schilddr\u00fcse &#183; Praxis Hochd\u00f6rffer","og_description":"Die Schilddr\u00fcse ist ein Organ, welches Hormone (Thyroxin [T4] und Triiodthyronin [T3]) unter Aufnahme und Einbau von Jod produziert und sezerniert. Durch T4 und T3 wird insbesondere die Stoffwechselaktivit\u00e4t im gesamten K\u00f6rper gesteuert und hat zudem gro\u00dfe Bedeutung in der embryonalen Organentwicklung und Differenzierung. Anliegende Nebenschilddr\u00fcsen produzieren und sezernieren Parathormon, welches den Calcium-und Phosphatstoffwechsel beeinflusst [&hellip;]","og_url":"https:\/\/praxis-hochdoerffer.de\/praxis\/leistungen\/ultraschall-schilddruese\/","og_site_name":"Praxis Hochd\u00f6rffer","article_modified_time":"2022-02-17T21:07:49+00:00","og_image":[{"width":512,"height":512,"url":"https:\/\/praxis-hochdoerffer.de\/praxis\/wp-content\/uploads\/2021\/06\/cropped-iconh.png","type":"image\/png"}],"twitter_card":"summary_large_image","twitter_misc":{"Gesch\u00e4tzte Lesezeit":"2\u00a0Minuten"},"schema":{"@context":"https:\/\/schema.org","@graph":[{"@type":"WebPage","@id":"https:\/\/praxis-hochdoerffer.de\/praxis\/leistungen\/ultraschall-schilddruese\/","url":"https:\/\/praxis-hochdoerffer.de\/praxis\/leistungen\/ultraschall-schilddruese\/","name":"Ultraschall Schilddr\u00fcse &#183; Praxis Hochd\u00f6rffer","isPartOf":{"@id":"https:\/\/praxis-hochdoerffer.de\/praxis\/#website"},"datePublished":"2021-08-01T14:24:03+00:00","dateModified":"2022-02-17T21:07:49+00:00","breadcrumb":{"@id":"https:\/\/praxis-hochdoerffer.de\/praxis\/leistungen\/ultraschall-schilddruese\/#breadcrumb"},"inLanguage":"de","potentialAction":[{"@type":"ReadAction","target":["https:\/\/praxis-hochdoerffer.de\/praxis\/leistungen\/ultraschall-schilddruese\/"]}]},{"@type":"BreadcrumbList","@id":"https:\/\/praxis-hochdoerffer.de\/praxis\/leistungen\/ultraschall-schilddruese\/#breadcrumb","itemListElement":[{"@type":"ListItem","position":1,"name":"Startseite","item":"https:\/\/praxis-hochdoerffer.de\/praxis\/"},{"@type":"ListItem","position":2,"name":"Leistungen","item":"https:\/\/praxis-hochdoerffer.de\/praxis\/leistungen\/"},{"@type":"ListItem","position":3,"name":"Ultraschall Schilddr\u00fcse"}]},{"@type":"WebSite","@id":"https:\/\/praxis-hochdoerffer.de\/praxis\/#website","url":"https:\/\/praxis-hochdoerffer.de\/praxis\/","name":"Praxis Hochd\u00f6rffer","description":"Haus\u00e4rztlich internistische Praxis Hochd\u00f6rffer","publisher":{"@id":"https:\/\/praxis-hochdoerffer.de\/praxis\/#organization"},"potentialAction":[{"@type":"SearchAction","target":{"@type":"EntryPoint","urlTemplate":"https:\/\/praxis-hochdoerffer.de\/praxis\/?s={search_term_string}"},"query-input":{"@type":"PropertyValueSpecification","valueRequired":true,"valueName":"search_term_string"}}],"inLanguage":"de"},{"@type":"Organization","@id":"https:\/\/praxis-hochdoerffer.de\/praxis\/#organization","name":"Praxis Hochd\u00f6rffer","url":"https:\/\/praxis-hochdoerffer.de\/praxis\/","logo":{"@type":"ImageObject","inLanguage":"de","@id":"https:\/\/praxis-hochdoerffer.de\/praxis\/#\/schema\/logo\/image\/","url":"https:\/\/praxis-hochdoerffer.de\/praxis\/wp-content\/uploads\/2021\/06\/cropped-iconh.png","contentUrl":"https:\/\/praxis-hochdoerffer.de\/praxis\/wp-content\/uploads\/2021\/06\/cropped-iconh.png","width":512,"height":512,"caption":"Praxis Hochd\u00f6rffer"},"image":{"@id":"https:\/\/praxis-hochdoerffer.de\/praxis\/#\/schema\/logo\/image\/"}}]}},"_links":{"self":[{"href":"https:\/\/praxis-hochdoerffer.de\/praxis\/wp-json\/wp\/v2\/pages\/304","targetHints":{"allow":["GET"]}}],"collection":[{"href":"https:\/\/praxis-hochdoerffer.de\/praxis\/wp-json\/wp\/v2\/pages"}],"about":[{"href":"https:\/\/praxis-hochdoerffer.de\/praxis\/wp-json\/wp\/v2\/types\/page"}],"author":[{"embeddable":true,"href":"https:\/\/praxis-hochdoerffer.de\/praxis\/wp-json\/wp\/v2\/users\/2"}],"replies":[{"embeddable":true,"href":"https:\/\/praxis-hochdoerffer.de\/praxis\/wp-json\/wp\/v2\/comments?post=304"}],"version-history":[{"count":12,"href":"https:\/\/praxis-hochdoerffer.de\/praxis\/wp-json\/wp\/v2\/pages\/304\/revisions"}],"predecessor-version":[{"id":738,"href":"https:\/\/praxis-hochdoerffer.de\/praxis\/wp-json\/wp\/v2\/pages\/304\/revisions\/738"}],"up":[{"embeddable":true,"href":"https:\/\/praxis-hochdoerffer.de\/praxis\/wp-json\/wp\/v2\/pages\/59"}],"wp:attachment":[{"href":"https:\/\/praxis-hochdoerffer.de\/praxis\/wp-json\/wp\/v2\/media?parent=304"}],"curies":[{"name":"wp","href":"https:\/\/api.w.org\/{rel}","templated":true}]}}