{"id":301,"date":"2021-08-01T14:21:21","date_gmt":"2021-08-01T14:21:21","guid":{"rendered":"https:\/\/praxis-hochdoerffer.de\/praxis\/?page_id=301"},"modified":"2022-02-17T21:54:47","modified_gmt":"2022-02-17T20:54:47","slug":"ultraschalldiagnostik-bauchraum","status":"publish","type":"page","link":"https:\/\/praxis-hochdoerffer.de\/praxis\/leistungen\/ultraschalldiagnostik-bauchraum\/","title":{"rendered":"Ultraschalldiagnostik Bauchraum"},"content":{"rendered":"\n<p>Die <em>Ultraschalluntersuchung des Bauchraums<\/em> dient bei beschwerdefreien Patienten einer weiterf\u00fchrenden k\u00f6rperlichen Untersuchung mit deutlich verbesserten Erkenntnisgewinn. Bei symptomatischen Patienten (z. B. Bauchschmerzen, unklare Gewichtsabnahme, Blutarmut unklarer Ursache u. v. m.) stellt sie eine aussagekr\u00e4ftige weitere Abkl\u00e4rung dar.                            <\/p>\n\n\n\n<p>So l\u00e4sst die Untersuchung mit einer sehr oft schon hohen Empfindlichkeit die Aussage zu fehlenden ( \u201emit hoher Wahrscheinlichkeit alles in Ordnung\u201c) oder eben vorhandenen pathologischen Ver\u00e4nderungen im Bereich des Bauchraums zu.                                                                Untersucht werden hierbei alle Bauchorgane incl. Leber, Gallenblase, Gallenwege, Nieren, Bauchspeicheldr\u00fcse, Milz, Dick- und D\u00fcnndarm, Blase sowie angrenzend den Raum perikardial (benachbart zum Zwerchfell das Herz) sowie die angrenzenden Abschnitte zum Brustraum (Pleurah\u00f6hle, Lunge).<\/p>\n\n\n\n<p>Die Ultraschalldiagnostik stellt somit einerseits eine <em>Basisdiagnostik <\/em>dar, welche als komplement\u00e4re, eigenst\u00e4ndige Untersuchung meist vor jeglicher weiterer (invasiver oder pot. sch\u00e4digender) Diagnostik zur Anwendung kommen sollte, andererseits kann aufgrund der sonographischen Untersuchung schon fr\u00fchzeitig bei bestehenden Auff\u00e4lligkeiten bereits eine Diagnose gestellt und zeitnah ohne gro\u00dfen Zeitverlust \u00fcber das weitere Vorgehen entschieden werden.    <\/p>\n\n\n\n<p><strong>Vorteilhaft ist weiterhin, dass die Ultraschalluntersuchung sich beliebig oft wiederholen l\u00e4sst  und nach dem heutigen Kenntnisstand keinerlei sch\u00e4digende Wirkung auf die untersuchte Person hat.<\/strong>                              <\/p>\n\n\n\n<p>Etwas erschwerte Ultraschallbedingungen kommen zeitweise vor und lassen sich dann insbesondere auf eine vermehrte Menge an Gas\/Luft im Darm zur\u00fcckf\u00fchren. Diese Bedingungen lassen sich allerdings sehr h\u00e4ufig durch eine etwas vermehrte, dosierte Kompression mit der Ultraschallsonde, einer Lage\u00e4nderung oder vorheriger Zufuhr einer klaren Fl\u00fcssigkeit (Wasser, Orangensaft) verbessern.<\/p>\n\n\n\n<p>Eine weitere Limitation stellt die Beurteilung des Gastrointestinaltraktes dar. Auch wenn die Ultraschalldiagnostik bei der Beurteilung der Wand, der Durchblutung sowie der Funktion (Kontraktionen der Darmmuskulatur) oftmals erkenntnisreiche Informationen liefert, bedarf es <em>bei entsprechender Indikation<\/em> (z. B. bei Blutungen) weiter abkl\u00e4rend einer endoskopischen Untersuchung (z. B. Magenspiegelung, Darmspiegelung).<\/p>\n","protected":false},"excerpt":{"rendered":"<p>Die Ultraschalluntersuchung des Bauchraums dient bei beschwerdefreien Patienten einer weiterf\u00fchrenden k\u00f6rperlichen Untersuchung mit deutlich verbesserten Erkenntnisgewinn. Bei symptomatischen Patienten (z. B. Bauchschmerzen, unklare Gewichtsabnahme, Blutarmut unklarer Ursache u. v. m.) stellt sie eine aussagekr\u00e4ftige weitere Abkl\u00e4rung dar. So l\u00e4sst die Untersuchung mit einer sehr oft schon hohen Empfindlichkeit die Aussage zu fehlenden ( \u201emit hoher [&hellip;]<\/p>\n","protected":false},"author":2,"featured_media":0,"parent":59,"menu_order":0,"comment_status":"closed","ping_status":"closed","template":"","meta":{"inline_featured_image":false,"footnotes":""},"class_list":["post-301","page","type-page","status-publish","hentry"],"yoast_head":"<!-- This site is optimized with the Yoast SEO plugin v27.4 - https:\/\/yoast.com\/product\/yoast-seo-wordpress\/ -->\n<title>Ultraschalldiagnostik Bauchraum &#183; Praxis Hochd\u00f6rffer<\/title>\n<meta name=\"robots\" content=\"index, follow, max-snippet:-1, max-image-preview:large, max-video-preview:-1\" \/>\n<link rel=\"canonical\" href=\"https:\/\/praxis-hochdoerffer.de\/praxis\/leistungen\/ultraschalldiagnostik-bauchraum\/\" \/>\n<meta property=\"og:locale\" content=\"de_DE\" \/>\n<meta property=\"og:type\" content=\"article\" \/>\n<meta property=\"og:title\" content=\"Ultraschalldiagnostik Bauchraum &#183; Praxis Hochd\u00f6rffer\" \/>\n<meta property=\"og:description\" content=\"Die Ultraschalluntersuchung des Bauchraums dient bei beschwerdefreien Patienten einer weiterf\u00fchrenden k\u00f6rperlichen Untersuchung mit deutlich verbesserten Erkenntnisgewinn. Bei symptomatischen Patienten (z. B. Bauchschmerzen, unklare Gewichtsabnahme, Blutarmut unklarer Ursache u. v. m.) stellt sie eine aussagekr\u00e4ftige weitere Abkl\u00e4rung dar. So l\u00e4sst die Untersuchung mit einer sehr oft schon hohen Empfindlichkeit die Aussage zu fehlenden ( \u201emit hoher [&hellip;]\" \/>\n<meta property=\"og:url\" content=\"https:\/\/praxis-hochdoerffer.de\/praxis\/leistungen\/ultraschalldiagnostik-bauchraum\/\" \/>\n<meta property=\"og:site_name\" content=\"Praxis Hochd\u00f6rffer\" \/>\n<meta property=\"article:modified_time\" content=\"2022-02-17T20:54:47+00:00\" \/>\n<meta property=\"og:image\" content=\"https:\/\/praxis-hochdoerffer.de\/praxis\/wp-content\/uploads\/2021\/06\/cropped-iconh.png\" \/>\n\t<meta property=\"og:image:width\" content=\"512\" \/>\n\t<meta property=\"og:image:height\" content=\"512\" \/>\n\t<meta property=\"og:image:type\" content=\"image\/png\" \/>\n<meta name=\"twitter:card\" content=\"summary_large_image\" \/>\n<meta name=\"twitter:label1\" content=\"Gesch\u00e4tzte Lesezeit\" \/>\n\t<meta name=\"twitter:data1\" content=\"2\u00a0Minuten\" \/>\n<script type=\"application\/ld+json\" class=\"yoast-schema-graph\">{\"@context\":\"https:\\\/\\\/schema.org\",\"@graph\":[{\"@type\":\"WebPage\",\"@id\":\"https:\\\/\\\/praxis-hochdoerffer.de\\\/praxis\\\/leistungen\\\/ultraschalldiagnostik-bauchraum\\\/\",\"url\":\"https:\\\/\\\/praxis-hochdoerffer.de\\\/praxis\\\/leistungen\\\/ultraschalldiagnostik-bauchraum\\\/\",\"name\":\"Ultraschalldiagnostik Bauchraum &#183; Praxis Hochd\u00f6rffer\",\"isPartOf\":{\"@id\":\"https:\\\/\\\/praxis-hochdoerffer.de\\\/praxis\\\/#website\"},\"datePublished\":\"2021-08-01T14:21:21+00:00\",\"dateModified\":\"2022-02-17T20:54:47+00:00\",\"breadcrumb\":{\"@id\":\"https:\\\/\\\/praxis-hochdoerffer.de\\\/praxis\\\/leistungen\\\/ultraschalldiagnostik-bauchraum\\\/#breadcrumb\"},\"inLanguage\":\"de\",\"potentialAction\":[{\"@type\":\"ReadAction\",\"target\":[\"https:\\\/\\\/praxis-hochdoerffer.de\\\/praxis\\\/leistungen\\\/ultraschalldiagnostik-bauchraum\\\/\"]}]},{\"@type\":\"BreadcrumbList\",\"@id\":\"https:\\\/\\\/praxis-hochdoerffer.de\\\/praxis\\\/leistungen\\\/ultraschalldiagnostik-bauchraum\\\/#breadcrumb\",\"itemListElement\":[{\"@type\":\"ListItem\",\"position\":1,\"name\":\"Startseite\",\"item\":\"https:\\\/\\\/praxis-hochdoerffer.de\\\/praxis\\\/\"},{\"@type\":\"ListItem\",\"position\":2,\"name\":\"Leistungen\",\"item\":\"https:\\\/\\\/praxis-hochdoerffer.de\\\/praxis\\\/leistungen\\\/\"},{\"@type\":\"ListItem\",\"position\":3,\"name\":\"Ultraschalldiagnostik Bauchraum\"}]},{\"@type\":\"WebSite\",\"@id\":\"https:\\\/\\\/praxis-hochdoerffer.de\\\/praxis\\\/#website\",\"url\":\"https:\\\/\\\/praxis-hochdoerffer.de\\\/praxis\\\/\",\"name\":\"Praxis Hochd\u00f6rffer\",\"description\":\"Haus\u00e4rztlich internistische Praxis Hochd\u00f6rffer\",\"publisher\":{\"@id\":\"https:\\\/\\\/praxis-hochdoerffer.de\\\/praxis\\\/#organization\"},\"potentialAction\":[{\"@type\":\"SearchAction\",\"target\":{\"@type\":\"EntryPoint\",\"urlTemplate\":\"https:\\\/\\\/praxis-hochdoerffer.de\\\/praxis\\\/?s={search_term_string}\"},\"query-input\":{\"@type\":\"PropertyValueSpecification\",\"valueRequired\":true,\"valueName\":\"search_term_string\"}}],\"inLanguage\":\"de\"},{\"@type\":\"Organization\",\"@id\":\"https:\\\/\\\/praxis-hochdoerffer.de\\\/praxis\\\/#organization\",\"name\":\"Praxis Hochd\u00f6rffer\",\"url\":\"https:\\\/\\\/praxis-hochdoerffer.de\\\/praxis\\\/\",\"logo\":{\"@type\":\"ImageObject\",\"inLanguage\":\"de\",\"@id\":\"https:\\\/\\\/praxis-hochdoerffer.de\\\/praxis\\\/#\\\/schema\\\/logo\\\/image\\\/\",\"url\":\"https:\\\/\\\/praxis-hochdoerffer.de\\\/praxis\\\/wp-content\\\/uploads\\\/2021\\\/06\\\/cropped-iconh.png\",\"contentUrl\":\"https:\\\/\\\/praxis-hochdoerffer.de\\\/praxis\\\/wp-content\\\/uploads\\\/2021\\\/06\\\/cropped-iconh.png\",\"width\":512,\"height\":512,\"caption\":\"Praxis Hochd\u00f6rffer\"},\"image\":{\"@id\":\"https:\\\/\\\/praxis-hochdoerffer.de\\\/praxis\\\/#\\\/schema\\\/logo\\\/image\\\/\"}}]}<\/script>\n<!-- \/ Yoast SEO plugin. -->","yoast_head_json":{"title":"Ultraschalldiagnostik Bauchraum &#183; Praxis Hochd\u00f6rffer","robots":{"index":"index","follow":"follow","max-snippet":"max-snippet:-1","max-image-preview":"max-image-preview:large","max-video-preview":"max-video-preview:-1"},"canonical":"https:\/\/praxis-hochdoerffer.de\/praxis\/leistungen\/ultraschalldiagnostik-bauchraum\/","og_locale":"de_DE","og_type":"article","og_title":"Ultraschalldiagnostik Bauchraum &#183; Praxis Hochd\u00f6rffer","og_description":"Die Ultraschalluntersuchung des Bauchraums dient bei beschwerdefreien Patienten einer weiterf\u00fchrenden k\u00f6rperlichen Untersuchung mit deutlich verbesserten Erkenntnisgewinn. Bei symptomatischen Patienten (z. B. Bauchschmerzen, unklare Gewichtsabnahme, Blutarmut unklarer Ursache u. v. m.) stellt sie eine aussagekr\u00e4ftige weitere Abkl\u00e4rung dar. So l\u00e4sst die Untersuchung mit einer sehr oft schon hohen Empfindlichkeit die Aussage zu fehlenden ( \u201emit hoher [&hellip;]","og_url":"https:\/\/praxis-hochdoerffer.de\/praxis\/leistungen\/ultraschalldiagnostik-bauchraum\/","og_site_name":"Praxis Hochd\u00f6rffer","article_modified_time":"2022-02-17T20:54:47+00:00","og_image":[{"width":512,"height":512,"url":"https:\/\/praxis-hochdoerffer.de\/praxis\/wp-content\/uploads\/2021\/06\/cropped-iconh.png","type":"image\/png"}],"twitter_card":"summary_large_image","twitter_misc":{"Gesch\u00e4tzte Lesezeit":"2\u00a0Minuten"},"schema":{"@context":"https:\/\/schema.org","@graph":[{"@type":"WebPage","@id":"https:\/\/praxis-hochdoerffer.de\/praxis\/leistungen\/ultraschalldiagnostik-bauchraum\/","url":"https:\/\/praxis-hochdoerffer.de\/praxis\/leistungen\/ultraschalldiagnostik-bauchraum\/","name":"Ultraschalldiagnostik Bauchraum &#183; Praxis Hochd\u00f6rffer","isPartOf":{"@id":"https:\/\/praxis-hochdoerffer.de\/praxis\/#website"},"datePublished":"2021-08-01T14:21:21+00:00","dateModified":"2022-02-17T20:54:47+00:00","breadcrumb":{"@id":"https:\/\/praxis-hochdoerffer.de\/praxis\/leistungen\/ultraschalldiagnostik-bauchraum\/#breadcrumb"},"inLanguage":"de","potentialAction":[{"@type":"ReadAction","target":["https:\/\/praxis-hochdoerffer.de\/praxis\/leistungen\/ultraschalldiagnostik-bauchraum\/"]}]},{"@type":"BreadcrumbList","@id":"https:\/\/praxis-hochdoerffer.de\/praxis\/leistungen\/ultraschalldiagnostik-bauchraum\/#breadcrumb","itemListElement":[{"@type":"ListItem","position":1,"name":"Startseite","item":"https:\/\/praxis-hochdoerffer.de\/praxis\/"},{"@type":"ListItem","position":2,"name":"Leistungen","item":"https:\/\/praxis-hochdoerffer.de\/praxis\/leistungen\/"},{"@type":"ListItem","position":3,"name":"Ultraschalldiagnostik Bauchraum"}]},{"@type":"WebSite","@id":"https:\/\/praxis-hochdoerffer.de\/praxis\/#website","url":"https:\/\/praxis-hochdoerffer.de\/praxis\/","name":"Praxis Hochd\u00f6rffer","description":"Haus\u00e4rztlich internistische Praxis Hochd\u00f6rffer","publisher":{"@id":"https:\/\/praxis-hochdoerffer.de\/praxis\/#organization"},"potentialAction":[{"@type":"SearchAction","target":{"@type":"EntryPoint","urlTemplate":"https:\/\/praxis-hochdoerffer.de\/praxis\/?s={search_term_string}"},"query-input":{"@type":"PropertyValueSpecification","valueRequired":true,"valueName":"search_term_string"}}],"inLanguage":"de"},{"@type":"Organization","@id":"https:\/\/praxis-hochdoerffer.de\/praxis\/#organization","name":"Praxis Hochd\u00f6rffer","url":"https:\/\/praxis-hochdoerffer.de\/praxis\/","logo":{"@type":"ImageObject","inLanguage":"de","@id":"https:\/\/praxis-hochdoerffer.de\/praxis\/#\/schema\/logo\/image\/","url":"https:\/\/praxis-hochdoerffer.de\/praxis\/wp-content\/uploads\/2021\/06\/cropped-iconh.png","contentUrl":"https:\/\/praxis-hochdoerffer.de\/praxis\/wp-content\/uploads\/2021\/06\/cropped-iconh.png","width":512,"height":512,"caption":"Praxis Hochd\u00f6rffer"},"image":{"@id":"https:\/\/praxis-hochdoerffer.de\/praxis\/#\/schema\/logo\/image\/"}}]}},"_links":{"self":[{"href":"https:\/\/praxis-hochdoerffer.de\/praxis\/wp-json\/wp\/v2\/pages\/301","targetHints":{"allow":["GET"]}}],"collection":[{"href":"https:\/\/praxis-hochdoerffer.de\/praxis\/wp-json\/wp\/v2\/pages"}],"about":[{"href":"https:\/\/praxis-hochdoerffer.de\/praxis\/wp-json\/wp\/v2\/types\/page"}],"author":[{"embeddable":true,"href":"https:\/\/praxis-hochdoerffer.de\/praxis\/wp-json\/wp\/v2\/users\/2"}],"replies":[{"embeddable":true,"href":"https:\/\/praxis-hochdoerffer.de\/praxis\/wp-json\/wp\/v2\/comments?post=301"}],"version-history":[{"count":12,"href":"https:\/\/praxis-hochdoerffer.de\/praxis\/wp-json\/wp\/v2\/pages\/301\/revisions"}],"predecessor-version":[{"id":733,"href":"https:\/\/praxis-hochdoerffer.de\/praxis\/wp-json\/wp\/v2\/pages\/301\/revisions\/733"}],"up":[{"embeddable":true,"href":"https:\/\/praxis-hochdoerffer.de\/praxis\/wp-json\/wp\/v2\/pages\/59"}],"wp:attachment":[{"href":"https:\/\/praxis-hochdoerffer.de\/praxis\/wp-json\/wp\/v2\/media?parent=301"}],"curies":[{"name":"wp","href":"https:\/\/api.w.org\/{rel}","templated":true}]}}