{"id":221,"date":"2021-07-26T17:27:33","date_gmt":"2021-07-26T17:27:33","guid":{"rendered":"https:\/\/praxis-hochdoerffer.de\/praxis\/?page_id=221"},"modified":"2025-06-23T22:33:21","modified_gmt":"2025-06-23T20:33:21","slug":"dr-rico-hochdorffer","status":"publish","type":"page","link":"https:\/\/praxis-hochdoerffer.de\/praxis\/ueber-uns\/dr-rico-hochdorffer\/","title":{"rendered":"Dr. Rico Hochd\u00f6rffer"},"content":{"rendered":"<script src=\"https:\/\/assets.praxis-hochdoerffer.de\/-\/wp\/addons\/jsonAttribLoader\/spawnTable.bun.js\"><\/script><link rel=\"stylesheet\" href=\"https:\/\/assets.praxis-hochdoerffer.de\/-\/wp\/addons\/jsonAttribLoader\/spawnTable.css\">\n\n\n<div class=\"wp-block-image is-style-rounded\">\n<figure class=\"aligncenter size-full is-resized\"><img loading=\"lazy\" decoding=\"async\" width=\"308\" height=\"419\" src=\"https:\/\/praxis-hochdoerffer.de\/praxis\/wp-content\/uploads\/2021\/07\/Bild.png\" alt=\"Dr. Rico Hochd\u00f6rffer\" class=\"wp-image-203\" style=\"width:210px;height:286px\" srcset=\"https:\/\/praxis-hochdoerffer.de\/praxis\/wp-content\/uploads\/2021\/07\/Bild.png 308w, https:\/\/praxis-hochdoerffer.de\/praxis\/wp-content\/uploads\/2021\/07\/Bild-221x300.png 221w\" sizes=\"auto, (max-width: 308px) 100vw, 308px\" \/><\/figure>\n<\/div>\n\n\n<h2 class=\"wp-block-heading\" id=\"facharzt-fur-innere-medizin-und-gastroenterologie-zusatzbezeichnung-notfallmedizin\">Facharzt f\u00fcr Innere Medizin und Gastroenterologie, Zusatzbezeichnung Notfallmedizin<br>Diabetologe DDG<\/h2>\n\n\n\n<div style=\"height:100px\" aria-hidden=\"true\" class=\"wp-block-spacer\"><\/div>\n\n\n\n<h3 class=\"wp-block-heading\" id=\"qualifikationen\"> Qualifikationen<\/h3>\n\n\n\n<ul class=\"wp-block-list\">\n<li>DEGUM II Innere Medizin<\/li>\n\n\n\n<li>Gastroenterologische Onkologie (DGVS)<\/li>\n<\/ul>\n\n\n<div style=\"max-width: 120rem;\"><spawn href=\"https:\/\/praxis-hochdoerffer.de\/praxis\/wp-content\/uploads\/2024\/08\/lebenslauf.json?t=02230625\" collapsed=\"true\">\n\n\n\n<div style=\"height:100px\" aria-hidden=\"true\" class=\"wp-block-spacer\"><\/div>\n\n\n\n<p>Vorsicht, bei der PDF handelt es sich um eine veraltete Version.<\/p>\n\n\n\n<p>um die neue Version zu sehen, Aktualisieren sie ihren Browser und Pr\u00fcfen sie ihre Internetverbindung<\/p>\n\n\n<iframe src=\"https:\/\/praxis-hochdoerffer.de\/praxis\/wp-content\/plugins\/pdfv\/web\/viewer.php?pdffile=\/praxis\/wp-content\/uploads\/2021\/07\/Rico-Hochdoerffer-Lebenslauf.pdf\" style=\"width:100%; height:100vh; border-style: hidden; resize: both; max-height: 100vh; max-width: 100vw;\">Ladefehler!<\/iframe>\n\n\n<\/spawn><\/div>\n","protected":false},"excerpt":{"rendered":"<p>Facharzt f\u00fcr Innere Medizin und Gastroenterologie, Zusatzbezeichnung NotfallmedizinDiabetologe DDG Qualifikationen Vorsicht, bei der PDF handelt es sich um eine veraltete Version. um die neue Version zu sehen, Aktualisieren sie ihren Browser und Pr\u00fcfen sie ihre Internetverbindung<\/p>\n","protected":false},"author":2,"featured_media":0,"parent":8,"menu_order":0,"comment_status":"closed","ping_status":"closed","template":"","meta":{"inline_featured_image":false,"footnotes":""},"class_list":["post-221","page","type-page","status-publish","hentry"],"yoast_head":"<!-- This site is optimized with the Yoast SEO plugin v27.4 - https:\/\/yoast.com\/product\/yoast-seo-wordpress\/ -->\n<title>Dr. Rico Hochd\u00f6rffer &#183; Praxis Hochd\u00f6rffer<\/title>\n<meta name=\"robots\" content=\"index, follow, max-snippet:-1, max-image-preview:large, max-video-preview:-1\" \/>\n<link rel=\"canonical\" href=\"https:\/\/praxis-hochdoerffer.de\/praxis\/ueber-uns\/dr-rico-hochdorffer\/\" \/>\n<meta property=\"og:locale\" content=\"de_DE\" \/>\n<meta property=\"og:type\" content=\"article\" \/>\n<meta property=\"og:title\" content=\"Dr. Rico Hochd\u00f6rffer &#183; Praxis Hochd\u00f6rffer\" \/>\n<meta property=\"og:description\" content=\"Facharzt f\u00fcr Innere Medizin und Gastroenterologie, Zusatzbezeichnung NotfallmedizinDiabetologe DDG Qualifikationen Vorsicht, bei der PDF handelt es sich um eine veraltete Version. um die neue Version zu sehen, Aktualisieren sie ihren Browser und Pr\u00fcfen sie ihre Internetverbindung\" \/>\n<meta property=\"og:url\" content=\"https:\/\/praxis-hochdoerffer.de\/praxis\/ueber-uns\/dr-rico-hochdorffer\/\" \/>\n<meta property=\"og:site_name\" content=\"Praxis Hochd\u00f6rffer\" \/>\n<meta property=\"article:modified_time\" content=\"2025-06-23T20:33:21+00:00\" \/>\n<meta property=\"og:image\" content=\"https:\/\/praxis-hochdoerffer.de\/praxis\/wp-content\/uploads\/2021\/07\/Bild.png\" \/>\n\t<meta property=\"og:image:width\" content=\"308\" \/>\n\t<meta property=\"og:image:height\" content=\"419\" \/>\n\t<meta property=\"og:image:type\" content=\"image\/png\" \/>\n<meta name=\"twitter:card\" content=\"summary_large_image\" \/>\n<meta name=\"twitter:image\" content=\"https:\/\/praxis-hochdoerffer.de\/praxis\/wp-content\/uploads\/2021\/07\/Bild.png\" \/>\n<meta name=\"twitter:label1\" content=\"Gesch\u00e4tzte Lesezeit\" \/>\n\t<meta name=\"twitter:data1\" content=\"1\u00a0Minute\" \/>\n<script type=\"application\/ld+json\" class=\"yoast-schema-graph\">{\"@context\":\"https:\\\/\\\/schema.org\",\"@graph\":[{\"@type\":\"WebPage\",\"@id\":\"https:\\\/\\\/praxis-hochdoerffer.de\\\/praxis\\\/ueber-uns\\\/dr-rico-hochdorffer\\\/\",\"url\":\"https:\\\/\\\/praxis-hochdoerffer.de\\\/praxis\\\/ueber-uns\\\/dr-rico-hochdorffer\\\/\",\"name\":\"Dr. Rico Hochd\u00f6rffer &#183; Praxis Hochd\u00f6rffer\",\"isPartOf\":{\"@id\":\"https:\\\/\\\/praxis-hochdoerffer.de\\\/praxis\\\/#website\"},\"primaryImageOfPage\":{\"@id\":\"https:\\\/\\\/praxis-hochdoerffer.de\\\/praxis\\\/ueber-uns\\\/dr-rico-hochdorffer\\\/#primaryimage\"},\"image\":{\"@id\":\"https:\\\/\\\/praxis-hochdoerffer.de\\\/praxis\\\/ueber-uns\\\/dr-rico-hochdorffer\\\/#primaryimage\"},\"thumbnailUrl\":\"https:\\\/\\\/praxis-hochdoerffer.de\\\/praxis\\\/wp-content\\\/uploads\\\/2021\\\/07\\\/Bild.png\",\"datePublished\":\"2021-07-26T17:27:33+00:00\",\"dateModified\":\"2025-06-23T20:33:21+00:00\",\"breadcrumb\":{\"@id\":\"https:\\\/\\\/praxis-hochdoerffer.de\\\/praxis\\\/ueber-uns\\\/dr-rico-hochdorffer\\\/#breadcrumb\"},\"inLanguage\":\"de\",\"potentialAction\":[{\"@type\":\"ReadAction\",\"target\":[\"https:\\\/\\\/praxis-hochdoerffer.de\\\/praxis\\\/ueber-uns\\\/dr-rico-hochdorffer\\\/\"]}]},{\"@type\":\"ImageObject\",\"inLanguage\":\"de\",\"@id\":\"https:\\\/\\\/praxis-hochdoerffer.de\\\/praxis\\\/ueber-uns\\\/dr-rico-hochdorffer\\\/#primaryimage\",\"url\":\"https:\\\/\\\/praxis-hochdoerffer.de\\\/praxis\\\/wp-content\\\/uploads\\\/2021\\\/07\\\/Bild.png\",\"contentUrl\":\"https:\\\/\\\/praxis-hochdoerffer.de\\\/praxis\\\/wp-content\\\/uploads\\\/2021\\\/07\\\/Bild.png\",\"width\":308,\"height\":419,\"caption\":\"Dr. Rico Hochd\u00f6rffer\"},{\"@type\":\"BreadcrumbList\",\"@id\":\"https:\\\/\\\/praxis-hochdoerffer.de\\\/praxis\\\/ueber-uns\\\/dr-rico-hochdorffer\\\/#breadcrumb\",\"itemListElement\":[{\"@type\":\"ListItem\",\"position\":1,\"name\":\"Startseite\",\"item\":\"https:\\\/\\\/praxis-hochdoerffer.de\\\/praxis\\\/\"},{\"@type\":\"ListItem\",\"position\":2,\"name\":\"Team\",\"item\":\"https:\\\/\\\/praxis-hochdoerffer.de\\\/praxis\\\/ueber-uns\\\/\"},{\"@type\":\"ListItem\",\"position\":3,\"name\":\"Dr. Rico Hochd\u00f6rffer\"}]},{\"@type\":\"WebSite\",\"@id\":\"https:\\\/\\\/praxis-hochdoerffer.de\\\/praxis\\\/#website\",\"url\":\"https:\\\/\\\/praxis-hochdoerffer.de\\\/praxis\\\/\",\"name\":\"Praxis Hochd\u00f6rffer\",\"description\":\"Haus\u00e4rztlich internistische Praxis Hochd\u00f6rffer\",\"publisher\":{\"@id\":\"https:\\\/\\\/praxis-hochdoerffer.de\\\/praxis\\\/#organization\"},\"potentialAction\":[{\"@type\":\"SearchAction\",\"target\":{\"@type\":\"EntryPoint\",\"urlTemplate\":\"https:\\\/\\\/praxis-hochdoerffer.de\\\/praxis\\\/?s={search_term_string}\"},\"query-input\":{\"@type\":\"PropertyValueSpecification\",\"valueRequired\":true,\"valueName\":\"search_term_string\"}}],\"inLanguage\":\"de\"},{\"@type\":\"Organization\",\"@id\":\"https:\\\/\\\/praxis-hochdoerffer.de\\\/praxis\\\/#organization\",\"name\":\"Praxis Hochd\u00f6rffer\",\"url\":\"https:\\\/\\\/praxis-hochdoerffer.de\\\/praxis\\\/\",\"logo\":{\"@type\":\"ImageObject\",\"inLanguage\":\"de\",\"@id\":\"https:\\\/\\\/praxis-hochdoerffer.de\\\/praxis\\\/#\\\/schema\\\/logo\\\/image\\\/\",\"url\":\"https:\\\/\\\/praxis-hochdoerffer.de\\\/praxis\\\/wp-content\\\/uploads\\\/2021\\\/06\\\/cropped-iconh.png\",\"contentUrl\":\"https:\\\/\\\/praxis-hochdoerffer.de\\\/praxis\\\/wp-content\\\/uploads\\\/2021\\\/06\\\/cropped-iconh.png\",\"width\":512,\"height\":512,\"caption\":\"Praxis Hochd\u00f6rffer\"},\"image\":{\"@id\":\"https:\\\/\\\/praxis-hochdoerffer.de\\\/praxis\\\/#\\\/schema\\\/logo\\\/image\\\/\"}}]}<\/script>\n<!-- \/ Yoast SEO plugin. -->","yoast_head_json":{"title":"Dr. Rico Hochd\u00f6rffer &#183; Praxis Hochd\u00f6rffer","robots":{"index":"index","follow":"follow","max-snippet":"max-snippet:-1","max-image-preview":"max-image-preview:large","max-video-preview":"max-video-preview:-1"},"canonical":"https:\/\/praxis-hochdoerffer.de\/praxis\/ueber-uns\/dr-rico-hochdorffer\/","og_locale":"de_DE","og_type":"article","og_title":"Dr. Rico Hochd\u00f6rffer &#183; Praxis Hochd\u00f6rffer","og_description":"Facharzt f\u00fcr Innere Medizin und Gastroenterologie, Zusatzbezeichnung NotfallmedizinDiabetologe DDG Qualifikationen Vorsicht, bei der PDF handelt es sich um eine veraltete Version. um die neue Version zu sehen, Aktualisieren sie ihren Browser und Pr\u00fcfen sie ihre Internetverbindung","og_url":"https:\/\/praxis-hochdoerffer.de\/praxis\/ueber-uns\/dr-rico-hochdorffer\/","og_site_name":"Praxis Hochd\u00f6rffer","article_modified_time":"2025-06-23T20:33:21+00:00","og_image":[{"width":308,"height":419,"url":"https:\/\/praxis-hochdoerffer.de\/praxis\/wp-content\/uploads\/2021\/07\/Bild.png","type":"image\/png"}],"twitter_card":"summary_large_image","twitter_image":"https:\/\/praxis-hochdoerffer.de\/praxis\/wp-content\/uploads\/2021\/07\/Bild.png","twitter_misc":{"Gesch\u00e4tzte Lesezeit":"1\u00a0Minute"},"schema":{"@context":"https:\/\/schema.org","@graph":[{"@type":"WebPage","@id":"https:\/\/praxis-hochdoerffer.de\/praxis\/ueber-uns\/dr-rico-hochdorffer\/","url":"https:\/\/praxis-hochdoerffer.de\/praxis\/ueber-uns\/dr-rico-hochdorffer\/","name":"Dr. Rico Hochd\u00f6rffer &#183; Praxis Hochd\u00f6rffer","isPartOf":{"@id":"https:\/\/praxis-hochdoerffer.de\/praxis\/#website"},"primaryImageOfPage":{"@id":"https:\/\/praxis-hochdoerffer.de\/praxis\/ueber-uns\/dr-rico-hochdorffer\/#primaryimage"},"image":{"@id":"https:\/\/praxis-hochdoerffer.de\/praxis\/ueber-uns\/dr-rico-hochdorffer\/#primaryimage"},"thumbnailUrl":"https:\/\/praxis-hochdoerffer.de\/praxis\/wp-content\/uploads\/2021\/07\/Bild.png","datePublished":"2021-07-26T17:27:33+00:00","dateModified":"2025-06-23T20:33:21+00:00","breadcrumb":{"@id":"https:\/\/praxis-hochdoerffer.de\/praxis\/ueber-uns\/dr-rico-hochdorffer\/#breadcrumb"},"inLanguage":"de","potentialAction":[{"@type":"ReadAction","target":["https:\/\/praxis-hochdoerffer.de\/praxis\/ueber-uns\/dr-rico-hochdorffer\/"]}]},{"@type":"ImageObject","inLanguage":"de","@id":"https:\/\/praxis-hochdoerffer.de\/praxis\/ueber-uns\/dr-rico-hochdorffer\/#primaryimage","url":"https:\/\/praxis-hochdoerffer.de\/praxis\/wp-content\/uploads\/2021\/07\/Bild.png","contentUrl":"https:\/\/praxis-hochdoerffer.de\/praxis\/wp-content\/uploads\/2021\/07\/Bild.png","width":308,"height":419,"caption":"Dr. Rico Hochd\u00f6rffer"},{"@type":"BreadcrumbList","@id":"https:\/\/praxis-hochdoerffer.de\/praxis\/ueber-uns\/dr-rico-hochdorffer\/#breadcrumb","itemListElement":[{"@type":"ListItem","position":1,"name":"Startseite","item":"https:\/\/praxis-hochdoerffer.de\/praxis\/"},{"@type":"ListItem","position":2,"name":"Team","item":"https:\/\/praxis-hochdoerffer.de\/praxis\/ueber-uns\/"},{"@type":"ListItem","position":3,"name":"Dr. Rico Hochd\u00f6rffer"}]},{"@type":"WebSite","@id":"https:\/\/praxis-hochdoerffer.de\/praxis\/#website","url":"https:\/\/praxis-hochdoerffer.de\/praxis\/","name":"Praxis Hochd\u00f6rffer","description":"Haus\u00e4rztlich internistische Praxis Hochd\u00f6rffer","publisher":{"@id":"https:\/\/praxis-hochdoerffer.de\/praxis\/#organization"},"potentialAction":[{"@type":"SearchAction","target":{"@type":"EntryPoint","urlTemplate":"https:\/\/praxis-hochdoerffer.de\/praxis\/?s={search_term_string}"},"query-input":{"@type":"PropertyValueSpecification","valueRequired":true,"valueName":"search_term_string"}}],"inLanguage":"de"},{"@type":"Organization","@id":"https:\/\/praxis-hochdoerffer.de\/praxis\/#organization","name":"Praxis Hochd\u00f6rffer","url":"https:\/\/praxis-hochdoerffer.de\/praxis\/","logo":{"@type":"ImageObject","inLanguage":"de","@id":"https:\/\/praxis-hochdoerffer.de\/praxis\/#\/schema\/logo\/image\/","url":"https:\/\/praxis-hochdoerffer.de\/praxis\/wp-content\/uploads\/2021\/06\/cropped-iconh.png","contentUrl":"https:\/\/praxis-hochdoerffer.de\/praxis\/wp-content\/uploads\/2021\/06\/cropped-iconh.png","width":512,"height":512,"caption":"Praxis Hochd\u00f6rffer"},"image":{"@id":"https:\/\/praxis-hochdoerffer.de\/praxis\/#\/schema\/logo\/image\/"}}]}},"_links":{"self":[{"href":"https:\/\/praxis-hochdoerffer.de\/praxis\/wp-json\/wp\/v2\/pages\/221","targetHints":{"allow":["GET"]}}],"collection":[{"href":"https:\/\/praxis-hochdoerffer.de\/praxis\/wp-json\/wp\/v2\/pages"}],"about":[{"href":"https:\/\/praxis-hochdoerffer.de\/praxis\/wp-json\/wp\/v2\/types\/page"}],"author":[{"embeddable":true,"href":"https:\/\/praxis-hochdoerffer.de\/praxis\/wp-json\/wp\/v2\/users\/2"}],"replies":[{"embeddable":true,"href":"https:\/\/praxis-hochdoerffer.de\/praxis\/wp-json\/wp\/v2\/comments?post=221"}],"version-history":[{"count":23,"href":"https:\/\/praxis-hochdoerffer.de\/praxis\/wp-json\/wp\/v2\/pages\/221\/revisions"}],"predecessor-version":[{"id":1107,"href":"https:\/\/praxis-hochdoerffer.de\/praxis\/wp-json\/wp\/v2\/pages\/221\/revisions\/1107"}],"up":[{"embeddable":true,"href":"https:\/\/praxis-hochdoerffer.de\/praxis\/wp-json\/wp\/v2\/pages\/8"}],"wp:attachment":[{"href":"https:\/\/praxis-hochdoerffer.de\/praxis\/wp-json\/wp\/v2\/media?parent=221"}],"curies":[{"name":"wp","href":"https:\/\/api.w.org\/{rel}","templated":true}]}}