{"id":189,"date":"2021-07-21T13:50:31","date_gmt":"2021-07-21T13:50:31","guid":{"rendered":"https:\/\/praxis-hochdoerffer.de\/praxis\/cookie-richtlinie-eu\/"},"modified":"2021-07-26T17:44:43","modified_gmt":"2021-07-26T17:44:43","slug":"cookie-richtlinie-eu","status":"publish","type":"page","link":"https:\/\/praxis-hochdoerffer.de\/praxis\/privacy-policy\/cookie-richtlinie-eu\/","title":{"rendered":"Cookie-Richtlinie (EU)"},"content":{"rendered":"","protected":false},"excerpt":{"rendered":"","protected":false},"author":1,"featured_media":0,"parent":3,"menu_order":0,"comment_status":"closed","ping_status":"closed","template":"","meta":{"inline_featured_image":false,"footnotes":""},"class_list":["post-189","page","type-page","status-publish","hentry"],"yoast_head":"<!-- This site is optimized with the Yoast SEO plugin v27.3 - https:\/\/yoast.com\/product\/yoast-seo-wordpress\/ -->\n<title>Cookie-Richtlinie (EU) &#183; Praxis Hochd\u00f6rffer<\/title>\n<meta name=\"robots\" content=\"index, follow, max-snippet:-1, max-image-preview:large, max-video-preview:-1\" \/>\n<link rel=\"canonical\" href=\"https:\/\/praxis-hochdoerffer.de\/praxis\/privacy-policy\/cookie-richtlinie-eu\/\" \/>\n<meta property=\"og:locale\" content=\"de_DE\" \/>\n<meta property=\"og:type\" content=\"article\" \/>\n<meta property=\"og:title\" content=\"Cookie-Richtlinie (EU) &#183; Praxis Hochd\u00f6rffer\" \/>\n<meta property=\"og:url\" content=\"https:\/\/praxis-hochdoerffer.de\/praxis\/privacy-policy\/cookie-richtlinie-eu\/\" \/>\n<meta property=\"og:site_name\" content=\"Praxis Hochd\u00f6rffer\" \/>\n<meta property=\"article:modified_time\" content=\"2021-07-26T17:44:43+00:00\" \/>\n<meta property=\"og:image\" content=\"https:\/\/praxis-hochdoerffer.de\/praxis\/wp-content\/uploads\/2021\/06\/cropped-iconh.png\" \/>\n\t<meta property=\"og:image:width\" content=\"512\" \/>\n\t<meta property=\"og:image:height\" content=\"512\" \/>\n\t<meta property=\"og:image:type\" content=\"image\/png\" \/>\n<meta name=\"twitter:card\" content=\"summary_large_image\" \/>\n<script type=\"application\/ld+json\" class=\"yoast-schema-graph\">{\"@context\":\"https:\\\/\\\/schema.org\",\"@graph\":[{\"@type\":\"WebPage\",\"@id\":\"https:\\\/\\\/praxis-hochdoerffer.de\\\/praxis\\\/privacy-policy\\\/cookie-richtlinie-eu\\\/\",\"url\":\"https:\\\/\\\/praxis-hochdoerffer.de\\\/praxis\\\/privacy-policy\\\/cookie-richtlinie-eu\\\/\",\"name\":\"Cookie-Richtlinie (EU) &#183; Praxis Hochd\u00f6rffer\",\"isPartOf\":{\"@id\":\"https:\\\/\\\/praxis-hochdoerffer.de\\\/praxis\\\/#website\"},\"datePublished\":\"2021-07-21T13:50:31+00:00\",\"dateModified\":\"2021-07-26T17:44:43+00:00\",\"breadcrumb\":{\"@id\":\"https:\\\/\\\/praxis-hochdoerffer.de\\\/praxis\\\/privacy-policy\\\/cookie-richtlinie-eu\\\/#breadcrumb\"},\"inLanguage\":\"de\",\"potentialAction\":[{\"@type\":\"ReadAction\",\"target\":[\"https:\\\/\\\/praxis-hochdoerffer.de\\\/praxis\\\/privacy-policy\\\/cookie-richtlinie-eu\\\/\"]}]},{\"@type\":\"BreadcrumbList\",\"@id\":\"https:\\\/\\\/praxis-hochdoerffer.de\\\/praxis\\\/privacy-policy\\\/cookie-richtlinie-eu\\\/#breadcrumb\",\"itemListElement\":[{\"@type\":\"ListItem\",\"position\":1,\"name\":\"Startseite\",\"item\":\"https:\\\/\\\/praxis-hochdoerffer.de\\\/praxis\\\/\"},{\"@type\":\"ListItem\",\"position\":2,\"name\":\"Datenschutzerkl\u00e4rung\",\"item\":\"https:\\\/\\\/praxis-hochdoerffer.de\\\/praxis\\\/privacy-policy\\\/\"},{\"@type\":\"ListItem\",\"position\":3,\"name\":\"Cookie-Richtlinie (EU)\"}]},{\"@type\":\"WebSite\",\"@id\":\"https:\\\/\\\/praxis-hochdoerffer.de\\\/praxis\\\/#website\",\"url\":\"https:\\\/\\\/praxis-hochdoerffer.de\\\/praxis\\\/\",\"name\":\"Praxis Hochd\u00f6rffer\",\"description\":\"Haus\u00e4rztlich internistische Praxis Hochd\u00f6rffer\",\"publisher\":{\"@id\":\"https:\\\/\\\/praxis-hochdoerffer.de\\\/praxis\\\/#organization\"},\"potentialAction\":[{\"@type\":\"SearchAction\",\"target\":{\"@type\":\"EntryPoint\",\"urlTemplate\":\"https:\\\/\\\/praxis-hochdoerffer.de\\\/praxis\\\/?s={search_term_string}\"},\"query-input\":{\"@type\":\"PropertyValueSpecification\",\"valueRequired\":true,\"valueName\":\"search_term_string\"}}],\"inLanguage\":\"de\"},{\"@type\":\"Organization\",\"@id\":\"https:\\\/\\\/praxis-hochdoerffer.de\\\/praxis\\\/#organization\",\"name\":\"Praxis Hochd\u00f6rffer\",\"url\":\"https:\\\/\\\/praxis-hochdoerffer.de\\\/praxis\\\/\",\"logo\":{\"@type\":\"ImageObject\",\"inLanguage\":\"de\",\"@id\":\"https:\\\/\\\/praxis-hochdoerffer.de\\\/praxis\\\/#\\\/schema\\\/logo\\\/image\\\/\",\"url\":\"https:\\\/\\\/praxis-hochdoerffer.de\\\/praxis\\\/wp-content\\\/uploads\\\/2021\\\/06\\\/cropped-iconh.png\",\"contentUrl\":\"https:\\\/\\\/praxis-hochdoerffer.de\\\/praxis\\\/wp-content\\\/uploads\\\/2021\\\/06\\\/cropped-iconh.png\",\"width\":512,\"height\":512,\"caption\":\"Praxis Hochd\u00f6rffer\"},\"image\":{\"@id\":\"https:\\\/\\\/praxis-hochdoerffer.de\\\/praxis\\\/#\\\/schema\\\/logo\\\/image\\\/\"}}]}<\/script>\n<!-- \/ Yoast SEO plugin. -->","yoast_head_json":{"title":"Cookie-Richtlinie (EU) &#183; Praxis Hochd\u00f6rffer","robots":{"index":"index","follow":"follow","max-snippet":"max-snippet:-1","max-image-preview":"max-image-preview:large","max-video-preview":"max-video-preview:-1"},"canonical":"https:\/\/praxis-hochdoerffer.de\/praxis\/privacy-policy\/cookie-richtlinie-eu\/","og_locale":"de_DE","og_type":"article","og_title":"Cookie-Richtlinie (EU) &#183; Praxis Hochd\u00f6rffer","og_url":"https:\/\/praxis-hochdoerffer.de\/praxis\/privacy-policy\/cookie-richtlinie-eu\/","og_site_name":"Praxis Hochd\u00f6rffer","article_modified_time":"2021-07-26T17:44:43+00:00","og_image":[{"width":512,"height":512,"url":"https:\/\/praxis-hochdoerffer.de\/praxis\/wp-content\/uploads\/2021\/06\/cropped-iconh.png","type":"image\/png"}],"twitter_card":"summary_large_image","schema":{"@context":"https:\/\/schema.org","@graph":[{"@type":"WebPage","@id":"https:\/\/praxis-hochdoerffer.de\/praxis\/privacy-policy\/cookie-richtlinie-eu\/","url":"https:\/\/praxis-hochdoerffer.de\/praxis\/privacy-policy\/cookie-richtlinie-eu\/","name":"Cookie-Richtlinie (EU) &#183; Praxis Hochd\u00f6rffer","isPartOf":{"@id":"https:\/\/praxis-hochdoerffer.de\/praxis\/#website"},"datePublished":"2021-07-21T13:50:31+00:00","dateModified":"2021-07-26T17:44:43+00:00","breadcrumb":{"@id":"https:\/\/praxis-hochdoerffer.de\/praxis\/privacy-policy\/cookie-richtlinie-eu\/#breadcrumb"},"inLanguage":"de","potentialAction":[{"@type":"ReadAction","target":["https:\/\/praxis-hochdoerffer.de\/praxis\/privacy-policy\/cookie-richtlinie-eu\/"]}]},{"@type":"BreadcrumbList","@id":"https:\/\/praxis-hochdoerffer.de\/praxis\/privacy-policy\/cookie-richtlinie-eu\/#breadcrumb","itemListElement":[{"@type":"ListItem","position":1,"name":"Startseite","item":"https:\/\/praxis-hochdoerffer.de\/praxis\/"},{"@type":"ListItem","position":2,"name":"Datenschutzerkl\u00e4rung","item":"https:\/\/praxis-hochdoerffer.de\/praxis\/privacy-policy\/"},{"@type":"ListItem","position":3,"name":"Cookie-Richtlinie (EU)"}]},{"@type":"WebSite","@id":"https:\/\/praxis-hochdoerffer.de\/praxis\/#website","url":"https:\/\/praxis-hochdoerffer.de\/praxis\/","name":"Praxis Hochd\u00f6rffer","description":"Haus\u00e4rztlich internistische Praxis Hochd\u00f6rffer","publisher":{"@id":"https:\/\/praxis-hochdoerffer.de\/praxis\/#organization"},"potentialAction":[{"@type":"SearchAction","target":{"@type":"EntryPoint","urlTemplate":"https:\/\/praxis-hochdoerffer.de\/praxis\/?s={search_term_string}"},"query-input":{"@type":"PropertyValueSpecification","valueRequired":true,"valueName":"search_term_string"}}],"inLanguage":"de"},{"@type":"Organization","@id":"https:\/\/praxis-hochdoerffer.de\/praxis\/#organization","name":"Praxis Hochd\u00f6rffer","url":"https:\/\/praxis-hochdoerffer.de\/praxis\/","logo":{"@type":"ImageObject","inLanguage":"de","@id":"https:\/\/praxis-hochdoerffer.de\/praxis\/#\/schema\/logo\/image\/","url":"https:\/\/praxis-hochdoerffer.de\/praxis\/wp-content\/uploads\/2021\/06\/cropped-iconh.png","contentUrl":"https:\/\/praxis-hochdoerffer.de\/praxis\/wp-content\/uploads\/2021\/06\/cropped-iconh.png","width":512,"height":512,"caption":"Praxis Hochd\u00f6rffer"},"image":{"@id":"https:\/\/praxis-hochdoerffer.de\/praxis\/#\/schema\/logo\/image\/"}}]}},"_links":{"self":[{"href":"https:\/\/praxis-hochdoerffer.de\/praxis\/wp-json\/wp\/v2\/pages\/189","targetHints":{"allow":["GET"]}}],"collection":[{"href":"https:\/\/praxis-hochdoerffer.de\/praxis\/wp-json\/wp\/v2\/pages"}],"about":[{"href":"https:\/\/praxis-hochdoerffer.de\/praxis\/wp-json\/wp\/v2\/types\/page"}],"author":[{"embeddable":true,"href":"https:\/\/praxis-hochdoerffer.de\/praxis\/wp-json\/wp\/v2\/users\/1"}],"replies":[{"embeddable":true,"href":"https:\/\/praxis-hochdoerffer.de\/praxis\/wp-json\/wp\/v2\/comments?post=189"}],"version-history":[{"count":1,"href":"https:\/\/praxis-hochdoerffer.de\/praxis\/wp-json\/wp\/v2\/pages\/189\/revisions"}],"predecessor-version":[{"id":231,"href":"https:\/\/praxis-hochdoerffer.de\/praxis\/wp-json\/wp\/v2\/pages\/189\/revisions\/231"}],"up":[{"embeddable":true,"href":"https:\/\/praxis-hochdoerffer.de\/praxis\/wp-json\/wp\/v2\/pages\/3"}],"wp:attachment":[{"href":"https:\/\/praxis-hochdoerffer.de\/praxis\/wp-json\/wp\/v2\/media?parent=189"}],"curies":[{"name":"wp","href":"https:\/\/api.w.org\/{rel}","templated":true}]}}