{"id":1015,"date":"2024-02-10T19:39:09","date_gmt":"2024-02-10T18:39:09","guid":{"rendered":"https:\/\/praxis-hochdoerffer.de\/praxis\/?page_id=1015"},"modified":"2024-02-10T19:39:10","modified_gmt":"2024-02-10T18:39:10","slug":"echokardiograhpie","status":"publish","type":"page","link":"https:\/\/praxis-hochdoerffer.de\/praxis\/leistungen\/echokardiograhpie\/","title":{"rendered":"Echokardiographie\/Ultraschall des Herzens"},"content":{"rendered":"\n<p><\/p>\n\n\n\n<p class=\"has-text-align-center\">Die Echokardiographie ist eine Ultraschalluntersuchung des Herzens.<\/p>\n\n\n\n<p class=\"has-text-align-center\">Dabei k\u00f6nnen Gr\u00f6\u00dfe, Form und Bewegung des Herzens beurteilt werden.&nbsp; Dargestellt werden dabei neben den Herzkammern die Herzklappen sowie unter Anwendung der Duplexsonographie die Blutfl\u00fcsse.<\/p>\n\n\n\n<p class=\"has-text-align-center\">Das Herz wird hierbei in verschiedenen Ebenen mit einem Schallkopf untersucht.<\/p>\n\n\n\n<p class=\"has-text-align-center\">Pathologische Ver\u00e4nderungen von Gr\u00f6\u00dfe, Form und Bewegung k\u00f6nnen auf eine Rechtsherzbelastung bsp. im Rahmen einer stattgehabten Lungenarterienembolie, auf eine gest\u00f6rte Beweglichkeit einer Wand bei stattgehabter Durchblutungsst\u00f6rung des Herzens (Herzinfarkt) oder auch auf Klappenfehler zur\u00fcckgef\u00fchrt werden.<\/p>\n\n\n\n<p class=\"has-text-align-center\">Sollten sich w\u00e4hrend der bei uns durchgef\u00fchrten Untersuchung entsprechende Auff\u00e4lligkeiten ergeben, ergibt sich hierdurch die Notwendigkeit einer Kontrolle des Befundes oder auch weiterer therapeutischer Ma\u00dfnahmen. Hierbei stehen wir in engem Kontakt mit unseren kardiologischen Partnern.<\/p>\n","protected":false},"excerpt":{"rendered":"<p>Die Echokardiographie ist eine Ultraschalluntersuchung des Herzens. Dabei k\u00f6nnen Gr\u00f6\u00dfe, Form und Bewegung des Herzens beurteilt werden.&nbsp; Dargestellt werden dabei neben den Herzkammern die Herzklappen sowie unter Anwendung der Duplexsonographie die Blutfl\u00fcsse. Das Herz wird hierbei in verschiedenen Ebenen mit einem Schallkopf untersucht. Pathologische Ver\u00e4nderungen von Gr\u00f6\u00dfe, Form und Bewegung k\u00f6nnen auf eine Rechtsherzbelastung bsp. [&hellip;]<\/p>\n","protected":false},"author":2,"featured_media":0,"parent":59,"menu_order":0,"comment_status":"closed","ping_status":"closed","template":"","meta":{"inline_featured_image":false,"footnotes":""},"class_list":["post-1015","page","type-page","status-publish","hentry"],"yoast_head":"<!-- This site is optimized with the Yoast SEO plugin v27.4 - https:\/\/yoast.com\/product\/yoast-seo-wordpress\/ -->\n<title>Echokardiographie\/Ultraschall des Herzens &#183; Praxis Hochd\u00f6rffer<\/title>\n<meta name=\"robots\" content=\"index, follow, max-snippet:-1, max-image-preview:large, max-video-preview:-1\" \/>\n<link rel=\"canonical\" href=\"https:\/\/praxis-hochdoerffer.de\/praxis\/leistungen\/echokardiograhpie\/\" \/>\n<meta property=\"og:locale\" content=\"de_DE\" \/>\n<meta property=\"og:type\" content=\"article\" \/>\n<meta property=\"og:title\" content=\"Echokardiographie\/Ultraschall des Herzens &#183; Praxis Hochd\u00f6rffer\" \/>\n<meta property=\"og:description\" content=\"Die Echokardiographie ist eine Ultraschalluntersuchung des Herzens. Dabei k\u00f6nnen Gr\u00f6\u00dfe, Form und Bewegung des Herzens beurteilt werden.&nbsp; Dargestellt werden dabei neben den Herzkammern die Herzklappen sowie unter Anwendung der Duplexsonographie die Blutfl\u00fcsse. Das Herz wird hierbei in verschiedenen Ebenen mit einem Schallkopf untersucht. Pathologische Ver\u00e4nderungen von Gr\u00f6\u00dfe, Form und Bewegung k\u00f6nnen auf eine Rechtsherzbelastung bsp. [&hellip;]\" \/>\n<meta property=\"og:url\" content=\"https:\/\/praxis-hochdoerffer.de\/praxis\/leistungen\/echokardiograhpie\/\" \/>\n<meta property=\"og:site_name\" content=\"Praxis Hochd\u00f6rffer\" \/>\n<meta property=\"article:modified_time\" content=\"2024-02-10T18:39:10+00:00\" \/>\n<meta property=\"og:image\" content=\"https:\/\/praxis-hochdoerffer.de\/praxis\/wp-content\/uploads\/2021\/06\/cropped-iconh.png\" \/>\n\t<meta property=\"og:image:width\" content=\"512\" \/>\n\t<meta property=\"og:image:height\" content=\"512\" \/>\n\t<meta property=\"og:image:type\" content=\"image\/png\" \/>\n<meta name=\"twitter:card\" content=\"summary_large_image\" \/>\n<meta name=\"twitter:label1\" content=\"Gesch\u00e4tzte Lesezeit\" \/>\n\t<meta name=\"twitter:data1\" content=\"1\u00a0Minute\" \/>\n<script type=\"application\/ld+json\" class=\"yoast-schema-graph\">{\"@context\":\"https:\\\/\\\/schema.org\",\"@graph\":[{\"@type\":\"WebPage\",\"@id\":\"https:\\\/\\\/praxis-hochdoerffer.de\\\/praxis\\\/leistungen\\\/echokardiograhpie\\\/\",\"url\":\"https:\\\/\\\/praxis-hochdoerffer.de\\\/praxis\\\/leistungen\\\/echokardiograhpie\\\/\",\"name\":\"Echokardiographie\\\/Ultraschall des Herzens &#183; Praxis Hochd\u00f6rffer\",\"isPartOf\":{\"@id\":\"https:\\\/\\\/praxis-hochdoerffer.de\\\/praxis\\\/#website\"},\"datePublished\":\"2024-02-10T18:39:09+00:00\",\"dateModified\":\"2024-02-10T18:39:10+00:00\",\"breadcrumb\":{\"@id\":\"https:\\\/\\\/praxis-hochdoerffer.de\\\/praxis\\\/leistungen\\\/echokardiograhpie\\\/#breadcrumb\"},\"inLanguage\":\"de\",\"potentialAction\":[{\"@type\":\"ReadAction\",\"target\":[\"https:\\\/\\\/praxis-hochdoerffer.de\\\/praxis\\\/leistungen\\\/echokardiograhpie\\\/\"]}]},{\"@type\":\"BreadcrumbList\",\"@id\":\"https:\\\/\\\/praxis-hochdoerffer.de\\\/praxis\\\/leistungen\\\/echokardiograhpie\\\/#breadcrumb\",\"itemListElement\":[{\"@type\":\"ListItem\",\"position\":1,\"name\":\"Startseite\",\"item\":\"https:\\\/\\\/praxis-hochdoerffer.de\\\/praxis\\\/\"},{\"@type\":\"ListItem\",\"position\":2,\"name\":\"Leistungen\",\"item\":\"https:\\\/\\\/praxis-hochdoerffer.de\\\/praxis\\\/leistungen\\\/\"},{\"@type\":\"ListItem\",\"position\":3,\"name\":\"Echokardiographie\\\/Ultraschall des Herzens\"}]},{\"@type\":\"WebSite\",\"@id\":\"https:\\\/\\\/praxis-hochdoerffer.de\\\/praxis\\\/#website\",\"url\":\"https:\\\/\\\/praxis-hochdoerffer.de\\\/praxis\\\/\",\"name\":\"Praxis Hochd\u00f6rffer\",\"description\":\"Haus\u00e4rztlich internistische Praxis Hochd\u00f6rffer\",\"publisher\":{\"@id\":\"https:\\\/\\\/praxis-hochdoerffer.de\\\/praxis\\\/#organization\"},\"potentialAction\":[{\"@type\":\"SearchAction\",\"target\":{\"@type\":\"EntryPoint\",\"urlTemplate\":\"https:\\\/\\\/praxis-hochdoerffer.de\\\/praxis\\\/?s={search_term_string}\"},\"query-input\":{\"@type\":\"PropertyValueSpecification\",\"valueRequired\":true,\"valueName\":\"search_term_string\"}}],\"inLanguage\":\"de\"},{\"@type\":\"Organization\",\"@id\":\"https:\\\/\\\/praxis-hochdoerffer.de\\\/praxis\\\/#organization\",\"name\":\"Praxis Hochd\u00f6rffer\",\"url\":\"https:\\\/\\\/praxis-hochdoerffer.de\\\/praxis\\\/\",\"logo\":{\"@type\":\"ImageObject\",\"inLanguage\":\"de\",\"@id\":\"https:\\\/\\\/praxis-hochdoerffer.de\\\/praxis\\\/#\\\/schema\\\/logo\\\/image\\\/\",\"url\":\"https:\\\/\\\/praxis-hochdoerffer.de\\\/praxis\\\/wp-content\\\/uploads\\\/2021\\\/06\\\/cropped-iconh.png\",\"contentUrl\":\"https:\\\/\\\/praxis-hochdoerffer.de\\\/praxis\\\/wp-content\\\/uploads\\\/2021\\\/06\\\/cropped-iconh.png\",\"width\":512,\"height\":512,\"caption\":\"Praxis Hochd\u00f6rffer\"},\"image\":{\"@id\":\"https:\\\/\\\/praxis-hochdoerffer.de\\\/praxis\\\/#\\\/schema\\\/logo\\\/image\\\/\"}}]}<\/script>\n<!-- \/ Yoast SEO plugin. -->","yoast_head_json":{"title":"Echokardiographie\/Ultraschall des Herzens &#183; Praxis Hochd\u00f6rffer","robots":{"index":"index","follow":"follow","max-snippet":"max-snippet:-1","max-image-preview":"max-image-preview:large","max-video-preview":"max-video-preview:-1"},"canonical":"https:\/\/praxis-hochdoerffer.de\/praxis\/leistungen\/echokardiograhpie\/","og_locale":"de_DE","og_type":"article","og_title":"Echokardiographie\/Ultraschall des Herzens &#183; Praxis Hochd\u00f6rffer","og_description":"Die Echokardiographie ist eine Ultraschalluntersuchung des Herzens. Dabei k\u00f6nnen Gr\u00f6\u00dfe, Form und Bewegung des Herzens beurteilt werden.&nbsp; Dargestellt werden dabei neben den Herzkammern die Herzklappen sowie unter Anwendung der Duplexsonographie die Blutfl\u00fcsse. Das Herz wird hierbei in verschiedenen Ebenen mit einem Schallkopf untersucht. Pathologische Ver\u00e4nderungen von Gr\u00f6\u00dfe, Form und Bewegung k\u00f6nnen auf eine Rechtsherzbelastung bsp. [&hellip;]","og_url":"https:\/\/praxis-hochdoerffer.de\/praxis\/leistungen\/echokardiograhpie\/","og_site_name":"Praxis Hochd\u00f6rffer","article_modified_time":"2024-02-10T18:39:10+00:00","og_image":[{"width":512,"height":512,"url":"https:\/\/praxis-hochdoerffer.de\/praxis\/wp-content\/uploads\/2021\/06\/cropped-iconh.png","type":"image\/png"}],"twitter_card":"summary_large_image","twitter_misc":{"Gesch\u00e4tzte Lesezeit":"1\u00a0Minute"},"schema":{"@context":"https:\/\/schema.org","@graph":[{"@type":"WebPage","@id":"https:\/\/praxis-hochdoerffer.de\/praxis\/leistungen\/echokardiograhpie\/","url":"https:\/\/praxis-hochdoerffer.de\/praxis\/leistungen\/echokardiograhpie\/","name":"Echokardiographie\/Ultraschall des Herzens &#183; Praxis Hochd\u00f6rffer","isPartOf":{"@id":"https:\/\/praxis-hochdoerffer.de\/praxis\/#website"},"datePublished":"2024-02-10T18:39:09+00:00","dateModified":"2024-02-10T18:39:10+00:00","breadcrumb":{"@id":"https:\/\/praxis-hochdoerffer.de\/praxis\/leistungen\/echokardiograhpie\/#breadcrumb"},"inLanguage":"de","potentialAction":[{"@type":"ReadAction","target":["https:\/\/praxis-hochdoerffer.de\/praxis\/leistungen\/echokardiograhpie\/"]}]},{"@type":"BreadcrumbList","@id":"https:\/\/praxis-hochdoerffer.de\/praxis\/leistungen\/echokardiograhpie\/#breadcrumb","itemListElement":[{"@type":"ListItem","position":1,"name":"Startseite","item":"https:\/\/praxis-hochdoerffer.de\/praxis\/"},{"@type":"ListItem","position":2,"name":"Leistungen","item":"https:\/\/praxis-hochdoerffer.de\/praxis\/leistungen\/"},{"@type":"ListItem","position":3,"name":"Echokardiographie\/Ultraschall des Herzens"}]},{"@type":"WebSite","@id":"https:\/\/praxis-hochdoerffer.de\/praxis\/#website","url":"https:\/\/praxis-hochdoerffer.de\/praxis\/","name":"Praxis Hochd\u00f6rffer","description":"Haus\u00e4rztlich internistische Praxis Hochd\u00f6rffer","publisher":{"@id":"https:\/\/praxis-hochdoerffer.de\/praxis\/#organization"},"potentialAction":[{"@type":"SearchAction","target":{"@type":"EntryPoint","urlTemplate":"https:\/\/praxis-hochdoerffer.de\/praxis\/?s={search_term_string}"},"query-input":{"@type":"PropertyValueSpecification","valueRequired":true,"valueName":"search_term_string"}}],"inLanguage":"de"},{"@type":"Organization","@id":"https:\/\/praxis-hochdoerffer.de\/praxis\/#organization","name":"Praxis Hochd\u00f6rffer","url":"https:\/\/praxis-hochdoerffer.de\/praxis\/","logo":{"@type":"ImageObject","inLanguage":"de","@id":"https:\/\/praxis-hochdoerffer.de\/praxis\/#\/schema\/logo\/image\/","url":"https:\/\/praxis-hochdoerffer.de\/praxis\/wp-content\/uploads\/2021\/06\/cropped-iconh.png","contentUrl":"https:\/\/praxis-hochdoerffer.de\/praxis\/wp-content\/uploads\/2021\/06\/cropped-iconh.png","width":512,"height":512,"caption":"Praxis Hochd\u00f6rffer"},"image":{"@id":"https:\/\/praxis-hochdoerffer.de\/praxis\/#\/schema\/logo\/image\/"}}]}},"_links":{"self":[{"href":"https:\/\/praxis-hochdoerffer.de\/praxis\/wp-json\/wp\/v2\/pages\/1015","targetHints":{"allow":["GET"]}}],"collection":[{"href":"https:\/\/praxis-hochdoerffer.de\/praxis\/wp-json\/wp\/v2\/pages"}],"about":[{"href":"https:\/\/praxis-hochdoerffer.de\/praxis\/wp-json\/wp\/v2\/types\/page"}],"author":[{"embeddable":true,"href":"https:\/\/praxis-hochdoerffer.de\/praxis\/wp-json\/wp\/v2\/users\/2"}],"replies":[{"embeddable":true,"href":"https:\/\/praxis-hochdoerffer.de\/praxis\/wp-json\/wp\/v2\/comments?post=1015"}],"version-history":[{"count":1,"href":"https:\/\/praxis-hochdoerffer.de\/praxis\/wp-json\/wp\/v2\/pages\/1015\/revisions"}],"predecessor-version":[{"id":1016,"href":"https:\/\/praxis-hochdoerffer.de\/praxis\/wp-json\/wp\/v2\/pages\/1015\/revisions\/1016"}],"up":[{"embeddable":true,"href":"https:\/\/praxis-hochdoerffer.de\/praxis\/wp-json\/wp\/v2\/pages\/59"}],"wp:attachment":[{"href":"https:\/\/praxis-hochdoerffer.de\/praxis\/wp-json\/wp\/v2\/media?parent=1015"}],"curies":[{"name":"wp","href":"https:\/\/api.w.org\/{rel}","templated":true}]}}